{"id":3270,"date":"2024-07-10T15:03:31","date_gmt":"2024-07-10T15:03:31","guid":{"rendered":"https:\/\/sitetemp.inforabreu.pt\/dmtavira\/?page_id=3270"},"modified":"2024-10-30T12:26:23","modified_gmt":"2024-10-30T12:26:23","slug":"avaliacao-externa","status":"publish","type":"page","link":"http:\/\/sitetemp.inforabreu.pt\/dmtavira\/alunos\/avaliacao-externa\/","title":{"rendered":"Avalia\u00e7\u00e3o Externa"},"content":{"rendered":"\t\t<div data-elementor-type=\"wp-page\" data-elementor-id=\"3270\" class=\"elementor elementor-3270\">\n\t\t\t\t\t\t<section class=\"elementor-section elementor-top-section elementor-element elementor-element-f82b4fe elementor-section-boxed elementor-section-height-default elementor-section-height-default\" data-id=\"f82b4fe\" data-element_type=\"section\">\n\t\t\t\t\t\t<div class=\"elementor-container elementor-column-gap-default\">\n\t\t\t\t\t<div class=\"elementor-column elementor-col-100 elementor-top-column elementor-element elementor-element-1918da1\" data-id=\"1918da1\" data-element_type=\"column\">\n\t\t\t<div class=\"elementor-widget-wrap elementor-element-populated\">\n\t\t\t\t\t\t<div class=\"elementor-element elementor-element-c1a3d19 elementor-widget elementor-widget-heading\" data-id=\"c1a3d19\" data-element_type=\"widget\" data-widget_type=\"heading.default\">\n\t\t\t\t<div class=\"elementor-widget-container\">\n\t\t\t<style>\/*! elementor - v3.21.0 - 30-04-2024 *\/\n.elementor-heading-title{padding:0;margin:0;line-height:1}.elementor-widget-heading .elementor-heading-title[class*=elementor-size-]>a{color:inherit;font-size:inherit;line-height:inherit}.elementor-widget-heading .elementor-heading-title.elementor-size-small{font-size:15px}.elementor-widget-heading .elementor-heading-title.elementor-size-medium{font-size:19px}.elementor-widget-heading .elementor-heading-title.elementor-size-large{font-size:29px}.elementor-widget-heading .elementor-heading-title.elementor-size-xl{font-size:39px}.elementor-widget-heading .elementor-heading-title.elementor-size-xxl{font-size:59px}<\/style><h3 class=\"elementor-heading-title elementor-size-default\">Avalia\u00e7\u00e3o Externa<\/h3>\t\t<\/div>\n\t\t\t\t<\/div>\n\t\t\t\t\t<\/div>\n\t\t<\/div>\n\t\t\t\t\t<\/div>\n\t\t<\/section>\n\t\t\t\t<section class=\"elementor-section elementor-top-section elementor-element elementor-element-5e7ce56 elementor-section-boxed elementor-section-height-default elementor-section-height-default\" data-id=\"5e7ce56\" data-element_type=\"section\">\n\t\t\t\t\t\t<div class=\"elementor-container elementor-column-gap-default\">\n\t\t\t\t\t<div class=\"elementor-column elementor-col-100 elementor-top-column elementor-element elementor-element-c97d262\" data-id=\"c97d262\" data-element_type=\"column\">\n\t\t\t<div class=\"elementor-widget-wrap elementor-element-populated\">\n\t\t\t\t\t\t<div class=\"elementor-element elementor-element-015ac53 elementor-widget elementor-widget-text-editor\" data-id=\"015ac53\" data-element_type=\"widget\" data-widget_type=\"text-editor.default\">\n\t\t\t\t<div class=\"elementor-widget-container\">\n\t\t\t<style>\/*! elementor - v3.21.0 - 30-04-2024 *\/\n.elementor-widget-text-editor.elementor-drop-cap-view-stacked .elementor-drop-cap{background-color:#69727d;color:#fff}.elementor-widget-text-editor.elementor-drop-cap-view-framed .elementor-drop-cap{color:#69727d;border:3px solid;background-color:transparent}.elementor-widget-text-editor:not(.elementor-drop-cap-view-default) .elementor-drop-cap{margin-top:8px}.elementor-widget-text-editor:not(.elementor-drop-cap-view-default) .elementor-drop-cap-letter{width:1em;height:1em}.elementor-widget-text-editor .elementor-drop-cap{float:left;text-align:center;line-height:1;font-size:50px}.elementor-widget-text-editor .elementor-drop-cap-letter{display:inline-block}<\/style>\t\t\t\t<p><span style=\"font-weight: 400;\">A Avalia\u00e7\u00e3o Externa das Escolas constitui-se como um documento para a implementa\u00e7\u00e3o de processos de melhoria e uma oportunidade para toda a comunidade se apropriar da realidade da Escola.<\/span><\/p>\t\t\t\t\t\t<\/div>\n\t\t\t\t<\/div>\n\t\t\t\t\t<\/div>\n\t\t<\/div>\n\t\t\t\t\t<\/div>\n\t\t<\/section>\n\t\t\t\t<\/div>\n\t\t","protected":false},"excerpt":{"rendered":"<p>Avalia\u00e7\u00e3o Externa A Avalia\u00e7\u00e3o Externa das Escolas constitui-se como um documento para a implementa\u00e7\u00e3o de processos de melhoria e uma oportunidade para toda a comunidade se<span class=\"excerpt-hellip\"> [\u2026]<\/span><\/p>\n","protected":false},"author":3,"featured_media":0,"parent":1698,"menu_order":0,"comment_status":"closed","ping_status":"closed","template":"","meta":{"footnotes":""},"class_list":["post-3270","page","type-page","status-publish","hentry"],"_links":{"self":[{"href":"http:\/\/sitetemp.inforabreu.pt\/dmtavira\/wp-json\/wp\/v2\/pages\/3270","targetHints":{"allow":["GET"]}}],"collection":[{"href":"http:\/\/sitetemp.inforabreu.pt\/dmtavira\/wp-json\/wp\/v2\/pages"}],"about":[{"href":"http:\/\/sitetemp.inforabreu.pt\/dmtavira\/wp-json\/wp\/v2\/types\/page"}],"author":[{"embeddable":true,"href":"http:\/\/sitetemp.inforabreu.pt\/dmtavira\/wp-json\/wp\/v2\/users\/3"}],"replies":[{"embeddable":true,"href":"http:\/\/sitetemp.inforabreu.pt\/dmtavira\/wp-json\/wp\/v2\/comments?post=3270"}],"version-history":[{"count":8,"href":"http:\/\/sitetemp.inforabreu.pt\/dmtavira\/wp-json\/wp\/v2\/pages\/3270\/revisions"}],"predecessor-version":[{"id":3693,"href":"http:\/\/sitetemp.inforabreu.pt\/dmtavira\/wp-json\/wp\/v2\/pages\/3270\/revisions\/3693"}],"up":[{"embeddable":true,"href":"http:\/\/sitetemp.inforabreu.pt\/dmtavira\/wp-json\/wp\/v2\/pages\/1698"}],"wp:attachment":[{"href":"http:\/\/sitetemp.inforabreu.pt\/dmtavira\/wp-json\/wp\/v2\/media?parent=3270"}],"curies":[{"name":"wp","href":"https:\/\/api.w.org\/{rel}","templated":true}]}}