{"id":1074,"date":"2023-02-16T01:19:27","date_gmt":"2023-02-16T01:19:27","guid":{"rendered":"https:\/\/sitetemp.inforabreu.pt\/aeps\/?page_id=1074"},"modified":"2023-03-17T11:09:31","modified_gmt":"2023-03-17T11:09:31","slug":"servicos","status":"publish","type":"page","link":"https:\/\/sitetemp.inforabreu.pt\/aeps\/servicos\/","title":{"rendered":"Servi\u00e7os"},"content":{"rendered":"<p>Os servi\u00e7os dispon\u00edveis neste agrupamento s\u00e3o os seguintes: Servi\u00e7os de Psicologia e Orienta\u00e7\u00e3o (SPO), Servi\u00e7os Administrativos, gabinete de apoio ao aluno (GAA) e gabinete de promo\u00e7\u00e3o de Sa\u00fade (GPS), reprografia, papelaria, refeit\u00f3rio, bufete e tr\u00eas bibliotecas escolares em tr\u00eas unidades de ensino.<\/p>\n<style>\/*! elementor - v3.11.5 - 14-03-2023 *\/\n.elementor-heading-title{padding:0;margin:0;line-height:1}.elementor-widget-heading .elementor-heading-title[class*=elementor-size-]>a{color:inherit;font-size:inherit;line-height:inherit}.elementor-widget-heading .elementor-heading-title.elementor-size-small{font-size:15px}.elementor-widget-heading .elementor-heading-title.elementor-size-medium{font-size:19px}.elementor-widget-heading .elementor-heading-title.elementor-size-large{font-size:29px}.elementor-widget-heading .elementor-heading-title.elementor-size-xl{font-size:39px}.elementor-widget-heading .elementor-heading-title.elementor-size-xxl{font-size:59px}<\/style>\n<h2>Servi\u00e7os Administrativos<\/h2>\n<h2>Reprografia \/ Papelaria<\/h2>\n<h2>Bufete e Refeit\u00f3rio<\/h2>\n<h4 style=\"text-align: center;\"><strong>Hor\u00e1rio: 08H30 &#8211; 17h00<\/strong><\/h4>\n<h4 style=\"text-align: center;\"><strong>Hor\u00e1rio: <\/strong><\/h4>\n<h4 style=\"text-align: center;\"><strong>Manh\u00e3: 07H30 &#8211; 12h00<\/strong><\/h4>\n<h4 style=\"text-align: center;\"><strong>Tarde: 13H30 &#8211; 15h30<\/strong><\/h4>\n<p>\u00a0<\/p>\n<h4 style=\"text-align: center;\"><strong>Bufet Hor\u00e1rio: <\/strong><\/h4>\n<h4 style=\"text-align: center;\"><strong>Manh\u00e3: 7H30 &#8211; 12h00<\/strong><\/h4>\n<h4 style=\"text-align: center;\"><strong>Tarde: 13H30 &#8211; 15h30<\/strong><\/h4>\n<p>\u00a0<\/p>\n<p>Os Servi\u00e7os de Administra\u00e7\u00e3o Escolar do Agrupamento de Escolas de Penafiel Sudeste desenvolvem a sua atividade na Escola B\u00e1sica de Penafiel Sudeste, escola-sede do Agrupamento, em Cabe\u00e7a-Santa.<\/p>\n<p>Os Servi\u00e7os encontram-se divididos em diversos dom\u00ednios de a\u00e7\u00e3o repartidos, atualmente, por sete Assistentes T\u00e9cnicas e uma Coordenadora T\u00e9cnica.<\/p>\n<ul>\n<li><strong>Coordenadora T\u00e9cnica<\/strong> <br \/>Sara Rute Pereira Ribeiro Vieira Pinto<\/li>\n<\/ul>\n<p>coordenadoratecnica-sarapinto@aepenafielsudeste.pt<\/p>\n<ul>\n<li><strong>Tesouraria<\/strong> <br \/>Maria Nazar\u00e9 Lopes Pinto<\/li>\n<\/ul>\n<p>tesoureira-nazarepinto@aepenafielsudeste.pt<\/p>\n<ul>\n<li><strong>CIBE\/Economato<\/strong> <br \/>Susana Manuela Ven\u00e2ncio Ferreira<\/li>\n<\/ul>\n<p>inventario-susanavenacio@aepenafielsudeste.pt<\/p>\n<ul>\n<li><strong>Pessoal Docente\/N\u00e3o Docente\/ADSE<\/strong> <br \/>Ana Sofia Mota Rodrigues<\/li>\n<\/ul>\n<p>pessoal-anasofiarodrigues@aepenafielsudeste.pt<\/p>\n<ul>\n<li><strong>Vencimentos\/Contrata\u00e7\u00e3o P\u00fablica<\/strong> <br \/>Ros\u00e1lia Maria Vieira Lopes<\/li>\n<\/ul>\n<p>vencimentos-rosalialopes@aepenafielsudeste.pt<\/p>\n<ul>\n<li><strong>Alunos\/Acidentes em Servi\u00e7o<\/strong> <br \/>Olinda Manuela Ferreira de Sousa<\/li>\n<\/ul>\n<p>alunos-olindasousa@aepenafielsudeste.pt<\/p>\n<ul>\n<li><strong>A\u00e7\u00e3o Social Escolar\/Contabilidade ASE<\/strong> <br \/>Joana Alexandra Pinheiro Madureira da Costa<\/li>\n<\/ul>\n<p style=\"text-align: left;\">sase-joanacosta@aepenafielsudeste.pt<\/p>\n<ul>\n<li><strong>Contabilidade\/Assiduidade\/Expediente<\/strong> <br \/>Liliana Andreia da Silva Pinto<\/li>\n<\/ul>\n<p>faltas-lilianapinto@aepenafielsudeste.pt<\/p>\n<h4 style=\"text-align: center;\"><strong>Refeit\u00f3rio Hor\u00e1rio: <\/strong><\/h4>\n<h4 style=\"text-align: center;\"><strong>Manh\u00e3: 12H30 &#8211; 14h30<\/strong><\/h4>\n<h4 style=\"text-align: center;\">\u00a0<\/h4>\n<p>\u00a0<\/p>\n","protected":false},"excerpt":{"rendered":"<p>Os servi\u00e7os dispon\u00edveis neste agrupamento s\u00e3o os seguintes: Servi\u00e7os de Psicologia e Orienta\u00e7\u00e3o (SPO), Servi\u00e7os Administrativos, gabinete de apoio ao aluno (GAA) e gabinete de promo\u00e7\u00e3o de Sa\u00fade (GPS), reprografia, papelaria, refeit\u00f3rio, bufete e tr\u00eas bibliotecas escolares em tr\u00eas unidades de ensino. Servi\u00e7os Administrativos Reprografia \/ Papelaria Bufete e Refeit\u00f3rio Hor\u00e1rio: 08H30 &#8211; 17h00 Hor\u00e1rio: [&hellip;]<\/p>\n","protected":false},"author":1,"featured_media":0,"parent":0,"menu_order":0,"comment_status":"closed","ping_status":"closed","template":"","meta":{"footnotes":""},"class_list":["post-1074","page","type-page","status-publish","hentry"],"_links":{"self":[{"href":"https:\/\/sitetemp.inforabreu.pt\/aeps\/wp-json\/wp\/v2\/pages\/1074","targetHints":{"allow":["GET"]}}],"collection":[{"href":"https:\/\/sitetemp.inforabreu.pt\/aeps\/wp-json\/wp\/v2\/pages"}],"about":[{"href":"https:\/\/sitetemp.inforabreu.pt\/aeps\/wp-json\/wp\/v2\/types\/page"}],"author":[{"embeddable":true,"href":"https:\/\/sitetemp.inforabreu.pt\/aeps\/wp-json\/wp\/v2\/users\/1"}],"replies":[{"embeddable":true,"href":"https:\/\/sitetemp.inforabreu.pt\/aeps\/wp-json\/wp\/v2\/comments?post=1074"}],"version-history":[{"count":10,"href":"https:\/\/sitetemp.inforabreu.pt\/aeps\/wp-json\/wp\/v2\/pages\/1074\/revisions"}],"predecessor-version":[{"id":1247,"href":"https:\/\/sitetemp.inforabreu.pt\/aeps\/wp-json\/wp\/v2\/pages\/1074\/revisions\/1247"}],"wp:attachment":[{"href":"https:\/\/sitetemp.inforabreu.pt\/aeps\/wp-json\/wp\/v2\/media?parent=1074"}],"curies":[{"name":"wp","href":"https:\/\/api.w.org\/{rel}","templated":true}]}}