{"id":1086,"date":"2023-02-16T01:21:34","date_gmt":"2023-02-16T01:21:34","guid":{"rendered":"https:\/\/sitetemp.inforabreu.pt\/aeps\/?page_id=1086"},"modified":"2023-03-22T01:08:11","modified_gmt":"2023-03-22T01:08:11","slug":"direcao","status":"publish","type":"page","link":"https:\/\/sitetemp.inforabreu.pt\/aeps\/direcao\/","title":{"rendered":"Dire\u00e7\u00e3o"},"content":{"rendered":"<style>\/*! elementor - v3.11.5 - 14-03-2023 *\/\n.elementor-heading-title{padding:0;margin:0;line-height:1}.elementor-widget-heading .elementor-heading-title[class*=elementor-size-]>a{color:inherit;font-size:inherit;line-height:inherit}.elementor-widget-heading .elementor-heading-title.elementor-size-small{font-size:15px}.elementor-widget-heading .elementor-heading-title.elementor-size-medium{font-size:19px}.elementor-widget-heading .elementor-heading-title.elementor-size-large{font-size:29px}.elementor-widget-heading .elementor-heading-title.elementor-size-xl{font-size:39px}.elementor-widget-heading .elementor-heading-title.elementor-size-xxl{font-size:59px}<\/style>\n<h2>Diretor<\/h2>\n<h2>Subdiretor<\/h2>\n<h2>Adjunta<\/h2>\n<h2>Adjunto<\/h2>\n<p style=\"text-align: center;\"><strong>Ant\u00f3nio Sorte Pinto<\/strong><\/p>\n<p style=\"text-align: center;\"><strong>Ant\u00f3nio Lu\u00eds Ferreira da Rocha<\/strong><\/p>\n<p style=\"text-align: center;\"><strong>M\u00f3nica Miranda<\/strong><\/p>\n<p style=\"text-align: center;\"><strong>Alexandre Bruno Coelho Sampaio Teixeira Fontes<\/strong><\/p>\n<p>A dire\u00e7\u00e3o da escola, tem como principais fun\u00e7\u00f5es:<\/p>\n<ol>\n<li>\n<p>Assegurar a implementa\u00e7\u00e3o do projeto educativo da escola, em conson\u00e2ncia com as orienta\u00e7\u00f5es e metas definidas pela tutela.<\/p>\n<\/li>\n<li>\n<p>Coordenar e supervisionar o trabalho dos docentes, assegurando a qualidade do ensino e o cumprimento dos programas curriculares.<\/p>\n<\/li>\n<li>\n<p>Gerir os recursos humanos, financeiros e materiais da escola, garantindo a sua utiliza\u00e7\u00e3o eficiente e eficaz.<\/p>\n<\/li>\n<li>\n<p>Zelar pelo bom funcionamento da escola, promovendo um ambiente saud\u00e1vel e seguro para os alunos e restante comunidade escolar.<\/p>\n<\/li>\n<li>\n<p>Fomentar a participa\u00e7\u00e3o e envolvimento dos pais e encarregados de educa\u00e7\u00e3o na vida escolar dos seus educandos.<\/p>\n<\/li>\n<li>\n<p>Promover a articula\u00e7\u00e3o da escola com a comunidade envolvente, estabelecendo parcerias e projetos que possam contribuir para o desenvolvimento integral dos alunos.<\/p>\n<\/li>\n<li>\n<p>Garantir o cumprimento das normas e regulamentos em vigor, bem como assegurar o rigoroso cumprimento dos procedimentos administrativos.<\/p>\n<\/li>\n<li>\n<p>Representar a escola junto das entidades externas, nomeadamente junto da tutela, autoridades locais e institui\u00e7\u00f5es de ensino superior.<\/p>\n<\/li>\n<li>\n<p>Estimular o desenvolvimento profissional dos docentes, promovendo a sua forma\u00e7\u00e3o cont\u00ednua e valorizando o seu desempenho.<\/p>\n<\/li>\n<li>\n<p>Assegurar a avalia\u00e7\u00e3o interna da escola e promover a defini\u00e7\u00e3o de estrat\u00e9gias e medidas para a melhoria cont\u00ednua da qualidade do ensino e dos servi\u00e7os prestados pela escola.<\/p>\n<\/li>\n<\/ol>\n","protected":false},"excerpt":{"rendered":"<p>Diretor Subdiretor Adjunta Adjunto Ant\u00f3nio Sorte Pinto Ant\u00f3nio Lu\u00eds Ferreira da Rocha M\u00f3nica Miranda Alexandre Bruno Coelho Sampaio Teixeira Fontes A dire\u00e7\u00e3o da escola, tem como principais fun\u00e7\u00f5es: Assegurar a implementa\u00e7\u00e3o do projeto educativo da escola, em conson\u00e2ncia com as orienta\u00e7\u00f5es e metas definidas pela tutela. Coordenar e supervisionar o trabalho dos docentes, assegurando a [&hellip;]<\/p>\n","protected":false},"author":1,"featured_media":0,"parent":0,"menu_order":0,"comment_status":"closed","ping_status":"closed","template":"","meta":{"footnotes":""},"class_list":["post-1086","page","type-page","status-publish","hentry"],"_links":{"self":[{"href":"https:\/\/sitetemp.inforabreu.pt\/aeps\/wp-json\/wp\/v2\/pages\/1086","targetHints":{"allow":["GET"]}}],"collection":[{"href":"https:\/\/sitetemp.inforabreu.pt\/aeps\/wp-json\/wp\/v2\/pages"}],"about":[{"href":"https:\/\/sitetemp.inforabreu.pt\/aeps\/wp-json\/wp\/v2\/types\/page"}],"author":[{"embeddable":true,"href":"https:\/\/sitetemp.inforabreu.pt\/aeps\/wp-json\/wp\/v2\/users\/1"}],"replies":[{"embeddable":true,"href":"https:\/\/sitetemp.inforabreu.pt\/aeps\/wp-json\/wp\/v2\/comments?post=1086"}],"version-history":[{"count":10,"href":"https:\/\/sitetemp.inforabreu.pt\/aeps\/wp-json\/wp\/v2\/pages\/1086\/revisions"}],"predecessor-version":[{"id":1318,"href":"https:\/\/sitetemp.inforabreu.pt\/aeps\/wp-json\/wp\/v2\/pages\/1086\/revisions\/1318"}],"wp:attachment":[{"href":"https:\/\/sitetemp.inforabreu.pt\/aeps\/wp-json\/wp\/v2\/media?parent=1086"}],"curies":[{"name":"wp","href":"https:\/\/api.w.org\/{rel}","templated":true}]}}