{"id":1088,"date":"2023-02-16T01:21:44","date_gmt":"2023-02-16T01:21:44","guid":{"rendered":"https:\/\/sitetemp.inforabreu.pt\/aeps\/?page_id=1088"},"modified":"2023-03-16T10:37:26","modified_gmt":"2023-03-16T10:37:26","slug":"conselho-administrativo","status":"publish","type":"page","link":"https:\/\/sitetemp.inforabreu.pt\/aeps\/conselho-administrativo\/","title":{"rendered":"Conselho Administrativo"},"content":{"rendered":"<p>O conselho administrativo \u00e9 o \u00f3rg\u00e3o deliberativo em mat\u00e9ria administrativo-financeira do agrupamento de escolas, nos termos da legisla\u00e7\u00e3o em vigor.<\/p>\n<p>\u00a0<\/p>\n<p><strong>Elementos do Conselho Administrativo<\/strong><\/p>\n<table>\n<tbody>\n<tr>\n<td><strong>Diretor<\/strong><\/td>\n<td>\u00a0Ant\u00f3nio Sorte Pinto<\/td>\n<\/tr>\n<tr>\n<td><strong>Subdiretor<\/strong><\/td>\n<td>\u00a0Ant\u00f3nio Lu\u00eds rocha<\/td>\n<\/tr>\n<tr>\n<td><strong>Coordenadora dos Assistentes T\u00e9cnicos<\/strong><\/td>\n<td>\u00a0Sara Rute Pereira Ribeiro Vieira Pinto<\/td>\n<\/tr>\n<\/tbody>\n<\/table>\n","protected":false},"excerpt":{"rendered":"<p>O conselho administrativo \u00e9 o \u00f3rg\u00e3o deliberativo em mat\u00e9ria administrativo-financeira do agrupamento de escolas, nos termos da legisla\u00e7\u00e3o em vigor. \u00a0 Elementos do Conselho Administrativo Diretor \u00a0Ant\u00f3nio Sorte Pinto Subdiretor \u00a0Ant\u00f3nio Lu\u00eds rocha Coordenadora dos Assistentes T\u00e9cnicos \u00a0Sara Rute Pereira Ribeiro Vieira Pinto<\/p>\n","protected":false},"author":1,"featured_media":0,"parent":0,"menu_order":0,"comment_status":"closed","ping_status":"closed","template":"","meta":{"footnotes":""},"class_list":["post-1088","page","type-page","status-publish","hentry"],"_links":{"self":[{"href":"https:\/\/sitetemp.inforabreu.pt\/aeps\/wp-json\/wp\/v2\/pages\/1088","targetHints":{"allow":["GET"]}}],"collection":[{"href":"https:\/\/sitetemp.inforabreu.pt\/aeps\/wp-json\/wp\/v2\/pages"}],"about":[{"href":"https:\/\/sitetemp.inforabreu.pt\/aeps\/wp-json\/wp\/v2\/types\/page"}],"author":[{"embeddable":true,"href":"https:\/\/sitetemp.inforabreu.pt\/aeps\/wp-json\/wp\/v2\/users\/1"}],"replies":[{"embeddable":true,"href":"https:\/\/sitetemp.inforabreu.pt\/aeps\/wp-json\/wp\/v2\/comments?post=1088"}],"version-history":[{"count":7,"href":"https:\/\/sitetemp.inforabreu.pt\/aeps\/wp-json\/wp\/v2\/pages\/1088\/revisions"}],"predecessor-version":[{"id":1208,"href":"https:\/\/sitetemp.inforabreu.pt\/aeps\/wp-json\/wp\/v2\/pages\/1088\/revisions\/1208"}],"wp:attachment":[{"href":"https:\/\/sitetemp.inforabreu.pt\/aeps\/wp-json\/wp\/v2\/media?parent=1088"}],"curies":[{"name":"wp","href":"https:\/\/api.w.org\/{rel}","templated":true}]}}