{"id":1090,"date":"2023-02-16T01:21:57","date_gmt":"2023-02-16T01:21:57","guid":{"rendered":"https:\/\/sitetemp.inforabreu.pt\/aeps\/?page_id=1090"},"modified":"2025-10-11T08:50:15","modified_gmt":"2025-10-11T08:50:15","slug":"conselho-pedagogico","status":"publish","type":"page","link":"https:\/\/sitetemp.inforabreu.pt\/aeps\/conselho-pedagogico\/","title":{"rendered":"Conselho Pedag\u00f3gico"},"content":{"rendered":"\n<div data-elementor-type=\"wp-page\" data-elementor-id=\"1090\" class=\"elementor elementor-1090\">\n<section class=\"elementor-section elementor-top-section elementor-element elementor-element-93c73b2 elementor-section-boxed elementor-section-height-default elementor-section-height-default\" data-id=\"93c73b2\" data-element_type=\"section\">\n<div class=\"elementor-container elementor-column-gap-default\">\n<div class=\"elementor-column elementor-col-100 elementor-top-column elementor-element elementor-element-ce50616\" data-id=\"ce50616\" data-element_type=\"column\">\n<div class=\"elementor-widget-wrap elementor-element-populated\">\n<div class=\"elementor-element elementor-element-4a8f45b elementor-widget elementor-widget-text-editor\" data-id=\"4a8f45b\" data-element_type=\"widget\" data-widget_type=\"text-editor.default\">\n<div class=\"elementor-widget-container\">\n<style>\/*! elementor - v3.11.5 - 14-03-2023 *\/\n.elementor-widget-text-editor.elementor-drop-cap-view-stacked .elementor-drop-cap{background-color:#69727d;color:#fff}.elementor-widget-text-editor.elementor-drop-cap-view-framed .elementor-drop-cap{color:#69727d;border:3px solid;background-color:transparent}.elementor-widget-text-editor:not(.elementor-drop-cap-view-default) .elementor-drop-cap{margin-top:8px}.elementor-widget-text-editor:not(.elementor-drop-cap-view-default) .elementor-drop-cap-letter{width:1em;height:1em}.elementor-widget-text-editor .elementor-drop-cap{float:left;text-align:center;line-height:1;font-size:50px}.elementor-widget-text-editor .elementor-drop-cap-letter{display:inline-block}<\/style>\n<p>O\u00a0<strong>conselho pedag\u00f3gico<\/strong>\u00a0\u00e9 o \u00f3rg\u00e3o de coordena\u00e7\u00e3o e supervis\u00e3o pedag\u00f3gica e orienta\u00e7\u00e3o educativa do agrupamento de escolas, nomeadamente nos dom\u00ednios pedag\u00f3gicos e did\u00e1ticos, da orienta\u00e7\u00e3o e acompanhamento dos alunos e da forma\u00e7\u00e3o inicial e cont\u00ednua do pessoal docente e n\u00e3o docente.<\/p>\n<p><strong>Elementos do Conselho Pedag\u00f3gico<\/strong><\/p>\n<table>\n<tbody>\n<tr>\n<td><strong>\u00a0Presidente do Conselho Pedag\u00f3gico<\/strong><\/td>\n<td><strong>Ant\u00f3nio Sorte Pinto\u00a0<\/strong><\/td>\n<\/tr>\n<tr>\n<td>\n<p><strong>Departamento de Ci\u00eancias Sociais E Humanas<\/strong><\/p>\n<\/td>\n<td>Z\u00e9lia Maria Carvalho Nunes Sousa<\/td>\n<\/tr>\n<tr>\n<td>\n<p><strong>Servi\u00e7o de Psicologia e Orienta\u00e7\u00e3o<\/strong><\/p>\n<\/td>\n<td>Raquel de Sousa<\/td>\n<\/tr>\n<tr>\n<td>\n<p><strong>Departamento de Matem\u00e1tica e Ci\u00eancias Experimentais<\/strong><\/p>\n<\/td>\n<td>Ant\u00f3nio C\u00e2ndido Gon\u00e7alves Ferreira Almeida<\/td>\n<\/tr>\n<\/tbody>\n<tbody>\n<tr>\n<td>\n<p><strong>Departamento de L\u00ednguas<\/strong><\/p>\n<\/td>\n<td>Dolores Concei\u00e7\u00e3o Moreira Ferreira Cancela<\/td>\n<\/tr>\n<tr>\n<td>\n<p><strong>Biblioteca Escolar<\/strong><\/p>\n<\/td>\n<td>Dolores Concei\u00e7\u00e3o Moreira Ferreira Cancela<\/td>\n<\/tr>\n<tr>\n<td>\n<p><strong>Diretores de Turma (2\u00ba e 3\u00ba ciclos)<\/strong><\/p>\n<\/td>\n<td>\n<table border=\"0\" cellspacing=\"0\" cellpadding=\"0\">\n<tbody>\n<tr>\n<td width=\"305\" height=\"24\">Margarida Concei\u00e7\u00e3o Vieira Teixeira Carneiro<\/td>\n<\/tr>\n<\/tbody>\n<\/table>\n<\/td>\n<\/tr>\n<tr>\n<td>\n<p><strong>Departamento de Express\u00f5es<\/strong><\/p>\n<\/td>\n<td>Helena Marina Machado Pinto Silva Nunes<\/td>\n<\/tr>\n<tr>\n<td>\n<p><strong>Departamento de Educa\u00e7\u00e3o Pr\u00e9-Escolar<\/strong><\/p>\n<\/td>\n<td>\n<table border=\"0\" cellspacing=\"0\" cellpadding=\"0\">\n<tbody>\n<tr>\n<td width=\"318\" height=\"24\">Ana Tabuada<\/td>\n<\/tr>\n<\/tbody>\n<\/table>\n<\/td>\n<\/tr>\n<tr>\n<td>\n<p><strong>Equipa TIC\u00a0<\/strong><\/p>\n<\/td>\n<td>Carlos Pinheiro<\/td>\n<\/tr>\n<tr>\n<td>\n<p><strong>Departamento do 1.\u00ba Ciclo<\/strong><\/p>\n<\/td>\n<td>Paula Cristina Ramos dos Santos<\/td>\n<\/tr>\n<tr>\n<td>\n<p><strong>Projetos de Desenvolvimento Educativo<\/strong><\/p>\n<p><strong>Coordenadora Geral dos Clubes\/Projetos\/Programas<\/strong><\/p>\n<\/td>\n<td>N\u00edsia Adriana Figueiredo Rocha<\/td>\n<\/tr>\n<tr>\n<td>\n<p><strong>Departamento de Educa\u00e7\u00e3o Especial<\/strong><\/p>\n<\/td>\n<td>Z\u00e9lia Maria Carvalho Nunes Sousa<\/td>\n<\/tr>\n<tr>\n<td>\n<p><strong>Plano de A\u00e7\u00e3o Estrat\u00e9gico do<\/strong><\/p>\n<p><strong>Plano Nacional de Promo\u00e7ao do Sucesso Escolar (PNPSE)<\/strong><\/p>\n<\/td>\n<td>Paula Cristina Ramos dos Santos<\/td>\n<\/tr>\n<\/tbody>\n<\/table><\/div>\n<\/p><\/div>\n<\/p><\/div>\n<\/p><\/div>\n<\/p><\/div>\n<\/section><\/div>\n","protected":false},"excerpt":{"rendered":"<p>O\u00a0conselho pedag\u00f3gico\u00a0\u00e9 o \u00f3rg\u00e3o de coordena\u00e7\u00e3o e supervis\u00e3o pedag\u00f3gica e orienta\u00e7\u00e3o educativa do agrupamento de escolas, nomeadamente nos dom\u00ednios pedag\u00f3gicos e did\u00e1ticos, da orienta\u00e7\u00e3o e acompanhamento dos alunos e da forma\u00e7\u00e3o inicial e cont\u00ednua do pessoal docente e n\u00e3o docente. Elementos do Conselho Pedag\u00f3gico \u00a0Presidente do Conselho Pedag\u00f3gico Ant\u00f3nio Sorte Pinto\u00a0 Departamento de Ci\u00eancias Sociais [&hellip;]<\/p>\n","protected":false},"author":1,"featured_media":0,"parent":0,"menu_order":0,"comment_status":"closed","ping_status":"closed","template":"","meta":{"footnotes":""},"class_list":["post-1090","page","type-page","status-publish","hentry"],"_links":{"self":[{"href":"https:\/\/sitetemp.inforabreu.pt\/aeps\/wp-json\/wp\/v2\/pages\/1090","targetHints":{"allow":["GET"]}}],"collection":[{"href":"https:\/\/sitetemp.inforabreu.pt\/aeps\/wp-json\/wp\/v2\/pages"}],"about":[{"href":"https:\/\/sitetemp.inforabreu.pt\/aeps\/wp-json\/wp\/v2\/types\/page"}],"author":[{"embeddable":true,"href":"https:\/\/sitetemp.inforabreu.pt\/aeps\/wp-json\/wp\/v2\/users\/1"}],"replies":[{"embeddable":true,"href":"https:\/\/sitetemp.inforabreu.pt\/aeps\/wp-json\/wp\/v2\/comments?post=1090"}],"version-history":[{"count":5,"href":"https:\/\/sitetemp.inforabreu.pt\/aeps\/wp-json\/wp\/v2\/pages\/1090\/revisions"}],"predecessor-version":[{"id":1434,"href":"https:\/\/sitetemp.inforabreu.pt\/aeps\/wp-json\/wp\/v2\/pages\/1090\/revisions\/1434"}],"wp:attachment":[{"href":"https:\/\/sitetemp.inforabreu.pt\/aeps\/wp-json\/wp\/v2\/media?parent=1090"}],"curies":[{"name":"wp","href":"https:\/\/api.w.org\/{rel}","templated":true}]}}