{"id":1092,"date":"2023-02-16T01:22:11","date_gmt":"2023-02-16T01:22:11","guid":{"rendered":"https:\/\/sitetemp.inforabreu.pt\/aeps\/?page_id=1092"},"modified":"2023-03-17T12:53:46","modified_gmt":"2023-03-17T12:53:46","slug":"estruturas-pedagogicas","status":"publish","type":"page","link":"https:\/\/sitetemp.inforabreu.pt\/aeps\/estruturas-pedagogicas\/","title":{"rendered":"Estruturas Pedag\u00f3gicas"},"content":{"rendered":"<style>\/*! elementor - v3.11.5 - 14-03-2023 *\/\n.elementor-heading-title{padding:0;margin:0;line-height:1}.elementor-widget-heading .elementor-heading-title[class*=elementor-size-]>a{color:inherit;font-size:inherit;line-height:inherit}.elementor-widget-heading .elementor-heading-title.elementor-size-small{font-size:15px}.elementor-widget-heading .elementor-heading-title.elementor-size-medium{font-size:19px}.elementor-widget-heading .elementor-heading-title.elementor-size-large{font-size:29px}.elementor-widget-heading .elementor-heading-title.elementor-size-xl{font-size:39px}.elementor-widget-heading .elementor-heading-title.elementor-size-xxl{font-size:59px}<\/style>\n<h2>Coordena\u00e7\u00e3o de Departamentos<\/h2>\n<ul>\n<li><strong>Coordenadora de Departamento do Pr\u00e9-Escola<\/strong>r &#8211; Maria do Ros\u00e1rio Almeida Castanheira<\/li>\n<li><strong>Coordenadora de Departamento do 1.\u00ba Ciclo do Ensino B\u00e1sico<\/strong>\u00a0&#8211;\u00a0Maria Joaquina Vieira Teixeira Carneiro<\/li>\n<li><strong>Coordenador de Departamento de Matem\u00e1tica e Ci\u00eancias Experimentais<\/strong>\u00a0&#8211;\u00a0Ant\u00f3nio C\u00e2ndido Gon\u00e7alves Ferreira de Almeida<\/li>\n<li><strong>Coordenadora de Departamento de Ci\u00eancias Humanas e Sociais<\/strong>\u00a0&#8211;\u00a0Z\u00e9lia Maria Carvalho Nunes Sousa<\/li>\n<li><strong>Coordenadora de Departamento de Express\u00f5es<\/strong>\u00a0&#8211;\u00a0Helena Marina Machado Pinto da Silva Nunes<\/li>\n<li><strong>Coordenadora de Departamento de L\u00ednguas<\/strong>\u00a0&#8211; Dolores Concei\u00e7\u00e3o Moreira Ferreira Cancela\u00a0<\/li>\n<\/ul>\n<style>\/*! elementor - v3.11.5 - 14-03-2023 *\/\n.elementor-widget-divider{--divider-border-style:none;--divider-border-width:1px;--divider-color:#2c2c2c;--divider-icon-size:20px;--divider-element-spacing:10px;--divider-pattern-height:24px;--divider-pattern-size:20px;--divider-pattern-url:none;--divider-pattern-repeat:repeat-x}.elementor-widget-divider .elementor-divider{display:flex}.elementor-widget-divider .elementor-divider__text{font-size:15px;line-height:1;max-width:95%}.elementor-widget-divider .elementor-divider__element{margin:0 var(--divider-element-spacing);flex-shrink:0}.elementor-widget-divider .elementor-icon{font-size:var(--divider-icon-size)}.elementor-widget-divider .elementor-divider-separator{display:flex;margin:0;direction:ltr}.elementor-widget-divider--view-line_icon .elementor-divider-separator,.elementor-widget-divider--view-line_text .elementor-divider-separator{align-items:center}.elementor-widget-divider--view-line_icon .elementor-divider-separator:after,.elementor-widget-divider--view-line_icon .elementor-divider-separator:before,.elementor-widget-divider--view-line_text .elementor-divider-separator:after,.elementor-widget-divider--view-line_text .elementor-divider-separator:before{display:block;content:\"\";border-bottom:0;flex-grow:1;border-top:var(--divider-border-width) var(--divider-border-style) var(--divider-color)}.elementor-widget-divider--element-align-left .elementor-divider .elementor-divider-separator>.elementor-divider__svg:first-of-type{flex-grow:0;flex-shrink:100}.elementor-widget-divider--element-align-left .elementor-divider-separator:before{content:none}.elementor-widget-divider--element-align-left .elementor-divider__element{margin-left:0}.elementor-widget-divider--element-align-right .elementor-divider .elementor-divider-separator>.elementor-divider__svg:last-of-type{flex-grow:0;flex-shrink:100}.elementor-widget-divider--element-align-right .elementor-divider-separator:after{content:none}.elementor-widget-divider--element-align-right .elementor-divider__element{margin-right:0}.elementor-widget-divider:not(.elementor-widget-divider--view-line_text):not(.elementor-widget-divider--view-line_icon) .elementor-divider-separator{border-top:var(--divider-border-width) var(--divider-border-style) var(--divider-color)}.elementor-widget-divider--separator-type-pattern{--divider-border-style:none}.elementor-widget-divider--separator-type-pattern.elementor-widget-divider--view-line .elementor-divider-separator,.elementor-widget-divider--separator-type-pattern:not(.elementor-widget-divider--view-line) .elementor-divider-separator:after,.elementor-widget-divider--separator-type-pattern:not(.elementor-widget-divider--view-line) .elementor-divider-separator:before,.elementor-widget-divider--separator-type-pattern:not([class*=elementor-widget-divider--view]) .elementor-divider-separator{width:100%;min-height:var(--divider-pattern-height);-webkit-mask-size:var(--divider-pattern-size) 100%;mask-size:var(--divider-pattern-size) 100%;-webkit-mask-repeat:var(--divider-pattern-repeat);mask-repeat:var(--divider-pattern-repeat);background-color:var(--divider-color);-webkit-mask-image:var(--divider-pattern-url);mask-image:var(--divider-pattern-url)}.elementor-widget-divider--no-spacing{--divider-pattern-size:auto}.elementor-widget-divider--bg-round{--divider-pattern-repeat:round}.rtl .elementor-widget-divider .elementor-divider__text{direction:rtl}.e-con-inner>.elementor-widget-divider,.e-con>.elementor-widget-divider{width:var(--container-widget-width,100%);--flex-grow:var(--container-widget-flex-grow)}<\/style>\n<h2>Coordena\u00e7\u00e3o de Estabelecimentos<\/h2>\n<ul>\n<li><strong>Coordenadora da Escola B\u00e1sica \/ J.I. de Cabe\u00e7a Santa<\/strong>&nbsp;&#8211; Maria Eug\u00e9nia Rodrigues<\/li>\n<li><strong>Coordenadora da Escola B\u00e1sica \/ J.I. de Boelhe<\/strong>&nbsp;&#8211; Clarinda Lu\u00eds Maria Mota<\/li>\n<li><strong>Coordenador da Escola B\u00e1sica \/ J.I. de Rio de Mo\u00ednhos <\/strong>&#8211; L\u00edgia Susana Ribeiro Pacheco<\/li>\n<li><strong>Coordenadora da Escola B\u00e1sica \/ J.I. de Peroselo<\/strong>&nbsp;&#8211; Catarina Raquel Lopes Ribeiro<\/li>\n<li><strong>Coordenadora da Escola B\u00e1sica \/ J.I. de Abrag\u00e3o<\/strong>&nbsp;&#8211; Cl\u00e1udia Marisa da Silva Rodrigues Vieira<\/li>\n<li><strong>Coordenadora da Escola B\u00e1sica \/ J.I. de Luzim<\/strong>&nbsp;&#8211; Iria de Jesus Talaia Cavaleiro<\/li>\n<li><strong>Coordenadora do&nbsp; J.I. de Vila Cova<\/strong>&nbsp;&#8211; Anabela Almeida Cardoso Ferreira Silva<\/li>\n<\/ul>\n","protected":false},"excerpt":{"rendered":"<p>Coordena\u00e7\u00e3o de Departamentos Coordenadora de Departamento do Pr\u00e9-Escolar &#8211; Maria do Ros\u00e1rio Almeida Castanheira Coordenadora de Departamento do 1.\u00ba Ciclo do Ensino B\u00e1sico\u00a0&#8211;\u00a0Maria Joaquina Vieira Teixeira Carneiro Coordenador de Departamento de Matem\u00e1tica e Ci\u00eancias Experimentais\u00a0&#8211;\u00a0Ant\u00f3nio C\u00e2ndido Gon\u00e7alves Ferreira de Almeida Coordenadora de Departamento de Ci\u00eancias Humanas e Sociais\u00a0&#8211;\u00a0Z\u00e9lia Maria Carvalho Nunes Sousa Coordenadora de Departamento [&hellip;]<\/p>\n","protected":false},"author":1,"featured_media":0,"parent":0,"menu_order":0,"comment_status":"closed","ping_status":"closed","template":"","meta":{"footnotes":""},"class_list":["post-1092","page","type-page","status-publish","hentry"],"_links":{"self":[{"href":"https:\/\/sitetemp.inforabreu.pt\/aeps\/wp-json\/wp\/v2\/pages\/1092","targetHints":{"allow":["GET"]}}],"collection":[{"href":"https:\/\/sitetemp.inforabreu.pt\/aeps\/wp-json\/wp\/v2\/pages"}],"about":[{"href":"https:\/\/sitetemp.inforabreu.pt\/aeps\/wp-json\/wp\/v2\/types\/page"}],"author":[{"embeddable":true,"href":"https:\/\/sitetemp.inforabreu.pt\/aeps\/wp-json\/wp\/v2\/users\/1"}],"replies":[{"embeddable":true,"href":"https:\/\/sitetemp.inforabreu.pt\/aeps\/wp-json\/wp\/v2\/comments?post=1092"}],"version-history":[{"count":10,"href":"https:\/\/sitetemp.inforabreu.pt\/aeps\/wp-json\/wp\/v2\/pages\/1092\/revisions"}],"predecessor-version":[{"id":1279,"href":"https:\/\/sitetemp.inforabreu.pt\/aeps\/wp-json\/wp\/v2\/pages\/1092\/revisions\/1279"}],"wp:attachment":[{"href":"https:\/\/sitetemp.inforabreu.pt\/aeps\/wp-json\/wp\/v2\/media?parent=1092"}],"curies":[{"name":"wp","href":"https:\/\/api.w.org\/{rel}","templated":true}]}}