{"id":1106,"date":"2023-02-16T01:24:41","date_gmt":"2023-02-16T01:24:41","guid":{"rendered":"https:\/\/sitetemp.inforabreu.pt\/aeps\/?page_id=1106"},"modified":"2023-05-12T16:51:36","modified_gmt":"2023-05-12T16:51:36","slug":"projetos","status":"publish","type":"page","link":"https:\/\/sitetemp.inforabreu.pt\/aeps\/projetos\/","title":{"rendered":"Projetos"},"content":{"rendered":"<p>Erasmus Projeto M\u00e3os Dadas PRESSE Clube Ci\u00eancia Ativa Desporto Escolar Parlamento Jovem<br \/>\nErasmus<br \/>\nProjeto M\u00e3os Dadas<br \/>\nPRESSE<br \/>\nClube Ci\u00eancia Ativa<br \/>\nDesporto Escolar<br \/>\nParlamento Jovem<\/p>\n","protected":false},"excerpt":{"rendered":"<p>Erasmus Projeto M\u00e3os Dadas PRESSE Clube Ci\u00eancia Ativa Desporto Escolar Parlamento Jovem Erasmus Projeto M\u00e3os Dadas PRESSE Clube Ci\u00eancia Ativa Desporto Escolar Parlamento Jovem<\/p>\n","protected":false},"author":1,"featured_media":0,"parent":0,"menu_order":0,"comment_status":"closed","ping_status":"closed","template":"","meta":{"footnotes":""},"class_list":["post-1106","page","type-page","status-publish","hentry"],"_links":{"self":[{"href":"https:\/\/sitetemp.inforabreu.pt\/aeps\/wp-json\/wp\/v2\/pages\/1106","targetHints":{"allow":["GET"]}}],"collection":[{"href":"https:\/\/sitetemp.inforabreu.pt\/aeps\/wp-json\/wp\/v2\/pages"}],"about":[{"href":"https:\/\/sitetemp.inforabreu.pt\/aeps\/wp-json\/wp\/v2\/types\/page"}],"author":[{"embeddable":true,"href":"https:\/\/sitetemp.inforabreu.pt\/aeps\/wp-json\/wp\/v2\/users\/1"}],"replies":[{"embeddable":true,"href":"https:\/\/sitetemp.inforabreu.pt\/aeps\/wp-json\/wp\/v2\/comments?post=1106"}],"version-history":[{"count":6,"href":"https:\/\/sitetemp.inforabreu.pt\/aeps\/wp-json\/wp\/v2\/pages\/1106\/revisions"}],"predecessor-version":[{"id":1410,"href":"https:\/\/sitetemp.inforabreu.pt\/aeps\/wp-json\/wp\/v2\/pages\/1106\/revisions\/1410"}],"wp:attachment":[{"href":"https:\/\/sitetemp.inforabreu.pt\/aeps\/wp-json\/wp\/v2\/media?parent=1106"}],"curies":[{"name":"wp","href":"https:\/\/api.w.org\/{rel}","templated":true}]}}