{"id":1108,"date":"2023-02-16T01:26:23","date_gmt":"2023-02-16T01:26:23","guid":{"rendered":"https:\/\/sitetemp.inforabreu.pt\/aeps\/?page_id=1108"},"modified":"2023-03-17T11:28:47","modified_gmt":"2023-03-17T11:28:47","slug":"associacao-de-pais","status":"publish","type":"page","link":"https:\/\/sitetemp.inforabreu.pt\/aeps\/associacao-de-pais\/","title":{"rendered":"Associa\u00e7\u00e3o de Pais"},"content":{"rendered":"<style>\/*! elementor - v3.11.5 - 14-03-2023 *\/\n.elementor-heading-title{padding:0;margin:0;line-height:1}.elementor-widget-heading .elementor-heading-title[class*=elementor-size-]>a{color:inherit;font-size:inherit;line-height:inherit}.elementor-widget-heading .elementor-heading-title.elementor-size-small{font-size:15px}.elementor-widget-heading .elementor-heading-title.elementor-size-medium{font-size:19px}.elementor-widget-heading .elementor-heading-title.elementor-size-large{font-size:29px}.elementor-widget-heading .elementor-heading-title.elementor-size-xl{font-size:39px}.elementor-widget-heading .elementor-heading-title.elementor-size-xxl{font-size:59px}<\/style>\n<h3>Associa\u00e7\u00e3o de Pais e Encarregados de Educa\u00e7\u00e3o <\/h3>\n","protected":false},"excerpt":{"rendered":"<p>Associa\u00e7\u00e3o de Pais e Encarregados de Educa\u00e7\u00e3o<\/p>\n","protected":false},"author":1,"featured_media":0,"parent":0,"menu_order":0,"comment_status":"closed","ping_status":"closed","template":"","meta":{"footnotes":""},"class_list":["post-1108","page","type-page","status-publish","hentry"],"_links":{"self":[{"href":"https:\/\/sitetemp.inforabreu.pt\/aeps\/wp-json\/wp\/v2\/pages\/1108","targetHints":{"allow":["GET"]}}],"collection":[{"href":"https:\/\/sitetemp.inforabreu.pt\/aeps\/wp-json\/wp\/v2\/pages"}],"about":[{"href":"https:\/\/sitetemp.inforabreu.pt\/aeps\/wp-json\/wp\/v2\/types\/page"}],"author":[{"embeddable":true,"href":"https:\/\/sitetemp.inforabreu.pt\/aeps\/wp-json\/wp\/v2\/users\/1"}],"replies":[{"embeddable":true,"href":"https:\/\/sitetemp.inforabreu.pt\/aeps\/wp-json\/wp\/v2\/comments?post=1108"}],"version-history":[{"count":4,"href":"https:\/\/sitetemp.inforabreu.pt\/aeps\/wp-json\/wp\/v2\/pages\/1108\/revisions"}],"predecessor-version":[{"id":1257,"href":"https:\/\/sitetemp.inforabreu.pt\/aeps\/wp-json\/wp\/v2\/pages\/1108\/revisions\/1257"}],"wp:attachment":[{"href":"https:\/\/sitetemp.inforabreu.pt\/aeps\/wp-json\/wp\/v2\/media?parent=1108"}],"curies":[{"name":"wp","href":"https:\/\/api.w.org\/{rel}","templated":true}]}}