{"id":1274,"date":"2024-02-02T18:30:09","date_gmt":"2024-02-02T18:30:09","guid":{"rendered":"https:\/\/sitetemp.inforabreu.pt\/aevm\/?page_id=1274"},"modified":"2024-03-18T15:33:29","modified_gmt":"2024-03-18T15:33:29","slug":"ase","status":"publish","type":"page","link":"https:\/\/sitetemp.inforabreu.pt\/aevm\/index.php\/ase\/","title":{"rendered":"ASE"},"content":{"rendered":"\t\t<div data-elementor-type=\"wp-page\" data-elementor-id=\"1274\" class=\"elementor elementor-1274\">\n\t\t\t\t<div class=\"elementor-element elementor-element-cc4f042 e-flex e-con-boxed e-con e-parent\" data-id=\"cc4f042\" data-element_type=\"container\" data-settings=\"{&quot;background_background&quot;:&quot;classic&quot;}\">\n\t\t\t\t\t<div class=\"e-con-inner\">\n\t\t<div class=\"elementor-element elementor-element-414d6ef e-con-full e-flex e-con e-child\" data-id=\"414d6ef\" data-element_type=\"container\">\n\t\t\t\t<div class=\"elementor-element elementor-element-45d7c59 elementor-widget elementor-widget-heading\" data-id=\"45d7c59\" data-element_type=\"widget\" data-widget_type=\"heading.default\">\n\t\t\t\t<div class=\"elementor-widget-container\">\n\t\t\t<h1 class=\"elementor-heading-title elementor-size-default\">ASE (A\u00e7\u00e3o Social Escolar)<\/h1>\t\t<\/div>\n\t\t\t\t<\/div>\n\t\t\t\t<\/div>\n\t\t\t\t\t<\/div>\n\t\t\t\t<\/div>\n\t\t<div class=\"elementor-element elementor-element-29fd4e7 e-flex e-con-boxed e-con e-parent\" data-id=\"29fd4e7\" data-element_type=\"container\" data-settings=\"{&quot;background_background&quot;:&quot;classic&quot;}\">\n\t\t\t\t\t<div class=\"e-con-inner\">\n\t\t<div class=\"elementor-element elementor-element-8722d1b e-flex e-con-boxed e-con e-child\" data-id=\"8722d1b\" data-element_type=\"container\">\n\t\t\t\t\t<div class=\"e-con-inner\">\n\t\t\t\t<div class=\"elementor-element elementor-element-f7bb9c0 elementor-widget elementor-widget-text-editor\" data-id=\"f7bb9c0\" data-element_type=\"widget\" data-widget_type=\"text-editor.default\">\n\t\t\t\t<div class=\"elementor-widget-container\">\n\t\t\t\t\t\t\t<section class=\"elementor-section elementor-top-section elementor-element elementor-element-bfb5cc8 elementor-section-boxed elementor-section-height-default elementor-section-height-default\" data-id=\"bfb5cc8\" data-element_type=\"section\"><div class=\"elementor-container elementor-column-gap-default\"><div class=\"elementor-column elementor-col-100 elementor-top-column elementor-element elementor-element-e9c01d3\" data-id=\"e9c01d3\" data-element_type=\"column\"><div class=\"elementor-widget-wrap elementor-element-populated\"><div class=\"elementor-element elementor-element-a665c89 elementor-widget elementor-widget-heading\" data-id=\"a665c89\" data-element_type=\"widget\" data-widget_type=\"heading.default\"><div class=\"elementor-widget-container\"><h2 class=\"elementor-heading-title elementor-size-default\">\u00a0<\/h2><\/div><\/div><div class=\"elementor-element elementor-element-0bdbff9 elementor-widget elementor-widget-text-editor\" data-id=\"0bdbff9\" data-element_type=\"widget\" data-widget_type=\"text-editor.default\"><div class=\"elementor-widget-container\"><table><tbody><tr><td width=\"225\"><strong>N\u00edvel de Ensino<\/strong><\/td><td width=\"208\"><strong>Prazo de entrega<\/strong><\/td><td width=\"208\"><strong>Modelo<\/strong><\/td><\/tr><tr><td width=\"225\"><strong>Educa\u00e7\u00e3o Pr\u00e9-escolar e 1.\u00ba ano<\/strong><\/td><td width=\"208\">At\u00e9 16 julho 2021<\/td><td width=\"208\"><a href=\"https:\/\/drive.google.com\/file\/d\/1OLoDiIrFPiDlWp5ogBO5i7GfQ-aRvazt\/view?usp=sharing\"><em><u>Modelo edit\u00e1vel CMS.PDF<\/u><\/em><\/a><\/td><\/tr><tr><td width=\"225\"><strong>2.\u00ba e 3.\u00ba ciclos<\/strong><\/td><td width=\"208\">7 a 16 de julho 2021<\/td><td width=\"208\"><em><u><a href=\"https:\/\/drive.google.com\/file\/d\/1IMC3tlXbDa6FtViu4klOYx2B64O3vVJd\/view?usp=sharing\">Boletim ASE 2\u00ba e 3\u00ba ciclo.xls<\/a>x<\/u><\/em><\/td><\/tr><tr><td width=\"225\"><strong>Local de Entrega:<\/strong><\/td><td width=\"208\"><p>Sede do Agrupamento<\/p><p>ou para o email<\/p><\/td><td width=\"208\"><p>EB de Vale de Milha\u00e7os<\/p><p><a href=\"mailto:ase@aevm.pt\">ase@aevm.pt<\/a><\/p><\/td><\/tr><\/tbody><\/table><\/div><\/div><div class=\"elementor-element elementor-element-4b137a0 elementor-widget elementor-widget-text-editor\" data-id=\"4b137a0\" data-element_type=\"widget\" data-widget_type=\"text-editor.default\"><div class=\"elementor-widget-container\"><p><strong>Para mais informa\u00e7\u00f5es consultar o seguintes documentos:<\/strong><br \/><strong>\u2013\u00a0<a href=\"https:\/\/drive.google.com\/file\/d\/1-EWiedpDiZa9XI8zKGPGTPRDWkkayF-k\/view?usp=sharing\">1.\u00ba ciclo e educa\u00e7\u00e3o pr\u00e9-escolar<\/a>;<\/strong><br \/><strong>\u2013<a href=\"https:\/\/drive.google.com\/file\/d\/1J5e61uVx0wbHZS2mMy5mS3TLkkqhn85B\/view?usp=sharing\">\u00a02.\u00ba e 3.\u00ba ciclos<\/a>.<\/strong><\/p><\/div><\/div><div class=\"elementor-element elementor-element-cdbd1c4 elementor-widget elementor-widget-heading\" data-id=\"cdbd1c4\" data-element_type=\"widget\" data-widget_type=\"heading.default\"><div class=\"elementor-widget-container\"><h2 class=\"elementor-heading-title elementor-size-default\">\u00a0<\/h2><\/div><\/div><\/div><\/div><\/div><\/section><section class=\"elementor-section elementor-top-section elementor-element elementor-element-2742aaf elementor-section-boxed elementor-section-height-default elementor-section-height-default\" data-id=\"2742aaf\" data-element_type=\"section\"><div class=\"elementor-container elementor-column-gap-default\"><div class=\"elementor-column elementor-col-100 elementor-top-column elementor-element elementor-element-ae1b587\" data-id=\"ae1b587\" data-element_type=\"column\"><div class=\"elementor-widget-wrap elementor-element-populated\"><div class=\"elementor-element elementor-element-ddecb2a animated-slow elementor-widget elementor-widget-heading animated flash\" data-id=\"ddecb2a\" data-element_type=\"widget\" data-settings=\"{&quot;_animation&quot;:&quot;flash&quot;}\" data-widget_type=\"heading.default\"><div class=\"elementor-widget-container\"><h4 class=\"elementor-heading-title elementor-size-default\">Programa de Transportes Escolares \u2013 Ano Letivo 2021\/2022<\/h4><\/div><\/div><\/div><\/div><\/div><\/section><section class=\"elementor-section elementor-top-section elementor-element elementor-element-a57ac9a elementor-section-boxed elementor-section-height-default elementor-section-height-default\" data-id=\"a57ac9a\" data-element_type=\"section\"><div class=\"elementor-container elementor-column-gap-default\"><div class=\"elementor-column elementor-col-100 elementor-top-column elementor-element elementor-element-985c99c\" data-id=\"985c99c\" data-element_type=\"column\"><div class=\"elementor-widget-wrap elementor-element-populated\"><div class=\"elementor-element elementor-element-f7b0ef9 animated-slow elementor-widget elementor-widget-text-editor animated flash\" data-id=\"f7b0ef9\" data-element_type=\"widget\" data-settings=\"{&quot;_animation&quot;:&quot;flash&quot;}\" data-widget_type=\"text-editor.default\"><div class=\"elementor-widget-container\"><p>Consultar\u00a0<a href=\"https:\/\/drive.google.com\/file\/d\/1m9KJwihIEIuvScrUrDlNnxNs382bPg9y\/view?usp=sharing\">aqui<\/a><\/p><\/div><\/div><\/div><\/div><\/div><\/section>\t\t\t\t\t\t<\/div>\n\t\t\t\t<\/div>\n\t\t\t\t\t<\/div>\n\t\t\t\t<\/div>\n\t\t\t\t\t<\/div>\n\t\t\t\t<\/div>\n\t\t\t\t<\/div>\n\t\t","protected":false},"excerpt":{"rendered":"<p>ASE (A\u00e7\u00e3o Social Escolar) \u00a0 N\u00edvel de Ensino Prazo de entrega Modelo Educa\u00e7\u00e3o Pr\u00e9-escolar e 1.\u00ba ano At\u00e9 16 julho 2021 Modelo edit\u00e1vel CMS.PDF 2.\u00ba e 3.\u00ba ciclos 7 a 16 de julho 2021 Boletim ASE 2\u00ba e 3\u00ba ciclo.xlsx Local de Entrega: Sede do Agrupamento ou para o email EB de Vale de Milha\u00e7os [&hellip;]<\/p>\n","protected":false},"author":1,"featured_media":0,"parent":0,"menu_order":0,"comment_status":"closed","ping_status":"closed","template":"","meta":{"_seopress_robots_primary_cat":"","_seopress_titles_title":"","_seopress_titles_desc":"","_seopress_robots_index":"","site-sidebar-layout":"no-sidebar","site-content-layout":"page-builder","ast-site-content-layout":"full-width-container","site-content-style":"unboxed","site-sidebar-style":"unboxed","ast-global-header-display":"","ast-banner-title-visibility":"","ast-main-header-display":"","ast-hfb-above-header-display":"","ast-hfb-below-header-display":"","ast-hfb-mobile-header-display":"","site-post-title":"disabled","ast-breadcrumbs-content":"disabled","ast-featured-img":"disabled","footer-sml-layout":"","theme-transparent-header-meta":"default","adv-header-id-meta":"","stick-header-meta":"","header-above-stick-meta":"","header-main-stick-meta":"","header-below-stick-meta":"","astra-migrate-meta-layouts":"set","ast-page-background-enabled":"default","ast-page-background-meta":{"desktop":{"background-color":"","background-image":"","background-repeat":"repeat","background-position":"center center","background-size":"auto","background-attachment":"scroll","background-type":"","background-media":"","overlay-type":"","overlay-color":"","overlay-opacity":"","overlay-gradient":""},"tablet":{"background-color":"","background-image":"","background-repeat":"repeat","background-position":"center center","background-size":"auto","background-attachment":"scroll","background-type":"","background-media":"","overlay-type":"","overlay-color":"","overlay-opacity":"","overlay-gradient":""},"mobile":{"background-color":"","background-image":"","background-repeat":"repeat","background-position":"center center","background-size":"auto","background-attachment":"scroll","background-type":"","background-media":"","overlay-type":"","overlay-color":"","overlay-opacity":"","overlay-gradient":""}},"ast-content-background-meta":{"desktop":{"background-color":"var(--ast-global-color-5)","background-image":"","background-repeat":"repeat","background-position":"center center","background-size":"auto","background-attachment":"scroll","background-type":"","background-media":"","overlay-type":"","overlay-color":"","overlay-opacity":"","overlay-gradient":""},"tablet":{"background-color":"var(--ast-global-color-5)","background-image":"","background-repeat":"repeat","background-position":"center center","background-size":"auto","background-attachment":"scroll","background-type":"","background-media":"","overlay-type":"","overlay-color":"","overlay-opacity":"","overlay-gradient":""},"mobile":{"background-color":"var(--ast-global-color-5)","background-image":"","background-repeat":"repeat","background-position":"center center","background-size":"auto","background-attachment":"scroll","background-type":"","background-media":"","overlay-type":"","overlay-color":"","overlay-opacity":"","overlay-gradient":""}},"footnotes":""},"class_list":["post-1274","page","type-page","status-publish","hentry"],"_links":{"self":[{"href":"https:\/\/sitetemp.inforabreu.pt\/aevm\/index.php\/wp-json\/wp\/v2\/pages\/1274","targetHints":{"allow":["GET"]}}],"collection":[{"href":"https:\/\/sitetemp.inforabreu.pt\/aevm\/index.php\/wp-json\/wp\/v2\/pages"}],"about":[{"href":"https:\/\/sitetemp.inforabreu.pt\/aevm\/index.php\/wp-json\/wp\/v2\/types\/page"}],"author":[{"embeddable":true,"href":"https:\/\/sitetemp.inforabreu.pt\/aevm\/index.php\/wp-json\/wp\/v2\/users\/1"}],"replies":[{"embeddable":true,"href":"https:\/\/sitetemp.inforabreu.pt\/aevm\/index.php\/wp-json\/wp\/v2\/comments?post=1274"}],"version-history":[{"count":34,"href":"https:\/\/sitetemp.inforabreu.pt\/aevm\/index.php\/wp-json\/wp\/v2\/pages\/1274\/revisions"}],"predecessor-version":[{"id":1546,"href":"https:\/\/sitetemp.inforabreu.pt\/aevm\/index.php\/wp-json\/wp\/v2\/pages\/1274\/revisions\/1546"}],"wp:attachment":[{"href":"https:\/\/sitetemp.inforabreu.pt\/aevm\/index.php\/wp-json\/wp\/v2\/media?parent=1274"}],"curies":[{"name":"wp","href":"https:\/\/api.w.org\/{rel}","templated":true}]}}