{"id":1289,"date":"2024-02-02T18:38:01","date_gmt":"2024-02-02T18:38:01","guid":{"rendered":"https:\/\/sitetemp.inforabreu.pt\/aevm\/?page_id=1289"},"modified":"2024-03-18T15:54:32","modified_gmt":"2024-03-18T15:54:32","slug":"escola-digital","status":"publish","type":"page","link":"https:\/\/sitetemp.inforabreu.pt\/aevm\/index.php\/escola-digital\/","title":{"rendered":"Escola Digital"},"content":{"rendered":"\t\t<div data-elementor-type=\"wp-page\" data-elementor-id=\"1289\" class=\"elementor elementor-1289\">\n\t\t\t\t<div class=\"elementor-element elementor-element-cc4f042 e-flex e-con-boxed e-con e-parent\" data-id=\"cc4f042\" data-element_type=\"container\" data-settings=\"{&quot;background_background&quot;:&quot;classic&quot;}\">\n\t\t\t\t\t<div class=\"e-con-inner\">\n\t\t<div class=\"elementor-element elementor-element-414d6ef e-con-full e-flex e-con e-child\" data-id=\"414d6ef\" data-element_type=\"container\">\n\t\t\t\t<div class=\"elementor-element elementor-element-45d7c59 elementor-widget elementor-widget-heading\" data-id=\"45d7c59\" data-element_type=\"widget\" data-widget_type=\"heading.default\">\n\t\t\t\t<div class=\"elementor-widget-container\">\n\t\t\t<h1 class=\"elementor-heading-title elementor-size-default\">Escola Digital<\/h1>\t\t<\/div>\n\t\t\t\t<\/div>\n\t\t\t\t<\/div>\n\t\t\t\t\t<\/div>\n\t\t\t\t<\/div>\n\t\t<div class=\"elementor-element elementor-element-f18de8d e-flex e-con-boxed e-con e-parent\" data-id=\"f18de8d\" data-element_type=\"container\" data-settings=\"{&quot;background_background&quot;:&quot;classic&quot;}\">\n\t\t\t\t\t<div class=\"e-con-inner\">\n\t\t<div class=\"elementor-element elementor-element-c886c31 e-con-full e-flex e-con e-child\" data-id=\"c886c31\" data-element_type=\"container\">\n\t\t\t\t<div class=\"elementor-element elementor-element-ff004e3 elementor-widget elementor-widget-text-editor\" data-id=\"ff004e3\" data-element_type=\"widget\" data-widget_type=\"text-editor.default\">\n\t\t\t\t<div class=\"elementor-widget-container\">\n\t\t\t\t\t\t\t<figure class=\"wp-block-image size-full\"><img fetchpriority=\"high\" decoding=\"async\" class=\"wp-image-9665\" src=\"https:\/\/aevm.pt\/wp-content\/uploads\/2023\/09\/inf-escola-digital.png\" sizes=\"(max-width: 567px) 100vw, 567px\" srcset=\"https:\/\/aevm.pt\/wp-content\/uploads\/2023\/09\/inf-escola-digital.png 567w, https:\/\/aevm.pt\/wp-content\/uploads\/2023\/09\/inf-escola-digital-212x300.png 212w\" alt=\"\" width=\"567\" height=\"803\" \/><\/figure><h2>\u00a0<\/h2><h5 class=\"wp-block-heading\">Manual Kit Digital<\/h5><figure class=\"wp-block-image size-full\"><img decoding=\"async\" class=\"wp-image-9662\" src=\"https:\/\/aevm.pt\/wp-content\/uploads\/2023\/09\/manual-kit-digital.jpg\" sizes=\"(max-width: 611px) 100vw, 611px\" srcset=\"https:\/\/aevm.pt\/wp-content\/uploads\/2023\/09\/manual-kit-digital.jpg 611w, https:\/\/aevm.pt\/wp-content\/uploads\/2023\/09\/manual-kit-digital-233x300.jpg 233w\" alt=\"\" width=\"611\" height=\"788\" \/><\/figure><h5>\u00a0<\/h5><h5 class=\"wp-block-heading\">Documentos de Apoio na Configura\u00e7\u00e3o<\/h5><ul><li>Configura\u00e7\u00e3o do port\u00e1til (todos os modelos) \u2013<a href=\"https:\/\/drive.google.com\/file\/d\/10KQjfZOm6KU0pwBcRoLloWXDLjeDeHWN\/view?usp=sharing\">\u00a01.\u00ba ciclo<\/a>\u00a0\/\u00a0<a href=\"https:\/\/drive.google.com\/file\/d\/1yPXhqRptK3IMi75lvqZnHKrSxWdPZ_31\/view?usp=sharing\">2.\u00ba e 3.\u00ba ciclo<\/a>;<\/li><li>Configura\u00e7\u00e3o da internet (todos os modelos);<\/li><li>Configura\u00e7\u00e3o do e-mail Microsoft (Teams \/ Office 365) e reposi\u00e7\u00f5es de passwords.<\/li><\/ul><p><a href=\"https:\/\/drive.google.com\/file\/d\/10nWedfy1Tn_I4OuHA2a05aVxYSvIcPJF\/view?usp=sharing\">Devolu\u00e7\u00e3o de Equipamentos Escola Digital 2022\/2023 \u2013\u00a04.o, 6.o e 9.o anos de escolaridade- informa\u00e7\u00f5es\u00a0<\/a><img decoding=\"async\" src=\"https:\/\/drive.google.com\/file\/d\/1aH5zUb4rOKMOtPgsNoFoot88ew6YZvw7\/view?usp=sharing\" alt=\"\" \/><\/p><p><img decoding=\"async\" src=\"https:\/\/aevm.pt\/wp-content\/uploads\/2023\/06\/dev-eq.jpg\" sizes=\"(max-width: 765px) 100vw, 765px\" srcset=\"https:\/\/aevm.pt\/wp-content\/uploads\/2023\/06\/dev-eq.jpg 765w, https:\/\/aevm.pt\/wp-content\/uploads\/2023\/06\/dev-eq-291x300.jpg 291w\" alt=\"\" width=\"765\" height=\"790\" \/><br \/><img loading=\"lazy\" decoding=\"async\" src=\"https:\/\/aevm.pt\/wp-content\/uploads\/2023\/06\/datas-entrega-pcs-1024x301.jpg\" sizes=\"(max-width: 1024px) 100vw, 1024px\" srcset=\"https:\/\/aevm.pt\/wp-content\/uploads\/2023\/06\/datas-entrega-pcs-1024x301.jpg 1024w, https:\/\/aevm.pt\/wp-content\/uploads\/2023\/06\/datas-entrega-pcs-300x88.jpg 300w, https:\/\/aevm.pt\/wp-content\/uploads\/2023\/06\/datas-entrega-pcs-768x226.jpg 768w, https:\/\/aevm.pt\/wp-content\/uploads\/2023\/06\/datas-entrega-pcs.jpg 1031w\" alt=\"\" width=\"1024\" height=\"301\" \/><\/p><p><a href=\"https:\/\/docs.google.com\/document\/d\/1H2bI9KxAZr-r2EpGyiT-iPR8hH2rMHN7b6OnUqKvask\/edit?usp=sharing\">Devolu\u00e7\u00e3o de Equipamentos Escola Digital 2021\/2022<\/a><br \/>4.\u00ba, 6.\u00ba e 9.\u00ba anos de escolaridade<\/p><ul><li>Local de devolu\u00e7\u00e3o;<\/li><li>Condi\u00e7\u00f5es de devolu\u00e7\u00e3o;<\/li><li>Datas e hor\u00e1rios.\u00a0<\/li><\/ul><p><img loading=\"lazy\" decoding=\"async\" src=\"https:\/\/aevm.pt\/wp-content\/uploads\/2022\/02\/ESCOLA-DIGITAL.png\" sizes=\"(max-width: 804px) 100vw, 804px\" srcset=\"https:\/\/aevm.pt\/wp-content\/uploads\/2022\/02\/ESCOLA-DIGITAL.png 804w, https:\/\/aevm.pt\/wp-content\/uploads\/2022\/02\/ESCOLA-DIGITAL-300x59.png 300w, https:\/\/aevm.pt\/wp-content\/uploads\/2022\/02\/ESCOLA-DIGITAL-768x152.png 768w\" alt=\"\" width=\"804\" height=\"159\" \/><\/p><ul><li><a href=\"https:\/\/drive.google.com\/file\/d\/1r9TdjJxc1afwBlACt0E6ugiFmlVJx-PG\/view?usp=sharing\">Como resolver a situa\u00e7\u00e3o de Bloqueio de Port\u00e1teis do programa Escola Digital<\/a>?<\/li><\/ul><p>\u00a0O utilit\u00e1rio dever\u00e1 ser descarregado a partir do seguinte endere\u00e7o:<\/p><p><a href=\"https:\/\/cuco.inforlandia.pt\/ucode\/\">https:\/\/cuco.inforlandia.pt\/ucode\/<\/a><\/p><p><a href=\"https:\/\/cuco.inforlandia.pt\/updates\/\">https:\/\/cuco.inforlandia.pt\/updates<\/a><\/p><ul><li><a href=\"https:\/\/drive.google.com\/file\/d\/15yhjZh6zjrYVS71BFiawyolj50A8NKKS\/view?usp=sharing\">Como configurar Hotspot (acesso \u00e0 Internet) conforme o diferente tipo de cart\u00e3o associado (MEO, NOS, Vodafone<\/a>)?<\/li><li>PC- INSYS \u2013 Como instalar e configurar o SIM Card? \u2013\u00a0<a href=\"https:\/\/drive.google.com\/file\/d\/1aLrJBNCeRewZaOUtP9YJngO-pYAVHqr_\/view?usp=sharing\">Modelo QW1<\/a>\/<a href=\"https:\/\/drive.google.com\/file\/d\/1XuoGf-ydZXf6lDpQT59V2wsflcmak4Pp\/view?usp=sharing\">Modelo WH1<\/a><\/li><\/ul>\t\t\t\t\t\t<\/div>\n\t\t\t\t<\/div>\n\t\t\t\t<\/div>\n\t\t\t\t\t<\/div>\n\t\t\t\t<\/div>\n\t\t\t\t<\/div>\n\t\t","protected":false},"excerpt":{"rendered":"<p>Escola Digital \u00a0 Manual Kit Digital \u00a0 Documentos de Apoio na Configura\u00e7\u00e3o Configura\u00e7\u00e3o do port\u00e1til (todos os modelos) \u2013\u00a01.\u00ba ciclo\u00a0\/\u00a02.\u00ba e 3.\u00ba ciclo; Configura\u00e7\u00e3o da internet (todos os modelos); Configura\u00e7\u00e3o do e-mail Microsoft (Teams \/ Office 365) e reposi\u00e7\u00f5es de passwords. Devolu\u00e7\u00e3o de Equipamentos Escola Digital 2022\/2023 \u2013\u00a04.o, 6.o e 9.o anos de escolaridade- informa\u00e7\u00f5es\u00a0 [&hellip;]<\/p>\n","protected":false},"author":1,"featured_media":0,"parent":0,"menu_order":0,"comment_status":"closed","ping_status":"closed","template":"","meta":{"_seopress_robots_primary_cat":"","_seopress_titles_title":"","_seopress_titles_desc":"","_seopress_robots_index":"","site-sidebar-layout":"no-sidebar","site-content-layout":"page-builder","ast-site-content-layout":"","site-content-style":"default","site-sidebar-style":"default","ast-global-header-display":"","ast-banner-title-visibility":"","ast-main-header-display":"","ast-hfb-above-header-display":"","ast-hfb-below-header-display":"","ast-hfb-mobile-header-display":"","site-post-title":"disabled","ast-breadcrumbs-content":"disabled","ast-featured-img":"disabled","footer-sml-layout":"","theme-transparent-header-meta":"default","adv-header-id-meta":"","stick-header-meta":"","header-above-stick-meta":"","header-main-stick-meta":"","header-below-stick-meta":"","astra-migrate-meta-layouts":"default","ast-page-background-enabled":"default","ast-page-background-meta":{"desktop":{"background-color":"","background-image":"","background-repeat":"repeat","background-position":"center center","background-size":"auto","background-attachment":"scroll","background-type":"","background-media":"","overlay-type":"","overlay-color":"","overlay-opacity":"","overlay-gradient":""},"tablet":{"background-color":"","background-image":"","background-repeat":"repeat","background-position":"center center","background-size":"auto","background-attachment":"scroll","background-type":"","background-media":"","overlay-type":"","overlay-color":"","overlay-opacity":"","overlay-gradient":""},"mobile":{"background-color":"","background-image":"","background-repeat":"repeat","background-position":"center center","background-size":"auto","background-attachment":"scroll","background-type":"","background-media":"","overlay-type":"","overlay-color":"","overlay-opacity":"","overlay-gradient":""}},"ast-content-background-meta":{"desktop":{"background-color":"var(--ast-global-color-5)","background-image":"","background-repeat":"repeat","background-position":"center center","background-size":"auto","background-attachment":"scroll","background-type":"","background-media":"","overlay-type":"","overlay-color":"","overlay-opacity":"","overlay-gradient":""},"tablet":{"background-color":"var(--ast-global-color-5)","background-image":"","background-repeat":"repeat","background-position":"center center","background-size":"auto","background-attachment":"scroll","background-type":"","background-media":"","overlay-type":"","overlay-color":"","overlay-opacity":"","overlay-gradient":""},"mobile":{"background-color":"var(--ast-global-color-5)","background-image":"","background-repeat":"repeat","background-position":"center center","background-size":"auto","background-attachment":"scroll","background-type":"","background-media":"","overlay-type":"","overlay-color":"","overlay-opacity":"","overlay-gradient":""}},"footnotes":""},"class_list":["post-1289","page","type-page","status-publish","hentry"],"_links":{"self":[{"href":"https:\/\/sitetemp.inforabreu.pt\/aevm\/index.php\/wp-json\/wp\/v2\/pages\/1289","targetHints":{"allow":["GET"]}}],"collection":[{"href":"https:\/\/sitetemp.inforabreu.pt\/aevm\/index.php\/wp-json\/wp\/v2\/pages"}],"about":[{"href":"https:\/\/sitetemp.inforabreu.pt\/aevm\/index.php\/wp-json\/wp\/v2\/types\/page"}],"author":[{"embeddable":true,"href":"https:\/\/sitetemp.inforabreu.pt\/aevm\/index.php\/wp-json\/wp\/v2\/users\/1"}],"replies":[{"embeddable":true,"href":"https:\/\/sitetemp.inforabreu.pt\/aevm\/index.php\/wp-json\/wp\/v2\/comments?post=1289"}],"version-history":[{"count":10,"href":"https:\/\/sitetemp.inforabreu.pt\/aevm\/index.php\/wp-json\/wp\/v2\/pages\/1289\/revisions"}],"predecessor-version":[{"id":1567,"href":"https:\/\/sitetemp.inforabreu.pt\/aevm\/index.php\/wp-json\/wp\/v2\/pages\/1289\/revisions\/1567"}],"wp:attachment":[{"href":"https:\/\/sitetemp.inforabreu.pt\/aevm\/index.php\/wp-json\/wp\/v2\/media?parent=1289"}],"curies":[{"name":"wp","href":"https:\/\/api.w.org\/{rel}","templated":true}]}}