{"id":1408,"date":"2024-02-16T21:41:13","date_gmt":"2024-02-16T21:41:13","guid":{"rendered":"https:\/\/sitetemp.inforabreu.pt\/aevm\/?page_id=1408"},"modified":"2024-02-24T15:18:47","modified_gmt":"2024-02-24T15:18:47","slug":"orgaos","status":"publish","type":"page","link":"https:\/\/sitetemp.inforabreu.pt\/aevm\/index.php\/orgaos\/","title":{"rendered":"\u00d3rg\u00e3os"},"content":{"rendered":"\t\t<div data-elementor-type=\"wp-page\" data-elementor-id=\"1408\" class=\"elementor elementor-1408\">\n\t\t\t\t<div class=\"elementor-element elementor-element-cc4f042 e-flex e-con-boxed e-con e-parent\" data-id=\"cc4f042\" data-element_type=\"container\" data-settings=\"{&quot;background_background&quot;:&quot;classic&quot;}\">\n\t\t\t\t\t<div class=\"e-con-inner\">\n\t\t<div class=\"elementor-element elementor-element-414d6ef e-con-full e-flex e-con e-child\" data-id=\"414d6ef\" data-element_type=\"container\">\n\t\t\t\t<div class=\"elementor-element elementor-element-45d7c59 elementor-widget elementor-widget-heading\" data-id=\"45d7c59\" data-element_type=\"widget\" data-widget_type=\"heading.default\">\n\t\t\t\t<div class=\"elementor-widget-container\">\n\t\t\t<h1 class=\"elementor-heading-title elementor-size-default\">\u00d3RG\u00c3OS<\/h1>\t\t<\/div>\n\t\t\t\t<\/div>\n\t\t\t\t<\/div>\n\t\t\t\t\t<\/div>\n\t\t\t\t<\/div>\n\t\t<div class=\"elementor-element elementor-element-29fd4e7 e-flex e-con-boxed e-con e-parent\" data-id=\"29fd4e7\" data-element_type=\"container\" data-settings=\"{&quot;background_background&quot;:&quot;classic&quot;}\">\n\t\t\t\t\t<div class=\"e-con-inner\">\n\t\t<div class=\"elementor-element elementor-element-8722d1b e-flex e-con-boxed e-con e-child\" data-id=\"8722d1b\" data-element_type=\"container\">\n\t\t\t\t\t<div class=\"e-con-inner\">\n\t\t\t\t<div class=\"elementor-element elementor-element-9422d67 elementor-widget elementor-widget-toggle\" data-id=\"9422d67\" data-element_type=\"widget\" data-widget_type=\"toggle.default\">\n\t\t\t\t<div class=\"elementor-widget-container\">\n\t\t\t\t\t<div class=\"elementor-toggle\">\n\t\t\t\t\t\t\t<div class=\"elementor-toggle-item\">\n\t\t\t\t\t<div id=\"elementor-tab-title-1551\" class=\"elementor-tab-title\" data-tab=\"1\" role=\"button\" aria-controls=\"elementor-tab-content-1551\" aria-expanded=\"false\">\n\t\t\t\t\t\t\t\t\t\t\t\t<span class=\"elementor-toggle-icon elementor-toggle-icon-right\" aria-hidden=\"true\">\n\t\t\t\t\t\t\t\t\t\t\t\t\t\t\t<span class=\"elementor-toggle-icon-closed\"><svg class=\"e-font-icon-svg e-fas-caret-right\" viewBox=\"0 0 192 512\" xmlns=\"http:\/\/www.w3.org\/2000\/svg\"><path d=\"M0 384.662V127.338c0-17.818 21.543-26.741 34.142-14.142l128.662 128.662c7.81 7.81 7.81 20.474 0 28.284L34.142 398.804C21.543 411.404 0 402.48 0 384.662z\"><\/path><\/svg><\/span>\n\t\t\t\t\t\t\t\t<span class=\"elementor-toggle-icon-opened\"><svg class=\"elementor-toggle-icon-opened e-font-icon-svg e-fas-caret-up\" viewBox=\"0 0 320 512\" xmlns=\"http:\/\/www.w3.org\/2000\/svg\"><path d=\"M288.662 352H31.338c-17.818 0-26.741-21.543-14.142-34.142l128.662-128.662c7.81-7.81 20.474-7.81 28.284 0l128.662 128.662c12.6 12.599 3.676 34.142-14.142 34.142z\"><\/path><\/svg><\/span>\n\t\t\t\t\t\t\t\t\t\t\t\t\t<\/span>\n\t\t\t\t\t\t\t\t\t\t\t\t<a class=\"elementor-toggle-title\" tabindex=\"0\">Dire\u00e7\u00e3o<\/a>\n\t\t\t\t\t<\/div>\n\n\t\t\t\t\t<div id=\"elementor-tab-content-1551\" class=\"elementor-tab-content elementor-clearfix\" data-tab=\"1\" role=\"region\" aria-labelledby=\"elementor-tab-title-1551\"><table><tbody><tr><td><strong>Diretora<\/strong><\/td><td>Ana Sofia Dias<\/td><\/tr><tr><td><strong>Subdiretora<\/strong><\/td><td>Maria Isabel Alc\u00e2ntara<\/td><\/tr><tr><td><strong>Adjuntas<\/strong><\/td><td><table><tbody><tr><td>Maria da Gl\u00f3ria Martins<\/td><\/tr><tr><td>Marta Teixeira<\/td><\/tr><tr><td>Vanda Barreiras<\/td><\/tr><\/tbody><\/table><\/td><\/tr><\/tbody><\/table><\/div>\n\t\t\t\t<\/div>\n\t\t\t\t\t\t\t<div class=\"elementor-toggle-item\">\n\t\t\t\t\t<div id=\"elementor-tab-title-1552\" class=\"elementor-tab-title\" data-tab=\"2\" role=\"button\" aria-controls=\"elementor-tab-content-1552\" aria-expanded=\"false\">\n\t\t\t\t\t\t\t\t\t\t\t\t<span class=\"elementor-toggle-icon elementor-toggle-icon-right\" aria-hidden=\"true\">\n\t\t\t\t\t\t\t\t\t\t\t\t\t\t\t<span class=\"elementor-toggle-icon-closed\"><svg class=\"e-font-icon-svg e-fas-caret-right\" viewBox=\"0 0 192 512\" xmlns=\"http:\/\/www.w3.org\/2000\/svg\"><path d=\"M0 384.662V127.338c0-17.818 21.543-26.741 34.142-14.142l128.662 128.662c7.81 7.81 7.81 20.474 0 28.284L34.142 398.804C21.543 411.404 0 402.48 0 384.662z\"><\/path><\/svg><\/span>\n\t\t\t\t\t\t\t\t<span class=\"elementor-toggle-icon-opened\"><svg class=\"elementor-toggle-icon-opened e-font-icon-svg e-fas-caret-up\" viewBox=\"0 0 320 512\" xmlns=\"http:\/\/www.w3.org\/2000\/svg\"><path d=\"M288.662 352H31.338c-17.818 0-26.741-21.543-14.142-34.142l128.662-128.662c7.81-7.81 20.474-7.81 28.284 0l128.662 128.662c12.6 12.599 3.676 34.142-14.142 34.142z\"><\/path><\/svg><\/span>\n\t\t\t\t\t\t\t\t\t\t\t\t\t<\/span>\n\t\t\t\t\t\t\t\t\t\t\t\t<a class=\"elementor-toggle-title\" tabindex=\"0\">Conselho Geral<\/a>\n\t\t\t\t\t<\/div>\n\n\t\t\t\t\t<div id=\"elementor-tab-content-1552\" class=\"elementor-tab-content elementor-clearfix\" data-tab=\"2\" role=\"region\" aria-labelledby=\"elementor-tab-title-1552\"><table><tbody><tr><td><strong>Presidente<\/strong><\/td><\/tr><tr><td>Ant\u00f3nio Barreiras\u00a0<\/td><\/tr><\/tbody><\/table><table><tbody><tr><td><strong>Docentes<\/strong><\/td><\/tr><tr><td>Ant\u00f3nio Barreiras<\/td><\/tr><tr><td>Ana Sofia Dias<\/td><\/tr><tr><td>Ana Teresa Correia<\/td><\/tr><tr><td>Helena Rato<\/td><\/tr><tr><td>Maria L\u00eddia Matias<\/td><\/tr><tr><td>Susana Alves<\/td><\/tr><tr><td>Teresa Lopes<\/td><\/tr><tr><td>Jo\u00e3o Cordeiro<\/td><\/tr><tr><td>Jorge Mendes<\/td><\/tr><\/tbody><\/table><table><tbody><tr><td><strong>Representantes dos Pais e E. Educa\u00e7\u00e3o:\u00a0<\/strong><\/td><\/tr><\/tbody><\/table><table><tbody><tr><td>\u00a0Efetivos<table><tbody><tr><td>Anabela Lopes<\/td><\/tr><tr><td>Dilar Ara\u00fajo<\/td><\/tr><tr><td>Dineia Carvalho<\/td><\/tr><tr><td>Marta Barbosa<\/td><\/tr><tr><td>M\u00f3nica Marques<\/td><\/tr><tr><td>Raquel Gouveia<\/td><\/tr><\/tbody><\/table><\/td><td>Suplentes<table><tbody><tr><td>Nuno Dias\u00a0<\/td><\/tr><tr><td>Carmen Brizida<\/td><\/tr><tr><td>Nuno Soares<\/td><\/tr><tr><td>Andreia Covita<\/td><\/tr><tr><td>Gisela Correia<\/td><\/tr><tr><td>Ania Martins<\/td><\/tr><\/tbody><\/table><\/td><\/tr><\/tbody><\/table><table><tbody><tr><td><strong>N\u00e3o Docentes<\/strong><\/td><\/tr><tr><td>Sandra Rosa<\/td><\/tr><tr><td>Jo\u00e3o Carlos Dimas<\/td><\/tr><\/tbody><\/table><table><tbody><tr><td><strong>Representantes da autarquia<\/strong><\/td><\/tr><tr><td>Rosaria Antunes<\/td><\/tr><tr><td>Maria Jo\u00e3o Macau<\/td><\/tr><tr><td>Hugo Constantino<\/td><\/tr><\/tbody><\/table><table><tbody><tr><td><strong>Representantes da comunidade<\/strong><\/td><\/tr><tr><td>Henrique Pires<\/td><\/tr><tr><td>Filomena Pereira<\/td><\/tr><\/tbody><\/table><\/div>\n\t\t\t\t<\/div>\n\t\t\t\t\t\t\t<div class=\"elementor-toggle-item\">\n\t\t\t\t\t<div id=\"elementor-tab-title-1553\" class=\"elementor-tab-title\" data-tab=\"3\" role=\"button\" aria-controls=\"elementor-tab-content-1553\" aria-expanded=\"false\">\n\t\t\t\t\t\t\t\t\t\t\t\t<span class=\"elementor-toggle-icon elementor-toggle-icon-right\" aria-hidden=\"true\">\n\t\t\t\t\t\t\t\t\t\t\t\t\t\t\t<span class=\"elementor-toggle-icon-closed\"><svg class=\"e-font-icon-svg e-fas-caret-right\" viewBox=\"0 0 192 512\" xmlns=\"http:\/\/www.w3.org\/2000\/svg\"><path d=\"M0 384.662V127.338c0-17.818 21.543-26.741 34.142-14.142l128.662 128.662c7.81 7.81 7.81 20.474 0 28.284L34.142 398.804C21.543 411.404 0 402.48 0 384.662z\"><\/path><\/svg><\/span>\n\t\t\t\t\t\t\t\t<span class=\"elementor-toggle-icon-opened\"><svg class=\"elementor-toggle-icon-opened e-font-icon-svg e-fas-caret-up\" viewBox=\"0 0 320 512\" xmlns=\"http:\/\/www.w3.org\/2000\/svg\"><path d=\"M288.662 352H31.338c-17.818 0-26.741-21.543-14.142-34.142l128.662-128.662c7.81-7.81 20.474-7.81 28.284 0l128.662 128.662c12.6 12.599 3.676 34.142-14.142 34.142z\"><\/path><\/svg><\/span>\n\t\t\t\t\t\t\t\t\t\t\t\t\t<\/span>\n\t\t\t\t\t\t\t\t\t\t\t\t<a class=\"elementor-toggle-title\" tabindex=\"0\">Conselho Administrativo <\/a>\n\t\t\t\t\t<\/div>\n\n\t\t\t\t\t<div id=\"elementor-tab-content-1553\" class=\"elementor-tab-content elementor-clearfix\" data-tab=\"3\" role=\"region\" aria-labelledby=\"elementor-tab-title-1553\"><table><tbody><tr><td><strong>DIRETORA<\/strong><\/td><td>Ana Sofia Dias<\/td><\/tr><tr><td><strong>SUBDIRETORA<\/strong><\/td><td>Maria Isabel Alc\u00e2ntara<\/td><\/tr><tr><td><strong>COORDENADORA T\u00c9CNICA<\/strong><\/td><td>Sandra Cristina Rosa<\/td><\/tr><\/tbody><\/table><\/div>\n\t\t\t\t<\/div>\n\t\t\t\t\t\t\t<div class=\"elementor-toggle-item\">\n\t\t\t\t\t<div id=\"elementor-tab-title-1554\" class=\"elementor-tab-title\" data-tab=\"4\" role=\"button\" aria-controls=\"elementor-tab-content-1554\" aria-expanded=\"false\">\n\t\t\t\t\t\t\t\t\t\t\t\t<span class=\"elementor-toggle-icon elementor-toggle-icon-right\" aria-hidden=\"true\">\n\t\t\t\t\t\t\t\t\t\t\t\t\t\t\t<span class=\"elementor-toggle-icon-closed\"><svg class=\"e-font-icon-svg e-fas-caret-right\" viewBox=\"0 0 192 512\" xmlns=\"http:\/\/www.w3.org\/2000\/svg\"><path d=\"M0 384.662V127.338c0-17.818 21.543-26.741 34.142-14.142l128.662 128.662c7.81 7.81 7.81 20.474 0 28.284L34.142 398.804C21.543 411.404 0 402.48 0 384.662z\"><\/path><\/svg><\/span>\n\t\t\t\t\t\t\t\t<span class=\"elementor-toggle-icon-opened\"><svg class=\"elementor-toggle-icon-opened e-font-icon-svg e-fas-caret-up\" viewBox=\"0 0 320 512\" xmlns=\"http:\/\/www.w3.org\/2000\/svg\"><path d=\"M288.662 352H31.338c-17.818 0-26.741-21.543-14.142-34.142l128.662-128.662c7.81-7.81 20.474-7.81 28.284 0l128.662 128.662c12.6 12.599 3.676 34.142-14.142 34.142z\"><\/path><\/svg><\/span>\n\t\t\t\t\t\t\t\t\t\t\t\t\t<\/span>\n\t\t\t\t\t\t\t\t\t\t\t\t<a class=\"elementor-toggle-title\" tabindex=\"0\">Conselho Pedag\u00f3gico <\/a>\n\t\t\t\t\t<\/div>\n\n\t\t\t\t\t<div id=\"elementor-tab-content-1554\" class=\"elementor-tab-content elementor-clearfix\" data-tab=\"4\" role=\"region\" aria-labelledby=\"elementor-tab-title-1554\"><table width=\"690\"><tbody><tr><td><p><strong>CONSELHEIROS<\/strong><\/p><\/td><td><p><strong>NOME<\/strong><\/p><\/td><\/tr><tr><td><p>Diretora<\/p><\/td><td><p>Ana Sofia Dias<\/p><\/td><\/tr><tr><td><p>Elemento da Dire\u00e7\u00e3o representante do 1.\u00ba ciclo<\/p><\/td><td><p>Isabel Alc\u00e2ntara<\/p><\/td><\/tr><tr><td><p>Elemento da Dire\u00e7\u00e3o representante do 2.\u00ba ciclo<\/p><\/td><td><p>Gl\u00f3ria Martins<\/p><\/td><\/tr><tr><td><p>Coordenadora do Departamento de L\u00ednguas<\/p><\/td><td><p>F\u00e1tima Valente<\/p><\/td><\/tr><tr><td><p>Coordenadora do Departamento C. Sociais e Humanas<\/p><\/td><td><p>Julieta Rodrigues<\/p><\/td><\/tr><tr><td><p>Coordenadora do Departamento Matem\u00e1tica e C. Experimentais<\/p><\/td><td><p>Salom\u00e9 Janes<\/p><\/td><\/tr><tr><td><p>Coordenadora do Departamento de Express\u00f5es<\/p><\/td><td><p>Filomena Sousa<\/p><\/td><\/tr><tr><td><p>Coordenadora do Departamento do Pr\u00e9-Escolar<\/p><\/td><td><p>Rute Marques<\/p><\/td><\/tr><tr><td><p>Coordenadora do Departamento do 1\u00ba Ciclo<\/p><\/td><td><p>F\u00e1tima Soares<\/p><\/td><\/tr><tr><td><p>Coordenadora do 3.\u00ba ano<\/p><\/td><td><p>S\u00f3nia Viegas<\/p><\/td><\/tr><tr><td><p>Coordenadora do 4.\u00ba ano<\/p><\/td><td><p>Adriana Ferreirinho<\/p><\/td><\/tr><tr><td><p>Coordenadora da Educa\u00e7\u00e3o Especial<\/p><\/td><td><p>Elisabete Salgueiro<\/p><\/td><\/tr><tr><td><p>Coordenadora de Ciclo<\/p><\/td><td><p>Gabriel Coelho<\/p><\/td><\/tr><tr><td><p>Coordenadora das Bibliotecas Escolares<\/p><\/td><td><p>Ana Brioso<\/p><\/td><\/tr><tr><td><p>Coordenadora do PTE<\/p><\/td><td><p>Marta Teixeira<\/p><\/td><\/tr><\/tbody><\/table><\/div>\n\t\t\t\t<\/div>\n\t\t\t\t\t\t\t<div class=\"elementor-toggle-item\">\n\t\t\t\t\t<div id=\"elementor-tab-title-1555\" class=\"elementor-tab-title\" data-tab=\"5\" role=\"button\" aria-controls=\"elementor-tab-content-1555\" aria-expanded=\"false\">\n\t\t\t\t\t\t\t\t\t\t\t\t<span class=\"elementor-toggle-icon elementor-toggle-icon-right\" aria-hidden=\"true\">\n\t\t\t\t\t\t\t\t\t\t\t\t\t\t\t<span class=\"elementor-toggle-icon-closed\"><svg class=\"e-font-icon-svg e-fas-caret-right\" viewBox=\"0 0 192 512\" xmlns=\"http:\/\/www.w3.org\/2000\/svg\"><path d=\"M0 384.662V127.338c0-17.818 21.543-26.741 34.142-14.142l128.662 128.662c7.81 7.81 7.81 20.474 0 28.284L34.142 398.804C21.543 411.404 0 402.48 0 384.662z\"><\/path><\/svg><\/span>\n\t\t\t\t\t\t\t\t<span class=\"elementor-toggle-icon-opened\"><svg class=\"elementor-toggle-icon-opened e-font-icon-svg e-fas-caret-up\" viewBox=\"0 0 320 512\" xmlns=\"http:\/\/www.w3.org\/2000\/svg\"><path d=\"M288.662 352H31.338c-17.818 0-26.741-21.543-14.142-34.142l128.662-128.662c7.81-7.81 20.474-7.81 28.284 0l128.662 128.662c12.6 12.599 3.676 34.142-14.142 34.142z\"><\/path><\/svg><\/span>\n\t\t\t\t\t\t\t\t\t\t\t\t\t<\/span>\n\t\t\t\t\t\t\t\t\t\t\t\t<a class=\"elementor-toggle-title\" tabindex=\"0\">Coordenadores de Estabelecimento <\/a>\n\t\t\t\t\t<\/div>\n\n\t\t\t\t\t<div id=\"elementor-tab-content-1555\" class=\"elementor-tab-content elementor-clearfix\" data-tab=\"5\" role=\"region\" aria-labelledby=\"elementor-tab-title-1555\"><table><tbody><tr><td><strong>Estabelecimento de Ensino<\/strong><\/td><td>Docente<\/td><\/tr><tr><td><strong>JI de S\u00e3o Nicolau<\/strong><\/td><td>Elisabete Ferro<\/td><\/tr><tr><td><strong>EB de Santa Marta do Pinhal<\/strong><\/td><td>M\u00aa F\u00e1tima Soares<\/td><\/tr><tr><td><strong>EB do Alto do Moinho<\/strong><\/td><td>Maria de Jesus Navalhas<\/td><\/tr><tr><td><strong>EB Quinta da Cabouca<\/strong><\/td><td>Maria Jo\u00e3o Marta<\/td><\/tr><tr><td><strong>EB Quinta do Campo<\/strong><\/td><td>Maria Raquel Mendes<\/td><\/tr><tr><td><p><strong>EB Quinta de Santa Marta de Corroios\u00a0<\/strong><\/p><p><strong>JI de Vale de Milha\u00e7os<\/strong><\/p><\/td><td>Nat\u00e1lia Silva<\/td><\/tr><tr><td><strong>EB n.\u00ba 1 de Corroios<\/strong><\/td><td>Teresa Alexandra Carneiro<\/td><\/tr><tr><td><strong>JI de Corroios<\/strong><\/td><td>Maria Jo\u00e3o Fonseca<\/td><\/tr><tr><td><strong>EB de Vale de Milha\u00e7os<\/strong><\/td><td>Ana Sofia Dias<\/td><\/tr><\/tbody><\/table><\/div>\n\t\t\t\t<\/div>\n\t\t\t\t\t\t\t\t<\/div>\n\t\t\t\t<\/div>\n\t\t\t\t<\/div>\n\t\t\t\t\t<\/div>\n\t\t\t\t<\/div>\n\t\t\t\t\t<\/div>\n\t\t\t\t<\/div>\n\t\t\t\t<\/div>\n\t\t","protected":false},"excerpt":{"rendered":"<p>\u00d3RG\u00c3OS Dire\u00e7\u00e3o Diretora Ana Sofia Dias Subdiretora Maria Isabel Alc\u00e2ntara Adjuntas Maria da Gl\u00f3ria Martins Marta Teixeira Vanda Barreiras Conselho Geral Presidente Ant\u00f3nio Barreiras\u00a0 Docentes Ant\u00f3nio Barreiras Ana Sofia Dias Ana Teresa Correia Helena Rato Maria L\u00eddia Matias Susana Alves Teresa Lopes Jo\u00e3o Cordeiro Jorge Mendes Representantes dos Pais e E. Educa\u00e7\u00e3o:\u00a0 \u00a0Efetivos Anabela Lopes [&hellip;]<\/p>\n","protected":false},"author":1,"featured_media":0,"parent":0,"menu_order":0,"comment_status":"closed","ping_status":"closed","template":"","meta":{"_seopress_robots_primary_cat":"","_seopress_titles_title":"","_seopress_titles_desc":"","_seopress_robots_index":"","site-sidebar-layout":"no-sidebar","site-content-layout":"page-builder","ast-site-content-layout":"full-width-container","site-content-style":"unboxed","site-sidebar-style":"unboxed","ast-global-header-display":"","ast-banner-title-visibility":"","ast-main-header-display":"","ast-hfb-above-header-display":"","ast-hfb-below-header-display":"","ast-hfb-mobile-header-display":"","site-post-title":"disabled","ast-breadcrumbs-content":"disabled","ast-featured-img":"disabled","footer-sml-layout":"","theme-transparent-header-meta":"default","adv-header-id-meta":"","stick-header-meta":"","header-above-stick-meta":"","header-main-stick-meta":"","header-below-stick-meta":"","astra-migrate-meta-layouts":"set","ast-page-background-enabled":"default","ast-page-background-meta":{"desktop":{"background-color":"","background-image":"","background-repeat":"repeat","background-position":"center center","background-size":"auto","background-attachment":"scroll","background-type":"","background-media":"","overlay-type":"","overlay-color":"","overlay-opacity":"","overlay-gradient":""},"tablet":{"background-color":"","background-image":"","background-repeat":"repeat","background-position":"center center","background-size":"auto","background-attachment":"scroll","background-type":"","background-media":"","overlay-type":"","overlay-color":"","overlay-opacity":"","overlay-gradient":""},"mobile":{"background-color":"","background-image":"","background-repeat":"repeat","background-position":"center center","background-size":"auto","background-attachment":"scroll","background-type":"","background-media":"","overlay-type":"","overlay-color":"","overlay-opacity":"","overlay-gradient":""}},"ast-content-background-meta":{"desktop":{"background-color":"var(--ast-global-color-5)","background-image":"","background-repeat":"repeat","background-position":"center center","background-size":"auto","background-attachment":"scroll","background-type":"","background-media":"","overlay-type":"","overlay-color":"","overlay-opacity":"","overlay-gradient":""},"tablet":{"background-color":"var(--ast-global-color-5)","background-image":"","background-repeat":"repeat","background-position":"center center","background-size":"auto","background-attachment":"scroll","background-type":"","background-media":"","overlay-type":"","overlay-color":"","overlay-opacity":"","overlay-gradient":""},"mobile":{"background-color":"var(--ast-global-color-5)","background-image":"","background-repeat":"repeat","background-position":"center center","background-size":"auto","background-attachment":"scroll","background-type":"","background-media":"","overlay-type":"","overlay-color":"","overlay-opacity":"","overlay-gradient":""}},"footnotes":""},"class_list":["post-1408","page","type-page","status-publish","hentry"],"_links":{"self":[{"href":"https:\/\/sitetemp.inforabreu.pt\/aevm\/index.php\/wp-json\/wp\/v2\/pages\/1408","targetHints":{"allow":["GET"]}}],"collection":[{"href":"https:\/\/sitetemp.inforabreu.pt\/aevm\/index.php\/wp-json\/wp\/v2\/pages"}],"about":[{"href":"https:\/\/sitetemp.inforabreu.pt\/aevm\/index.php\/wp-json\/wp\/v2\/types\/page"}],"author":[{"embeddable":true,"href":"https:\/\/sitetemp.inforabreu.pt\/aevm\/index.php\/wp-json\/wp\/v2\/users\/1"}],"replies":[{"embeddable":true,"href":"https:\/\/sitetemp.inforabreu.pt\/aevm\/index.php\/wp-json\/wp\/v2\/comments?post=1408"}],"version-history":[{"count":6,"href":"https:\/\/sitetemp.inforabreu.pt\/aevm\/index.php\/wp-json\/wp\/v2\/pages\/1408\/revisions"}],"predecessor-version":[{"id":1464,"href":"https:\/\/sitetemp.inforabreu.pt\/aevm\/index.php\/wp-json\/wp\/v2\/pages\/1408\/revisions\/1464"}],"wp:attachment":[{"href":"https:\/\/sitetemp.inforabreu.pt\/aevm\/index.php\/wp-json\/wp\/v2\/media?parent=1408"}],"curies":[{"name":"wp","href":"https:\/\/api.w.org\/{rel}","templated":true}]}}