{"id":1507,"date":"2024-03-18T15:04:24","date_gmt":"2024-03-18T15:04:24","guid":{"rendered":"https:\/\/sitetemp.inforabreu.pt\/aevm\/?page_id=1507"},"modified":"2024-03-18T15:22:05","modified_gmt":"2024-03-18T15:22:05","slug":"provas-de-afericao-e-finais-de-ciclo","status":"publish","type":"page","link":"https:\/\/sitetemp.inforabreu.pt\/aevm\/index.php\/provas-de-afericao-e-finais-de-ciclo\/","title":{"rendered":"Provas de Aferi\u00e7\u00e3o e Finais de Ciclo"},"content":{"rendered":"\t\t<div data-elementor-type=\"wp-page\" data-elementor-id=\"1507\" class=\"elementor elementor-1507\">\n\t\t\t\t<div class=\"elementor-element elementor-element-cc4f042 e-flex e-con-boxed e-con e-parent\" data-id=\"cc4f042\" data-element_type=\"container\" data-settings=\"{&quot;background_background&quot;:&quot;classic&quot;}\">\n\t\t\t\t\t<div class=\"e-con-inner\">\n\t\t<div class=\"elementor-element elementor-element-414d6ef e-con-full e-flex e-con e-child\" data-id=\"414d6ef\" data-element_type=\"container\">\n\t\t\t\t<div class=\"elementor-element elementor-element-45d7c59 elementor-widget elementor-widget-heading\" data-id=\"45d7c59\" data-element_type=\"widget\" data-widget_type=\"heading.default\">\n\t\t\t\t<div class=\"elementor-widget-container\">\n\t\t\t<h1 class=\"elementor-heading-title elementor-size-default\">Provas de Aferi\u00e7\u00e3o e Finais de Ciclo<\/h1>\t\t<\/div>\n\t\t\t\t<\/div>\n\t\t\t\t<\/div>\n\t\t\t\t\t<\/div>\n\t\t\t\t<\/div>\n\t\t<div class=\"elementor-element elementor-element-7c47ff9 e-flex e-con-boxed e-con e-parent\" data-id=\"7c47ff9\" data-element_type=\"container\" data-settings=\"{&quot;background_background&quot;:&quot;classic&quot;}\">\n\t\t\t\t\t<div class=\"e-con-inner\">\n\t\t\t\t<div class=\"elementor-element elementor-element-383c210 elementor-widget elementor-widget-text-editor\" data-id=\"383c210\" data-element_type=\"widget\" data-widget_type=\"text-editor.default\">\n\t\t\t\t<div class=\"elementor-widget-container\">\n\t\t\t\t\t\t\t<p><strong><a href=\"https:\/\/www.dge.mec.pt\/sites\/default\/files\/JNE\/despacho_normativo_n.o_4_-_2024.pdf\" target=\"_blank\" rel=\"noopener\">Despacho Normativo n.\u00ba 4\/2024, de 21 de fevereiro<\/a>\u00a0\u2013<\/strong>\u00a0Aprova o Regulamento das Provas\u00a0de Avalia\u00e7\u00e3o Externa e das Provas de Equival\u00eancia \u00e0 Frequ\u00eancia dos Ensinos B\u00e1sico\u00a0e Secund\u00e1rio para o ano letivo de 2023-2024<\/p>\t\t\t\t\t\t<\/div>\n\t\t\t\t<\/div>\n\t\t\t\t<div class=\"elementor-element elementor-element-fe001b7 elementor-widget elementor-widget-text-editor\" data-id=\"fe001b7\" data-element_type=\"widget\" data-widget_type=\"text-editor.default\">\n\t\t\t\t<div class=\"elementor-widget-container\">\n\t\t\t\t\t\t\t<p><a href=\"https:\/\/jnepiepe.dge.mec.pt\/\">PLATAFORMA DE INSCRI\u00c7\u00c3O ELETR\u00d3NICA EM PROVAS E EXAMES \u2013 PIEPE<\/a><\/p><p><a href=\"https:\/\/drive.google.com\/file\/d\/1AGi4Nkpw0EUSLFtDID5i8ie5Axx1esuH\/view?usp=sharing\">Manual de Instru\u00e7\u00f5es PIEPE<\/a><\/p>\t\t\t\t\t\t<\/div>\n\t\t\t\t<\/div>\n\t\t\t\t<div class=\"elementor-element elementor-element-e0c8784 elementor-widget elementor-widget-image\" data-id=\"e0c8784\" data-element_type=\"widget\" data-widget_type=\"image.default\">\n\t\t\t\t<div class=\"elementor-widget-container\">\n\t\t\t\t\t\t\t\t\t\t\t\t\t<img fetchpriority=\"high\" decoding=\"async\" width=\"1024\" height=\"429\" src=\"https:\/\/sitetemp.inforabreu.pt\/aevm\/wp-content\/uploads\/2024\/03\/afericao-1024x429.jpg\" class=\"attachment-large size-large wp-image-1509\" alt=\"\" srcset=\"https:\/\/sitetemp.inforabreu.pt\/aevm\/wp-content\/uploads\/2024\/03\/afericao-1024x429.jpg 1024w, https:\/\/sitetemp.inforabreu.pt\/aevm\/wp-content\/uploads\/2024\/03\/afericao-300x126.jpg 300w, https:\/\/sitetemp.inforabreu.pt\/aevm\/wp-content\/uploads\/2024\/03\/afericao-768x322.jpg 768w, https:\/\/sitetemp.inforabreu.pt\/aevm\/wp-content\/uploads\/2024\/03\/afericao.jpg 1103w\" sizes=\"(max-width: 1024px) 100vw, 1024px\" \/>\t\t\t\t\t\t\t\t\t\t\t\t\t<\/div>\n\t\t\t\t<\/div>\n\t\t\t\t<div class=\"elementor-element elementor-element-68f57ce elementor-widget elementor-widget-text-editor\" data-id=\"68f57ce\" data-element_type=\"widget\" data-widget_type=\"text-editor.default\">\n\t\t\t\t<div class=\"elementor-widget-container\">\n\t\t\t\t\t\t\t<p><strong>Alunos autopropostos<\/strong>\u00a0\u2014 Estejam matriculados nas modalidades de ensino individual ou de ensino dom\u00e9stico.<\/p>\t\t\t\t\t\t<\/div>\n\t\t\t\t<\/div>\n\t\t\t\t\t<\/div>\n\t\t\t\t<\/div>\n\t\t<div class=\"elementor-element elementor-element-198953a e-flex e-con-boxed e-con e-parent\" data-id=\"198953a\" data-element_type=\"container\" data-settings=\"{&quot;background_background&quot;:&quot;classic&quot;}\">\n\t\t\t\t\t<div class=\"e-con-inner\">\n\t\t<div class=\"elementor-element elementor-element-cdf8119 e-con-full e-flex e-con e-child\" data-id=\"cdf8119\" data-element_type=\"container\">\n\t\t\t\t<div class=\"elementor-element elementor-element-01116d4 elementor-widget elementor-widget-text-editor\" data-id=\"01116d4\" data-element_type=\"widget\" data-widget_type=\"text-editor.default\">\n\t\t\t\t<div class=\"elementor-widget-container\">\n\t\t\t\t\t\t\t<p><b>1\u00aa Fase &#8211; De 26 de fevereiro a 8 de mar\u00e7o<\/b><\/p>\t\t\t\t\t\t<\/div>\n\t\t\t\t<\/div>\n\t\t\t\t<\/div>\n\t\t<div class=\"elementor-element elementor-element-e709946 e-con-full e-flex e-con e-child\" data-id=\"e709946\" data-element_type=\"container\">\n\t\t\t\t<div class=\"elementor-element elementor-element-def149b elementor-widget elementor-widget-text-editor\" data-id=\"def149b\" data-element_type=\"widget\" data-widget_type=\"text-editor.default\">\n\t\t\t\t<div class=\"elementor-widget-container\">\n\t\t\t\t\t\t\t<p><b>2\u00aa Fase &#8211; De 8 a 10 de julho (2.\u00ba e 3.\u00ba ciclos) e de 17 a 18 de julho (1.\u00ba ciclo)<\/b><\/p>\t\t\t\t\t\t<\/div>\n\t\t\t\t<\/div>\n\t\t\t\t<\/div>\n\t\t\t\t\t<\/div>\n\t\t\t\t<\/div>\n\t\t<div class=\"elementor-element elementor-element-9538dd0 e-flex e-con-boxed e-con e-parent\" data-id=\"9538dd0\" data-element_type=\"container\" data-settings=\"{&quot;background_background&quot;:&quot;classic&quot;}\">\n\t\t\t\t\t<div class=\"e-con-inner\">\n\t\t\t\t<div class=\"elementor-element elementor-element-f79a873 elementor-widget elementor-widget-image\" data-id=\"f79a873\" data-element_type=\"widget\" data-widget_type=\"image.default\">\n\t\t\t\t<div class=\"elementor-widget-container\">\n\t\t\t\t\t\t\t\t\t\t\t\t\t<img decoding=\"async\" width=\"593\" height=\"514\" src=\"https:\/\/sitetemp.inforabreu.pt\/aevm\/wp-content\/uploads\/2024\/03\/calendario-provas-eq-freq.png\" class=\"attachment-large size-large wp-image-1510\" alt=\"\" srcset=\"https:\/\/sitetemp.inforabreu.pt\/aevm\/wp-content\/uploads\/2024\/03\/calendario-provas-eq-freq.png 593w, https:\/\/sitetemp.inforabreu.pt\/aevm\/wp-content\/uploads\/2024\/03\/calendario-provas-eq-freq-300x260.png 300w\" sizes=\"(max-width: 593px) 100vw, 593px\" \/>\t\t\t\t\t\t\t\t\t\t\t\t\t<\/div>\n\t\t\t\t<\/div>\n\t\t\t\t<div class=\"elementor-element elementor-element-01a3897 elementor-widget elementor-widget-image\" data-id=\"01a3897\" data-element_type=\"widget\" data-widget_type=\"image.default\">\n\t\t\t\t<div class=\"elementor-widget-container\">\n\t\t\t\t\t\t\t\t\t\t\t\t\t<img decoding=\"async\" width=\"627\" height=\"364\" src=\"https:\/\/sitetemp.inforabreu.pt\/aevm\/wp-content\/uploads\/2024\/03\/prazos1.png\" class=\"attachment-large size-large wp-image-1511\" alt=\"\" srcset=\"https:\/\/sitetemp.inforabreu.pt\/aevm\/wp-content\/uploads\/2024\/03\/prazos1.png 627w, https:\/\/sitetemp.inforabreu.pt\/aevm\/wp-content\/uploads\/2024\/03\/prazos1-300x174.png 300w\" sizes=\"(max-width: 627px) 100vw, 627px\" \/>\t\t\t\t\t\t\t\t\t\t\t\t\t<\/div>\n\t\t\t\t<\/div>\n\t\t\t\t\t<\/div>\n\t\t\t\t<\/div>\n\t\t<div class=\"elementor-element elementor-element-60f4278 e-flex e-con-boxed e-con e-parent\" data-id=\"60f4278\" data-element_type=\"container\" data-settings=\"{&quot;background_background&quot;:&quot;classic&quot;}\">\n\t\t\t\t\t<div class=\"e-con-inner\">\n\t\t\t\t<div class=\"elementor-element elementor-element-e7c3197 elementor-widget elementor-widget-text-editor\" data-id=\"e7c3197\" data-element_type=\"widget\" data-widget_type=\"text-editor.default\">\n\t\t\t\t<div class=\"elementor-widget-container\">\n\t\t\t\t\t\t\t<ul><li><a href=\"https:\/\/drive.google.com\/file\/d\/1pP5Fa7LPagxBACtj4kLi_9KORp7x-t-K\/view?usp=sharing\">Informa\u00e7\u00f5es-Prova 2023\/2024<\/a><\/li><li><a href=\"https:\/\/drive.google.com\/file\/d\/1owVC2_r797J9GICaeMZ3yNC-K_nRolVR\/view?usp=sharing\">Instala\u00e7\u00e3o do aplicativo das Provas de Aferi\u00e7\u00e3o<\/a><\/li><li><a href=\"https:\/\/drive.google.com\/file\/d\/1TUJ9y0gf-mPGNDhd8b0zimB8oGMoUmvO\/view?usp=sharing\">Guia para Aplica\u00e7\u00e3o de Adapta\u00e7\u00f5es na Realiza\u00e7\u00e3o de Provas e Exames\/JNE\/2024<\/a><\/li><li><a href=\"https:\/\/drive.google.com\/file\/d\/1o8yYj1RiPRPeBdCriAwnGPKrMZJnjD8f\/view?usp=sharing\">Norma 01\/JNE\/2024 \u2013 Instru\u00e7\u00f5es para a Realiza\u00e7\u00e3o de Provas e Exames do Ensino B\u00e1sico e do Ensino Secund\u00e1rio<\/a><\/li><li><a href=\"https:\/\/drive.google.com\/file\/d\/18Yo4GOVwu0vr_0cRpBj9mNjrSPZkFTJC\/view?usp=sharing\">Manual PIEPE Alunos 2024<\/a><\/li><li><a title=\"acesso: eneb | eneb3w\" href=\"http:\/\/www.programa-eneb.org\/\" target=\"_blank\" rel=\"noopener\">Forum do programa PFEB\/ENEB<\/a><\/li><li><a title=\"acesso: (credenciais DGE)\" href=\"http:\/\/area.dge.mec.pt\/jnedoc\/default.aspx\" target=\"_blank\" rel=\"noopener\">J\u00fari Nacional de Exames<\/a><\/li><li><a href=\"http:\/\/iave.pt\/\" target=\"_blank\" rel=\"noopener\">IAVE \u2013 Instituto de Avalia\u00e7\u00e3o Educativa<\/a><\/li><li><a href=\"https:\/\/area.dge.mec.pt\/jnerdo\/default.aspx\" target=\"_blank\" rel=\"noopener\">\u00a0RDO \u2013 Plataforma JNE<\/a><\/li><\/ul>\t\t\t\t\t\t<\/div>\n\t\t\t\t<\/div>\n\t\t\t\t\t<\/div>\n\t\t\t\t<\/div>\n\t\t\t\t<\/div>\n\t\t","protected":false},"excerpt":{"rendered":"<p>Provas de Aferi\u00e7\u00e3o e Finais de Ciclo Despacho Normativo n.\u00ba 4\/2024, de 21 de fevereiro\u00a0\u2013\u00a0Aprova o Regulamento das Provas\u00a0de Avalia\u00e7\u00e3o Externa e das Provas de Equival\u00eancia \u00e0 Frequ\u00eancia dos Ensinos B\u00e1sico\u00a0e Secund\u00e1rio para o ano letivo de 2023-2024 PLATAFORMA DE INSCRI\u00c7\u00c3O ELETR\u00d3NICA EM PROVAS E EXAMES \u2013 PIEPE Manual de Instru\u00e7\u00f5es PIEPE Alunos autopropostos\u00a0\u2014 Estejam [&hellip;]<\/p>\n","protected":false},"author":1,"featured_media":0,"parent":0,"menu_order":0,"comment_status":"closed","ping_status":"closed","template":"","meta":{"_seopress_robots_primary_cat":"","_seopress_titles_title":"","_seopress_titles_desc":"","_seopress_robots_index":"","site-sidebar-layout":"no-sidebar","site-content-layout":"page-builder","ast-site-content-layout":"","site-content-style":"default","site-sidebar-style":"default","ast-global-header-display":"","ast-banner-title-visibility":"","ast-main-header-display":"","ast-hfb-above-header-display":"","ast-hfb-below-header-display":"","ast-hfb-mobile-header-display":"","site-post-title":"disabled","ast-breadcrumbs-content":"disabled","ast-featured-img":"disabled","footer-sml-layout":"","theme-transparent-header-meta":"default","adv-header-id-meta":"","stick-header-meta":"","header-above-stick-meta":"","header-main-stick-meta":"","header-below-stick-meta":"","astra-migrate-meta-layouts":"default","ast-page-background-enabled":"default","ast-page-background-meta":{"desktop":{"background-color":"","background-image":"","background-repeat":"repeat","background-position":"center center","background-size":"auto","background-attachment":"scroll","background-type":"","background-media":"","overlay-type":"","overlay-color":"","overlay-opacity":"","overlay-gradient":""},"tablet":{"background-color":"","background-image":"","background-repeat":"repeat","background-position":"center center","background-size":"auto","background-attachment":"scroll","background-type":"","background-media":"","overlay-type":"","overlay-color":"","overlay-opacity":"","overlay-gradient":""},"mobile":{"background-color":"","background-image":"","background-repeat":"repeat","background-position":"center center","background-size":"auto","background-attachment":"scroll","background-type":"","background-media":"","overlay-type":"","overlay-color":"","overlay-opacity":"","overlay-gradient":""}},"ast-content-background-meta":{"desktop":{"background-color":"var(--ast-global-color-5)","background-image":"","background-repeat":"repeat","background-position":"center center","background-size":"auto","background-attachment":"scroll","background-type":"","background-media":"","overlay-type":"","overlay-color":"","overlay-opacity":"","overlay-gradient":""},"tablet":{"background-color":"var(--ast-global-color-5)","background-image":"","background-repeat":"repeat","background-position":"center center","background-size":"auto","background-attachment":"scroll","background-type":"","background-media":"","overlay-type":"","overlay-color":"","overlay-opacity":"","overlay-gradient":""},"mobile":{"background-color":"var(--ast-global-color-5)","background-image":"","background-repeat":"repeat","background-position":"center center","background-size":"auto","background-attachment":"scroll","background-type":"","background-media":"","overlay-type":"","overlay-color":"","overlay-opacity":"","overlay-gradient":""}},"footnotes":""},"class_list":["post-1507","page","type-page","status-publish","hentry"],"_links":{"self":[{"href":"https:\/\/sitetemp.inforabreu.pt\/aevm\/index.php\/wp-json\/wp\/v2\/pages\/1507","targetHints":{"allow":["GET"]}}],"collection":[{"href":"https:\/\/sitetemp.inforabreu.pt\/aevm\/index.php\/wp-json\/wp\/v2\/pages"}],"about":[{"href":"https:\/\/sitetemp.inforabreu.pt\/aevm\/index.php\/wp-json\/wp\/v2\/types\/page"}],"author":[{"embeddable":true,"href":"https:\/\/sitetemp.inforabreu.pt\/aevm\/index.php\/wp-json\/wp\/v2\/users\/1"}],"replies":[{"embeddable":true,"href":"https:\/\/sitetemp.inforabreu.pt\/aevm\/index.php\/wp-json\/wp\/v2\/comments?post=1507"}],"version-history":[{"count":7,"href":"https:\/\/sitetemp.inforabreu.pt\/aevm\/index.php\/wp-json\/wp\/v2\/pages\/1507\/revisions"}],"predecessor-version":[{"id":1518,"href":"https:\/\/sitetemp.inforabreu.pt\/aevm\/index.php\/wp-json\/wp\/v2\/pages\/1507\/revisions\/1518"}],"wp:attachment":[{"href":"https:\/\/sitetemp.inforabreu.pt\/aevm\/index.php\/wp-json\/wp\/v2\/media?parent=1507"}],"curies":[{"name":"wp","href":"https:\/\/api.w.org\/{rel}","templated":true}]}}