{"id":1066,"date":"2024-04-17T09:51:08","date_gmt":"2024-04-17T09:51:08","guid":{"rendered":"https:\/\/sitetemp.inforabreu.pt\/dmtavira\/?page_id=1066"},"modified":"2024-10-30T12:26:23","modified_gmt":"2024-10-30T12:26:23","slug":"eb_santa_luzia","status":"publish","type":"page","link":"https:\/\/sitetemp.inforabreu.pt\/dmtavira\/agrupamento\/eb_santa_luzia\/","title":{"rendered":"EB de Santa Luzia"},"content":{"rendered":"\t\t<div data-elementor-type=\"wp-page\" data-elementor-id=\"1066\" class=\"elementor elementor-1066\">\n\t\t\t\t\t\t<section class=\"elementor-section elementor-top-section elementor-element elementor-element-7d26f56 elementor-section-boxed elementor-section-height-default elementor-section-height-default\" data-id=\"7d26f56\" data-element_type=\"section\">\n\t\t\t\t\t\t<div class=\"elementor-container elementor-column-gap-default\">\n\t\t\t\t\t<div class=\"elementor-column elementor-col-100 elementor-top-column elementor-element elementor-element-d97b8e9\" data-id=\"d97b8e9\" data-element_type=\"column\">\n\t\t\t<div class=\"elementor-widget-wrap elementor-element-populated\">\n\t\t\t\t\t\t<div class=\"elementor-element elementor-element-cd607d3 elementor-widget elementor-widget-heading\" data-id=\"cd607d3\" data-element_type=\"widget\" data-widget_type=\"heading.default\">\n\t\t\t\t<div class=\"elementor-widget-container\">\n\t\t\t<style>\/*! elementor - v3.21.0 - 30-04-2024 *\/\n.elementor-heading-title{padding:0;margin:0;line-height:1}.elementor-widget-heading .elementor-heading-title[class*=elementor-size-]>a{color:inherit;font-size:inherit;line-height:inherit}.elementor-widget-heading .elementor-heading-title.elementor-size-small{font-size:15px}.elementor-widget-heading .elementor-heading-title.elementor-size-medium{font-size:19px}.elementor-widget-heading .elementor-heading-title.elementor-size-large{font-size:29px}.elementor-widget-heading .elementor-heading-title.elementor-size-xl{font-size:39px}.elementor-widget-heading .elementor-heading-title.elementor-size-xxl{font-size:59px}<\/style><h3 class=\"elementor-heading-title elementor-size-default\">EB de Santa Luzia<\/h3>\t\t<\/div>\n\t\t\t\t<\/div>\n\t\t\t\t\t<\/div>\n\t\t<\/div>\n\t\t\t\t\t<\/div>\n\t\t<\/section>\n\t\t\t\t<section class=\"elementor-section elementor-top-section elementor-element elementor-element-ca910d1 elementor-section-boxed elementor-section-height-default elementor-section-height-default\" data-id=\"ca910d1\" data-element_type=\"section\">\n\t\t\t\t\t\t<div class=\"elementor-container elementor-column-gap-default\">\n\t\t\t\t\t<div class=\"elementor-column elementor-col-50 elementor-top-column elementor-element elementor-element-9d16c21\" data-id=\"9d16c21\" data-element_type=\"column\">\n\t\t\t<div class=\"elementor-widget-wrap elementor-element-populated\">\n\t\t\t\t\t\t<div class=\"elementor-element elementor-element-3ba9151 elementor-widget elementor-widget-text-editor\" data-id=\"3ba9151\" data-element_type=\"widget\" data-widget_type=\"text-editor.default\">\n\t\t\t\t<div class=\"elementor-widget-container\">\n\t\t\t<style>\/*! elementor - v3.21.0 - 30-04-2024 *\/\n.elementor-widget-text-editor.elementor-drop-cap-view-stacked .elementor-drop-cap{background-color:#69727d;color:#fff}.elementor-widget-text-editor.elementor-drop-cap-view-framed .elementor-drop-cap{color:#69727d;border:3px solid;background-color:transparent}.elementor-widget-text-editor:not(.elementor-drop-cap-view-default) .elementor-drop-cap{margin-top:8px}.elementor-widget-text-editor:not(.elementor-drop-cap-view-default) .elementor-drop-cap-letter{width:1em;height:1em}.elementor-widget-text-editor .elementor-drop-cap{float:left;text-align:center;line-height:1;font-size:50px}.elementor-widget-text-editor .elementor-drop-cap-letter{display:inline-block}<\/style>\t\t\t\t<p><span style=\"font-weight: 400;\">A Escola B\u00e1sica de Santa Luzia fica situada junto \u00e0 Ria Formosa.&nbsp;<\/span><\/p>\n<p><span style=\"font-weight: 400;\">Est\u00e1 inserida na vila de Santa Luzia, cuja hist\u00f3ria, desde a sua funda\u00e7\u00e3o, est\u00e1 ligada ao Oceano Atl\u00e2ntico e \u00e0 pesca do polvo. O edif\u00edcio \u00e9 do Plano dos Centen\u00e1rios,&nbsp; com quatro salas de aula.&nbsp; \u00c9 uma escola ampla, com um agrad\u00e1vel espa\u00e7o de recreio protegido por sombras de v\u00e1rias \u00e1rvores de grande porte. Possui ainda um Pavilh\u00e3o Multiusos para a pr\u00e1tica da Express\u00e3o F\u00edsico-Motora, funcionamento da Biblioteca e uma cantina.<\/span><\/p>\t\t\t\t\t\t<\/div>\n\t\t\t\t<\/div>\n\t\t\t\t\t<\/div>\n\t\t<\/div>\n\t\t\t\t<div class=\"elementor-column elementor-col-50 elementor-top-column elementor-element elementor-element-abb9754\" data-id=\"abb9754\" data-element_type=\"column\">\n\t\t\t<div class=\"elementor-widget-wrap elementor-element-populated\">\n\t\t\t\t\t\t<div class=\"elementor-element elementor-element-a47e1eb elementor-widget elementor-widget-image\" data-id=\"a47e1eb\" data-element_type=\"widget\" data-widget_type=\"image.default\">\n\t\t\t\t<div class=\"elementor-widget-container\">\n\t\t\t<style>\/*! elementor - v3.21.0 - 30-04-2024 *\/\n.elementor-widget-image{text-align:center}.elementor-widget-image a{display:inline-block}.elementor-widget-image a img[src$=\".svg\"]{width:48px}.elementor-widget-image img{vertical-align:middle;display:inline-block}<\/style>\t\t\t\t\t\t\t\t\t\t<img fetchpriority=\"high\" decoding=\"async\" width=\"1024\" height=\"666\" src=\"https:\/\/sitetemp.inforabreu.pt\/dmtavira\/wp-content\/uploads\/2024\/07\/Screenshot_20240701_151437-1024x666.png\" class=\"attachment-large size-large wp-image-1395\" alt=\"\" srcset=\"https:\/\/sitetemp.inforabreu.pt\/dmtavira\/wp-content\/uploads\/2024\/07\/Screenshot_20240701_151437-1024x666.png 1024w, https:\/\/sitetemp.inforabreu.pt\/dmtavira\/wp-content\/uploads\/2024\/07\/Screenshot_20240701_151437-300x195.png 300w, https:\/\/sitetemp.inforabreu.pt\/dmtavira\/wp-content\/uploads\/2024\/07\/Screenshot_20240701_151437-768x499.png 768w, https:\/\/sitetemp.inforabreu.pt\/dmtavira\/wp-content\/uploads\/2024\/07\/Screenshot_20240701_151437-1536x998.png 1536w, https:\/\/sitetemp.inforabreu.pt\/dmtavira\/wp-content\/uploads\/2024\/07\/Screenshot_20240701_151437-225x146.png 225w, https:\/\/sitetemp.inforabreu.pt\/dmtavira\/wp-content\/uploads\/2024\/07\/Screenshot_20240701_151437-50x32.png 50w, https:\/\/sitetemp.inforabreu.pt\/dmtavira\/wp-content\/uploads\/2024\/07\/Screenshot_20240701_151437-115x75.png 115w, https:\/\/sitetemp.inforabreu.pt\/dmtavira\/wp-content\/uploads\/2024\/07\/Screenshot_20240701_151437.png 1574w\" sizes=\"(max-width: 1024px) 100vw, 1024px\" \/>\t\t\t\t\t\t\t\t\t\t\t\t\t<\/div>\n\t\t\t\t<\/div>\n\t\t\t\t\t<\/div>\n\t\t<\/div>\n\t\t\t\t\t<\/div>\n\t\t<\/section>\n\t\t\t\t<section class=\"elementor-section elementor-top-section elementor-element elementor-element-3bf427a elementor-section-boxed elementor-section-height-default elementor-section-height-default\" data-id=\"3bf427a\" data-element_type=\"section\">\n\t\t\t\t\t\t<div class=\"elementor-container elementor-column-gap-default\">\n\t\t\t\t\t<div class=\"elementor-column elementor-col-50 elementor-top-column elementor-element elementor-element-8e6f57b\" data-id=\"8e6f57b\" data-element_type=\"column\">\n\t\t\t<div class=\"elementor-widget-wrap elementor-element-populated\">\n\t\t\t\t\t\t<div class=\"elementor-element elementor-element-50d7ed4 elementor-widget elementor-widget-text-editor\" data-id=\"50d7ed4\" data-element_type=\"widget\" data-widget_type=\"text-editor.default\">\n\t\t\t\t<div class=\"elementor-widget-container\">\n\t\t\t\t\t\t\t<h5><span style=\"color: #000000;\"><b>Localiza\u00e7\u00e3o<\/b><\/span><\/h5><div><a href=\"https:\/\/maps.app.goo.gl\/3HtSeMK5Q2W4u1LQ9\">Rua Comandante Henrique Tenreiro, 8800-546 Santa Luzia, Tavira<\/a><\/div><div>\u00a0<\/div><h5><span style=\"color: #000000;\"><b>Contactos<\/b><\/span><\/h5>\t\t\t\t\t\t<\/div>\n\t\t\t\t<\/div>\n\t\t\t\t<div class=\"elementor-element elementor-element-b1fa637 elementor-icon-list--layout-traditional elementor-list-item-link-full_width elementor-widget elementor-widget-icon-list\" data-id=\"b1fa637\" data-element_type=\"widget\" data-widget_type=\"icon-list.default\">\n\t\t\t\t<div class=\"elementor-widget-container\">\n\t\t\t<link rel=\"stylesheet\" href=\"https:\/\/sitetemp.inforabreu.pt\/dmtavira\/wp-content\/plugins\/elementor.\/assets\/css\/widget-icon-list.min.css\">\t\t<ul class=\"elementor-icon-list-items\">\n\t\t\t\t\t\t\t<li class=\"elementor-icon-list-item\">\n\t\t\t\t\t\t\t\t\t\t\t<span class=\"elementor-icon-list-icon\">\n\t\t\t\t\t\t\t<i aria-hidden=\"true\" class=\"fas fa-phone-alt\"><\/i>\t\t\t\t\t\t<\/span>\n\t\t\t\t\t\t\t\t\t\t<span class=\"elementor-icon-list-text\">966166394<\/span>\n\t\t\t\t\t\t\t\t\t<\/li>\n\t\t\t\t\t\t<\/ul>\n\t\t\t\t<\/div>\n\t\t\t\t<\/div>\n\t\t\t\t\t<\/div>\n\t\t<\/div>\n\t\t\t\t<div class=\"elementor-column elementor-col-50 elementor-top-column elementor-element elementor-element-b161d27\" data-id=\"b161d27\" data-element_type=\"column\">\n\t\t\t<div class=\"elementor-widget-wrap elementor-element-populated\">\n\t\t\t\t\t\t<div class=\"elementor-element elementor-element-d07d101 elementor-widget elementor-widget-google_maps\" data-id=\"d07d101\" data-element_type=\"widget\" data-widget_type=\"google_maps.default\">\n\t\t\t\t<div class=\"elementor-widget-container\">\n\t\t\t<style>\/*! elementor - v3.21.0 - 30-04-2024 *\/\n.elementor-widget-google_maps .elementor-widget-container{overflow:hidden}.elementor-widget-google_maps .elementor-custom-embed{line-height:0}.elementor-widget-google_maps iframe{height:300px}<\/style>\t\t<div class=\"elementor-custom-embed\">\n\t\t\t<iframe loading=\"lazy\"\n\t\t\t\t\tsrc=\"https:\/\/maps.google.com\/maps?q=37.102735251705475%2C%20-7.659471276323776&#038;t=m&#038;z=15&#038;output=embed&#038;iwloc=near\"\n\t\t\t\t\ttitle=\"37.102735251705475, -7.659471276323776\"\n\t\t\t\t\taria-label=\"37.102735251705475, -7.659471276323776\"\n\t\t\t><\/iframe>\n\t\t<\/div>\n\t\t\t\t<\/div>\n\t\t\t\t<\/div>\n\t\t\t\t\t<\/div>\n\t\t<\/div>\n\t\t\t\t\t<\/div>\n\t\t<\/section>\n\t\t\t\t<section class=\"elementor-section elementor-top-section elementor-element elementor-element-30df184 elementor-section-boxed elementor-section-height-default elementor-section-height-default\" data-id=\"30df184\" data-element_type=\"section\">\n\t\t\t\t\t\t<div class=\"elementor-container elementor-column-gap-default\">\n\t\t\t\t\t<div class=\"elementor-column elementor-col-100 elementor-top-column elementor-element elementor-element-fdcd04f\" data-id=\"fdcd04f\" data-element_type=\"column\">\n\t\t\t<div class=\"elementor-widget-wrap elementor-element-populated\">\n\t\t\t\t\t\t<div class=\"elementor-element elementor-element-483c9d2 elementor-button-info elementor-align-justify elementor-widget elementor-widget-button\" data-id=\"483c9d2\" data-element_type=\"widget\" data-widget_type=\"button.default\">\n\t\t\t\t<div class=\"elementor-widget-container\">\n\t\t\t\t\t<div class=\"elementor-button-wrapper\">\n\t\t\t<a class=\"elementor-button elementor-button-link elementor-size-sm elementor-animation-grow\" href=\"https:\/\/sitetemp.inforabreu.pt\/dmtavira\/wp-content\/uploads\/2024\/07\/SL-Estrutura-Interna-de-Seguranca-23-24-1.pdf\" target=\"_blank\">\n\t\t\t\t\t\t<span class=\"elementor-button-content-wrapper\">\n\t\t\t\t\t\t\t\t\t<span class=\"elementor-button-text\">Plano de Seguran\u00e7a<\/span>\n\t\t\t\t\t<\/span>\n\t\t\t\t\t<\/a>\n\t\t<\/div>\n\t\t\t\t<\/div>\n\t\t\t\t<\/div>\n\t\t\t\t\t<\/div>\n\t\t<\/div>\n\t\t\t\t\t<\/div>\n\t\t<\/section>\n\t\t\t\t<\/div>\n\t\t","protected":false},"excerpt":{"rendered":"<p>EB de Santa Luzia A Escola B\u00e1sica de Santa Luzia fica situada junto \u00e0 Ria Formosa.&nbsp; Est\u00e1 inserida na vila de Santa Luzia, cuja hist\u00f3ria, desde<span class=\"excerpt-hellip\"> [\u2026]<\/span><\/p>\n","protected":false},"author":3,"featured_media":0,"parent":579,"menu_order":-1,"comment_status":"closed","ping_status":"closed","template":"elementor_header_footer","meta":{"footnotes":""},"class_list":["post-1066","page","type-page","status-publish","hentry"],"_links":{"self":[{"href":"https:\/\/sitetemp.inforabreu.pt\/dmtavira\/wp-json\/wp\/v2\/pages\/1066","targetHints":{"allow":["GET"]}}],"collection":[{"href":"https:\/\/sitetemp.inforabreu.pt\/dmtavira\/wp-json\/wp\/v2\/pages"}],"about":[{"href":"https:\/\/sitetemp.inforabreu.pt\/dmtavira\/wp-json\/wp\/v2\/types\/page"}],"author":[{"embeddable":true,"href":"https:\/\/sitetemp.inforabreu.pt\/dmtavira\/wp-json\/wp\/v2\/users\/3"}],"replies":[{"embeddable":true,"href":"https:\/\/sitetemp.inforabreu.pt\/dmtavira\/wp-json\/wp\/v2\/comments?post=1066"}],"version-history":[{"count":94,"href":"https:\/\/sitetemp.inforabreu.pt\/dmtavira\/wp-json\/wp\/v2\/pages\/1066\/revisions"}],"predecessor-version":[{"id":4245,"href":"https:\/\/sitetemp.inforabreu.pt\/dmtavira\/wp-json\/wp\/v2\/pages\/1066\/revisions\/4245"}],"up":[{"embeddable":true,"href":"https:\/\/sitetemp.inforabreu.pt\/dmtavira\/wp-json\/wp\/v2\/pages\/579"}],"wp:attachment":[{"href":"https:\/\/sitetemp.inforabreu.pt\/dmtavira\/wp-json\/wp\/v2\/media?parent=1066"}],"curies":[{"name":"wp","href":"https:\/\/api.w.org\/{rel}","templated":true}]}}