{"id":1792,"date":"2024-07-04T09:46:59","date_gmt":"2024-07-04T09:46:59","guid":{"rendered":"https:\/\/sitetemp.inforabreu.pt\/dmtavira\/?page_id=1792"},"modified":"2024-10-30T12:27:55","modified_gmt":"2024-10-30T12:27:55","slug":"ipi","status":"publish","type":"page","link":"https:\/\/sitetemp.inforabreu.pt\/dmtavira\/servicos\/ipi\/","title":{"rendered":"IPI"},"content":{"rendered":"\t\t<div data-elementor-type=\"wp-page\" data-elementor-id=\"1792\" class=\"elementor elementor-1792\">\n\t\t\t\t\t\t<section class=\"elementor-section elementor-top-section elementor-element elementor-element-7d26f56 elementor-section-boxed elementor-section-height-default elementor-section-height-default\" data-id=\"7d26f56\" data-element_type=\"section\">\n\t\t\t\t\t\t<div class=\"elementor-container elementor-column-gap-default\">\n\t\t\t\t\t<div class=\"elementor-column elementor-col-100 elementor-top-column elementor-element elementor-element-d97b8e9\" data-id=\"d97b8e9\" data-element_type=\"column\">\n\t\t\t<div class=\"elementor-widget-wrap elementor-element-populated\">\n\t\t\t\t\t\t<div class=\"elementor-element elementor-element-cd607d3 elementor-widget elementor-widget-heading\" data-id=\"cd607d3\" data-element_type=\"widget\" data-widget_type=\"heading.default\">\n\t\t\t\t<div class=\"elementor-widget-container\">\n\t\t\t<style>\/*! elementor - v3.21.0 - 30-04-2024 *\/\n.elementor-heading-title{padding:0;margin:0;line-height:1}.elementor-widget-heading .elementor-heading-title[class*=elementor-size-]>a{color:inherit;font-size:inherit;line-height:inherit}.elementor-widget-heading .elementor-heading-title.elementor-size-small{font-size:15px}.elementor-widget-heading .elementor-heading-title.elementor-size-medium{font-size:19px}.elementor-widget-heading .elementor-heading-title.elementor-size-large{font-size:29px}.elementor-widget-heading .elementor-heading-title.elementor-size-xl{font-size:39px}.elementor-widget-heading .elementor-heading-title.elementor-size-xxl{font-size:59px}<\/style><h3 class=\"elementor-heading-title elementor-size-default\">Interven\u00e7\u00e3o Precoce na Inf\u00e2ncia (I.P.I.)<\/h3>\t\t<\/div>\n\t\t\t\t<\/div>\n\t\t\t\t\t<\/div>\n\t\t<\/div>\n\t\t\t\t\t<\/div>\n\t\t<\/section>\n\t\t\t\t<section class=\"elementor-section elementor-top-section elementor-element elementor-element-ca910d1 elementor-section-boxed elementor-section-height-default elementor-section-height-default\" data-id=\"ca910d1\" data-element_type=\"section\">\n\t\t\t\t\t\t<div class=\"elementor-container elementor-column-gap-default\">\n\t\t\t\t\t<div class=\"elementor-column elementor-col-50 elementor-top-column elementor-element elementor-element-9d16c21\" data-id=\"9d16c21\" data-element_type=\"column\">\n\t\t\t<div class=\"elementor-widget-wrap elementor-element-populated\">\n\t\t\t\t\t\t<div class=\"elementor-element elementor-element-3ba9151 elementor-widget elementor-widget-text-editor\" data-id=\"3ba9151\" data-element_type=\"widget\" data-widget_type=\"text-editor.default\">\n\t\t\t\t<div class=\"elementor-widget-container\">\n\t\t\t<style>\/*! elementor - v3.21.0 - 30-04-2024 *\/\n.elementor-widget-text-editor.elementor-drop-cap-view-stacked .elementor-drop-cap{background-color:#69727d;color:#fff}.elementor-widget-text-editor.elementor-drop-cap-view-framed .elementor-drop-cap{color:#69727d;border:3px solid;background-color:transparent}.elementor-widget-text-editor:not(.elementor-drop-cap-view-default) .elementor-drop-cap{margin-top:8px}.elementor-widget-text-editor:not(.elementor-drop-cap-view-default) .elementor-drop-cap-letter{width:1em;height:1em}.elementor-widget-text-editor .elementor-drop-cap{float:left;text-align:center;line-height:1;font-size:50px}.elementor-widget-text-editor .elementor-drop-cap-letter{display:inline-block}<\/style>\t\t\t\t<p>O Agrupamento \u00e9 uma escola de refer\u00eancia\u00a0 para a Interven\u00e7\u00e3o Precoce na Inf\u00e2ncia, promovendo a\u00e7\u00f5es de natureza preventiva e reabilitativa, designadamente no \u00e2mbito da educa\u00e7\u00e3o, da sa\u00fade e da a\u00e7\u00e3o social. Estas a\u00e7\u00f5es destinam-se a crian\u00e7as dos 0 aos 6 anos com altera\u00e7\u00f5es nas fun\u00e7\u00f5es ou estruturas do corpo que limitam a participa\u00e7\u00e3o nas atividades t\u00edpicas para a respetiva idade e contexto social ou com risco grave de atraso de desenvolvimento.<\/p><p>Est\u00e3o afetas \u00e0 Interven\u00e7\u00e3o Precoce na Inf\u00e2ncia duas educadoras:<\/p><ul><li>L\u00edlia Martins<\/li><li>Maria Lu\u00edsa Rocio<\/li><\/ul>\t\t\t\t\t\t<\/div>\n\t\t\t\t<\/div>\n\t\t\t\t\t<\/div>\n\t\t<\/div>\n\t\t\t\t<div class=\"elementor-column elementor-col-50 elementor-top-column elementor-element elementor-element-abb9754\" data-id=\"abb9754\" data-element_type=\"column\">\n\t\t\t<div class=\"elementor-widget-wrap elementor-element-populated\">\n\t\t\t\t\t\t<div class=\"elementor-element elementor-element-a47e1eb elementor-widget elementor-widget-image\" data-id=\"a47e1eb\" data-element_type=\"widget\" data-widget_type=\"image.default\">\n\t\t\t\t<div class=\"elementor-widget-container\">\n\t\t\t<style>\/*! elementor - v3.21.0 - 30-04-2024 *\/\n.elementor-widget-image{text-align:center}.elementor-widget-image a{display:inline-block}.elementor-widget-image a img[src$=\".svg\"]{width:48px}.elementor-widget-image img{vertical-align:middle;display:inline-block}<\/style>\t\t\t\t\t\t\t\t\t\t<img decoding=\"async\" src=\"https:\/\/sitetemp.inforabreu.pt\/dmtavira\/wp-content\/plugins\/elementor.\/assets\/images\/placeholder.png\" title=\"\" alt=\"\" loading=\"lazy\" \/>\t\t\t\t\t\t\t\t\t\t\t\t\t<\/div>\n\t\t\t\t<\/div>\n\t\t\t\t\t<\/div>\n\t\t<\/div>\n\t\t\t\t\t<\/div>\n\t\t<\/section>\n\t\t\t\t<section class=\"elementor-section elementor-top-section elementor-element elementor-element-3bf427a elementor-section-boxed elementor-section-height-default elementor-section-height-default\" data-id=\"3bf427a\" data-element_type=\"section\">\n\t\t\t\t\t\t<div class=\"elementor-container elementor-column-gap-default\">\n\t\t\t\t\t<div class=\"elementor-column elementor-col-100 elementor-top-column elementor-element elementor-element-8e6f57b\" data-id=\"8e6f57b\" data-element_type=\"column\">\n\t\t\t<div class=\"elementor-widget-wrap elementor-element-populated\">\n\t\t\t\t\t\t<div class=\"elementor-element elementor-element-50d7ed4 elementor-widget elementor-widget-text-editor\" data-id=\"50d7ed4\" data-element_type=\"widget\" data-widget_type=\"text-editor.default\">\n\t\t\t\t<div class=\"elementor-widget-container\">\n\t\t\t\t\t\t\t<h5><span style=\"color: #000000;\"><b>Destinat\u00e1rios<\/b><\/span><\/h5><div><p><span style=\"font-weight: 400;\">As a\u00e7\u00f5es desenvolvidas destinam-se a crian\u00e7as dos 0 aos 6 anos com altera\u00e7\u00f5es nas fun\u00e7\u00f5es ou estruturas do corpo que limitam a participa\u00e7\u00e3o nas atividades t\u00edpicas para a respetiva idade e contexto social ou com risco grave de atraso de desenvolvimento, bem como as suas fam\u00edlias.<\/span><\/p><\/div>\t\t\t\t\t\t<\/div>\n\t\t\t\t<\/div>\n\t\t\t\t\t<\/div>\n\t\t<\/div>\n\t\t\t\t\t<\/div>\n\t\t<\/section>\n\t\t\t\t<\/div>\n\t\t","protected":false},"excerpt":{"rendered":"<p>Interven\u00e7\u00e3o Precoce na Inf\u00e2ncia (I.P.I.) O Agrupamento \u00e9 uma escola de refer\u00eancia\u00a0 para a Interven\u00e7\u00e3o Precoce na Inf\u00e2ncia, promovendo a\u00e7\u00f5es de natureza preventiva e reabilitativa, designadamente<span class=\"excerpt-hellip\"> [\u2026]<\/span><\/p>\n","protected":false},"author":3,"featured_media":0,"parent":1450,"menu_order":0,"comment_status":"closed","ping_status":"closed","template":"","meta":{"footnotes":""},"class_list":["post-1792","page","type-page","status-publish","hentry"],"_links":{"self":[{"href":"https:\/\/sitetemp.inforabreu.pt\/dmtavira\/wp-json\/wp\/v2\/pages\/1792","targetHints":{"allow":["GET"]}}],"collection":[{"href":"https:\/\/sitetemp.inforabreu.pt\/dmtavira\/wp-json\/wp\/v2\/pages"}],"about":[{"href":"https:\/\/sitetemp.inforabreu.pt\/dmtavira\/wp-json\/wp\/v2\/types\/page"}],"author":[{"embeddable":true,"href":"https:\/\/sitetemp.inforabreu.pt\/dmtavira\/wp-json\/wp\/v2\/users\/3"}],"replies":[{"embeddable":true,"href":"https:\/\/sitetemp.inforabreu.pt\/dmtavira\/wp-json\/wp\/v2\/comments?post=1792"}],"version-history":[{"count":16,"href":"https:\/\/sitetemp.inforabreu.pt\/dmtavira\/wp-json\/wp\/v2\/pages\/1792\/revisions"}],"predecessor-version":[{"id":2435,"href":"https:\/\/sitetemp.inforabreu.pt\/dmtavira\/wp-json\/wp\/v2\/pages\/1792\/revisions\/2435"}],"up":[{"embeddable":true,"href":"https:\/\/sitetemp.inforabreu.pt\/dmtavira\/wp-json\/wp\/v2\/pages\/1450"}],"wp:attachment":[{"href":"https:\/\/sitetemp.inforabreu.pt\/dmtavira\/wp-json\/wp\/v2\/media?parent=1792"}],"curies":[{"name":"wp","href":"https:\/\/api.w.org\/{rel}","templated":true}]}}