{"id":2087,"date":"2024-07-04T14:26:26","date_gmt":"2024-07-04T14:26:26","guid":{"rendered":"https:\/\/sitetemp.inforabreu.pt\/dmtavira\/?page_id=2087"},"modified":"2024-10-30T12:27:42","modified_gmt":"2024-10-30T12:27:42","slug":"pre-escolar","status":"publish","type":"page","link":"https:\/\/sitetemp.inforabreu.pt\/dmtavira\/oferta\/ensino-basico\/pre-escolar\/","title":{"rendered":"Pr\u00e9-escolar"},"content":{"rendered":"\t\t<div data-elementor-type=\"wp-page\" data-elementor-id=\"2087\" class=\"elementor elementor-2087\">\n\t\t\t\t\t\t<section class=\"elementor-section elementor-top-section elementor-element elementor-element-21e5f02 elementor-section-boxed elementor-section-height-default elementor-section-height-default\" data-id=\"21e5f02\" data-element_type=\"section\">\n\t\t\t\t\t\t<div class=\"elementor-container elementor-column-gap-default\">\n\t\t\t\t\t<div class=\"elementor-column elementor-col-100 elementor-top-column elementor-element elementor-element-0a4ed11\" data-id=\"0a4ed11\" data-element_type=\"column\">\n\t\t\t<div class=\"elementor-widget-wrap elementor-element-populated\">\n\t\t\t\t\t\t<div class=\"elementor-element elementor-element-34201b6 elementor-widget elementor-widget-heading\" data-id=\"34201b6\" data-element_type=\"widget\" data-widget_type=\"heading.default\">\n\t\t\t\t<div class=\"elementor-widget-container\">\n\t\t\t<style>\/*! elementor - v3.21.0 - 30-04-2024 *\/\n.elementor-heading-title{padding:0;margin:0;line-height:1}.elementor-widget-heading .elementor-heading-title[class*=elementor-size-]>a{color:inherit;font-size:inherit;line-height:inherit}.elementor-widget-heading .elementor-heading-title.elementor-size-small{font-size:15px}.elementor-widget-heading .elementor-heading-title.elementor-size-medium{font-size:19px}.elementor-widget-heading .elementor-heading-title.elementor-size-large{font-size:29px}.elementor-widget-heading .elementor-heading-title.elementor-size-xl{font-size:39px}.elementor-widget-heading .elementor-heading-title.elementor-size-xxl{font-size:59px}<\/style><h3 class=\"elementor-heading-title elementor-size-default\">Pr\u00e9-escolar<\/h3>\t\t<\/div>\n\t\t\t\t<\/div>\n\t\t\t\t\t<\/div>\n\t\t<\/div>\n\t\t\t\t\t<\/div>\n\t\t<\/section>\n\t\t\t\t<section class=\"elementor-section elementor-top-section elementor-element elementor-element-ca8668e elementor-section-boxed elementor-section-height-default elementor-section-height-default\" data-id=\"ca8668e\" data-element_type=\"section\">\n\t\t\t\t\t\t<div class=\"elementor-container elementor-column-gap-default\">\n\t\t\t\t\t<div class=\"elementor-column elementor-col-100 elementor-top-column elementor-element elementor-element-746a1f1\" data-id=\"746a1f1\" data-element_type=\"column\">\n\t\t\t<div class=\"elementor-widget-wrap elementor-element-populated\">\n\t\t\t\t\t\t<div class=\"elementor-element elementor-element-8350c0d elementor-widget elementor-widget-text-editor\" data-id=\"8350c0d\" data-element_type=\"widget\" data-widget_type=\"text-editor.default\">\n\t\t\t\t<div class=\"elementor-widget-container\">\n\t\t\t<style>\/*! elementor - v3.21.0 - 30-04-2024 *\/\n.elementor-widget-text-editor.elementor-drop-cap-view-stacked .elementor-drop-cap{background-color:#69727d;color:#fff}.elementor-widget-text-editor.elementor-drop-cap-view-framed .elementor-drop-cap{color:#69727d;border:3px solid;background-color:transparent}.elementor-widget-text-editor:not(.elementor-drop-cap-view-default) .elementor-drop-cap{margin-top:8px}.elementor-widget-text-editor:not(.elementor-drop-cap-view-default) .elementor-drop-cap-letter{width:1em;height:1em}.elementor-widget-text-editor .elementor-drop-cap{float:left;text-align:center;line-height:1;font-size:50px}.elementor-widget-text-editor .elementor-drop-cap-letter{display:inline-block}<\/style>\t\t\t\t<p><span style=\"font-weight: 400;\">As Educadoras do AEDMI desenvolvem um trabalho de excel\u00eancia, baseado numa rela\u00e7\u00e3o estreita e cont\u00ednua com as fam\u00edlias e a comunidade. Os Jardins de Inf\u00e2ncia que integram o agrupamento incentivam cada crian\u00e7a a potenciar todas as suas capacidades, valorizando as experi\u00eancias, as suas compet\u00eancias \u00fanicas, atribuindo-lhe um papel central e din\u00e2mico na constru\u00e7\u00e3o do seu conhecimento.<\/span><\/p>\n<p><span style=\"font-weight: 400;\">Neste processo, as \u00e1reas de conte\u00fados, a Forma\u00e7\u00e3o Pessoal e Social, o Conhecimento do Mundo e a Express\u00e3o e Comunica\u00e7\u00e3o, s\u00e3o trabalhadas de forma integrada pelas nossas crian\u00e7as, atrav\u00e9s do desenvolvimento de atividades motoras, dram\u00e1ticas, pl\u00e1sticas ou musicais, com base no tema aglutinador do agrupamento.&nbsp;<\/span><\/p>\n<p><span style=\"font-weight: 400;\">As instala\u00e7\u00f5es adequadas e apelativas, a dedica\u00e7\u00e3o dos recursos humanos e a partilha de afetos em cada Jardim de Inf\u00e2ncia proporcionam um ambiente familiar, de acolhimento e integra\u00e7\u00e3o, decisivo para a felicidade das nossas crian\u00e7as.<\/span><\/p>\t\t\t\t\t\t<\/div>\n\t\t\t\t<\/div>\n\t\t\t\t\t<\/div>\n\t\t<\/div>\n\t\t\t\t\t<\/div>\n\t\t<\/section>\n\t\t\t\t<section class=\"elementor-section elementor-top-section elementor-element elementor-element-b2590c3 elementor-section-boxed elementor-section-height-default elementor-section-height-default\" data-id=\"b2590c3\" data-element_type=\"section\">\n\t\t\t\t\t\t<div class=\"elementor-container elementor-column-gap-default\">\n\t\t\t\t\t<div class=\"elementor-column elementor-col-100 elementor-top-column elementor-element elementor-element-282519d\" data-id=\"282519d\" data-element_type=\"column\">\n\t\t\t<div class=\"elementor-widget-wrap elementor-element-populated\">\n\t\t\t\t\t\t<div class=\"elementor-element elementor-element-4ecca2a mostra_esconde elementor-widget elementor-widget-toggle\" data-id=\"4ecca2a\" data-element_type=\"widget\" id=\"mostra_esconde\" data-widget_type=\"toggle.default\">\n\t\t\t\t<div class=\"elementor-widget-container\">\n\t\t\t<style>\/*! elementor - v3.21.0 - 30-04-2024 *\/\n.elementor-toggle{text-align:start}.elementor-toggle .elementor-tab-title{font-weight:700;line-height:1;margin:0;padding:15px;border-bottom:1px solid #d5d8dc;cursor:pointer;outline:none}.elementor-toggle .elementor-tab-title .elementor-toggle-icon{display:inline-block;width:1em}.elementor-toggle .elementor-tab-title .elementor-toggle-icon svg{margin-inline-start:-5px;width:1em;height:1em}.elementor-toggle .elementor-tab-title .elementor-toggle-icon.elementor-toggle-icon-right{float:right;text-align:right}.elementor-toggle .elementor-tab-title .elementor-toggle-icon.elementor-toggle-icon-left{float:left;text-align:left}.elementor-toggle .elementor-tab-title .elementor-toggle-icon .elementor-toggle-icon-closed{display:block}.elementor-toggle .elementor-tab-title .elementor-toggle-icon .elementor-toggle-icon-opened{display:none}.elementor-toggle .elementor-tab-title.elementor-active{border-bottom:none}.elementor-toggle .elementor-tab-title.elementor-active .elementor-toggle-icon-closed{display:none}.elementor-toggle .elementor-tab-title.elementor-active .elementor-toggle-icon-opened{display:block}.elementor-toggle .elementor-tab-content{padding:15px;border-bottom:1px solid #d5d8dc;display:none}@media (max-width:767px){.elementor-toggle .elementor-tab-title{padding:12px}.elementor-toggle .elementor-tab-content{padding:12px 10px}}.e-con-inner>.elementor-widget-toggle,.e-con>.elementor-widget-toggle{width:var(--container-widget-width);--flex-grow:var(--container-widget-flex-grow)}<\/style>\t\t<div class=\"elementor-toggle\">\n\t\t\t\t\t\t\t<div class=\"elementor-toggle-item\">\n\t\t\t\t\t<div id=\"elementor-tab-title-8261\" class=\"elementor-tab-title\" data-tab=\"1\" role=\"button\" aria-controls=\"elementor-tab-content-8261\" aria-expanded=\"false\">\n\t\t\t\t\t\t\t\t\t\t\t\t<span class=\"elementor-toggle-icon elementor-toggle-icon-left\" aria-hidden=\"true\">\n\t\t\t\t\t\t\t\t\t\t\t\t\t\t\t<span class=\"elementor-toggle-icon-closed\"><i class=\"fas fa-caret-right\"><\/i><\/span>\n\t\t\t\t\t\t\t\t<span class=\"elementor-toggle-icon-opened\"><i class=\"elementor-toggle-icon-opened fas fa-caret-up\"><\/i><\/span>\n\t\t\t\t\t\t\t\t\t\t\t\t\t<\/span>\n\t\t\t\t\t\t\t\t\t\t\t\t<a class=\"elementor-toggle-title\" tabindex=\"0\">Atividades de Anima\u00e7\u00e3o ede Apoio \u00e0 Fam\u00edlia na Educa\u00e7\u00e3o Pr\u00e9-escolar (AAAF)<\/a>\n\t\t\t\t\t<\/div>\n\n\t\t\t\t\t<div id=\"elementor-tab-content-8261\" class=\"elementor-tab-content elementor-clearfix\" data-tab=\"1\" role=\"region\" aria-labelledby=\"elementor-tab-title-8261\"><span style=\"font-weight: 400; text-align: justify;\">As AAAF s\u00e3o uma resposta social no dom\u00ednio do apoio \u00e0 fam\u00edlia, de car\u00e1cter facultativo e de natureza eminentemente l\u00fadica, formativa e cultural, e destinam-se a assegurar o acompanhamento das crian\u00e7as na educa\u00e7\u00e3o pr\u00e9-escolar antes e\/ou depois do per\u00edodo di\u00e1rio de atividades educativas e durante os per\u00edodos de interrup\u00e7\u00e3o destas atividades.<\/span>\n\n<strong>Oferta:<\/strong>\n\n<span style=\"font-weight: 400;\">Neste \u00e2mbito, as nossas crian\u00e7as desenvolvem compet\u00eancias sociais e pessoais nas \u00e1reas da:<\/span>\n<ul>\n \t<li><span style=\"font-weight: 400;\">M\u00fasica<\/span><\/li>\n \t<li><span style=\"font-weight: 400;\">Dan\u00e7a<\/span><\/li>\n \t<li><span style=\"font-weight: 400;\">Educa\u00e7\u00e3o F\u00edsica<\/span><\/li>\n<\/ul>\n<strong>Hor\u00e1rio:<\/strong>\n\n<span style=\"font-weight: 400;\">das 08:00h \u00e0s 09:00h<\/span>\n\n<span style=\"font-weight: 400;\">das 12:00h \u00e0s 13:00h<\/span>\n\n<span style=\"font-weight: 400;\">das 15:00h \u00e0s 17:30h<\/span><\/div>\n\t\t\t\t<\/div>\n\t\t\t\t\t\t\t\t<\/div>\n\t\t\t\t<\/div>\n\t\t\t\t<\/div>\n\t\t\t\t\t<\/div>\n\t\t<\/div>\n\t\t\t\t\t<\/div>\n\t\t<\/section>\n\t\t\t\t<\/div>\n\t\t","protected":false},"excerpt":{"rendered":"<p>Pr\u00e9-escolar As Educadoras do AEDMI desenvolvem um trabalho de excel\u00eancia, baseado numa rela\u00e7\u00e3o estreita e cont\u00ednua com as fam\u00edlias e a comunidade. Os Jardins de Inf\u00e2ncia<span class=\"excerpt-hellip\"> [\u2026]<\/span><\/p>\n","protected":false},"author":3,"featured_media":0,"parent":2104,"menu_order":0,"comment_status":"closed","ping_status":"closed","template":"","meta":{"footnotes":""},"class_list":["post-2087","page","type-page","status-publish","hentry"],"_links":{"self":[{"href":"https:\/\/sitetemp.inforabreu.pt\/dmtavira\/wp-json\/wp\/v2\/pages\/2087","targetHints":{"allow":["GET"]}}],"collection":[{"href":"https:\/\/sitetemp.inforabreu.pt\/dmtavira\/wp-json\/wp\/v2\/pages"}],"about":[{"href":"https:\/\/sitetemp.inforabreu.pt\/dmtavira\/wp-json\/wp\/v2\/types\/page"}],"author":[{"embeddable":true,"href":"https:\/\/sitetemp.inforabreu.pt\/dmtavira\/wp-json\/wp\/v2\/users\/3"}],"replies":[{"embeddable":true,"href":"https:\/\/sitetemp.inforabreu.pt\/dmtavira\/wp-json\/wp\/v2\/comments?post=2087"}],"version-history":[{"count":29,"href":"https:\/\/sitetemp.inforabreu.pt\/dmtavira\/wp-json\/wp\/v2\/pages\/2087\/revisions"}],"predecessor-version":[{"id":4625,"href":"https:\/\/sitetemp.inforabreu.pt\/dmtavira\/wp-json\/wp\/v2\/pages\/2087\/revisions\/4625"}],"up":[{"embeddable":true,"href":"https:\/\/sitetemp.inforabreu.pt\/dmtavira\/wp-json\/wp\/v2\/pages\/2104"}],"wp:attachment":[{"href":"https:\/\/sitetemp.inforabreu.pt\/dmtavira\/wp-json\/wp\/v2\/media?parent=2087"}],"curies":[{"name":"wp","href":"https:\/\/api.w.org\/{rel}","templated":true}]}}