{"id":749,"date":"2023-11-29T09:58:26","date_gmt":"2023-11-29T09:58:26","guid":{"rendered":"https:\/\/sitetemp.inforabreu.pt\/dmtavira\/?page_id=749"},"modified":"2024-10-30T12:28:56","modified_gmt":"2024-10-30T12:28:56","slug":"reprografia","status":"publish","type":"page","link":"https:\/\/sitetemp.inforabreu.pt\/dmtavira\/servicos\/reprografia\/","title":{"rendered":"Reprografia"},"content":{"rendered":"\t\t<div data-elementor-type=\"wp-page\" data-elementor-id=\"749\" class=\"elementor elementor-749\">\n\t\t\t\t\t\t<section class=\"elementor-section elementor-top-section elementor-element elementor-element-f0461b5 elementor-section-boxed elementor-section-height-default elementor-section-height-default\" data-id=\"f0461b5\" data-element_type=\"section\">\n\t\t\t\t\t\t<div class=\"elementor-container elementor-column-gap-default\">\n\t\t\t\t\t<div class=\"elementor-column elementor-col-100 elementor-top-column elementor-element elementor-element-e5a65e0\" data-id=\"e5a65e0\" data-element_type=\"column\">\n\t\t\t<div class=\"elementor-widget-wrap elementor-element-populated\">\n\t\t\t\t\t\t<div class=\"elementor-element elementor-element-75b41d7 elementor-widget elementor-widget-heading\" data-id=\"75b41d7\" data-element_type=\"widget\" data-widget_type=\"heading.default\">\n\t\t\t\t<div class=\"elementor-widget-container\">\n\t\t\t<style>\/*! elementor - v3.21.0 - 30-04-2024 *\/\n.elementor-heading-title{padding:0;margin:0;line-height:1}.elementor-widget-heading .elementor-heading-title[class*=elementor-size-]>a{color:inherit;font-size:inherit;line-height:inherit}.elementor-widget-heading .elementor-heading-title.elementor-size-small{font-size:15px}.elementor-widget-heading .elementor-heading-title.elementor-size-medium{font-size:19px}.elementor-widget-heading .elementor-heading-title.elementor-size-large{font-size:29px}.elementor-widget-heading .elementor-heading-title.elementor-size-xl{font-size:39px}.elementor-widget-heading .elementor-heading-title.elementor-size-xxl{font-size:59px}<\/style><h3 class=\"elementor-heading-title elementor-size-default\">Reprografia<\/h3>\t\t<\/div>\n\t\t\t\t<\/div>\n\t\t\t\t\t<\/div>\n\t\t<\/div>\n\t\t\t\t\t<\/div>\n\t\t<\/section>\n\t\t\t\t<section class=\"elementor-section elementor-top-section elementor-element elementor-element-3b23fd3 elementor-section-boxed elementor-section-height-default elementor-section-height-default\" data-id=\"3b23fd3\" data-element_type=\"section\">\n\t\t\t\t\t\t<div class=\"elementor-container elementor-column-gap-default\">\n\t\t\t\t\t<div class=\"elementor-column elementor-col-100 elementor-top-column elementor-element elementor-element-e519873\" data-id=\"e519873\" data-element_type=\"column\">\n\t\t\t<div class=\"elementor-widget-wrap elementor-element-populated\">\n\t\t\t\t\t\t<section class=\"elementor-section elementor-inner-section elementor-element elementor-element-f4b7ce6 elementor-section-boxed elementor-section-height-default elementor-section-height-default\" data-id=\"f4b7ce6\" data-element_type=\"section\">\n\t\t\t\t\t\t<div class=\"elementor-container elementor-column-gap-default\">\n\t\t\t\t\t<div class=\"elementor-column elementor-col-50 elementor-inner-column elementor-element elementor-element-7401634\" data-id=\"7401634\" data-element_type=\"column\">\n\t\t\t<div class=\"elementor-widget-wrap elementor-element-populated\">\n\t\t\t\t\t\t<div class=\"elementor-element elementor-element-9bc0754 elementor-widget elementor-widget-text-editor\" data-id=\"9bc0754\" data-element_type=\"widget\" data-widget_type=\"text-editor.default\">\n\t\t\t\t<div class=\"elementor-widget-container\">\n\t\t\t<style>\/*! elementor - v3.21.0 - 30-04-2024 *\/\n.elementor-widget-text-editor.elementor-drop-cap-view-stacked .elementor-drop-cap{background-color:#69727d;color:#fff}.elementor-widget-text-editor.elementor-drop-cap-view-framed .elementor-drop-cap{color:#69727d;border:3px solid;background-color:transparent}.elementor-widget-text-editor:not(.elementor-drop-cap-view-default) .elementor-drop-cap{margin-top:8px}.elementor-widget-text-editor:not(.elementor-drop-cap-view-default) .elementor-drop-cap-letter{width:1em;height:1em}.elementor-widget-text-editor .elementor-drop-cap{float:left;text-align:center;line-height:1;font-size:50px}.elementor-widget-text-editor .elementor-drop-cap-letter{display:inline-block}<\/style>\t\t\t\t<p>Na <strong>Reprografia<\/strong>, os alunos e docentes podem solicitar a reprodu\u00e7\u00e3o, encaderna\u00e7\u00e3o, impress\u00e3o e fotoc\u00f3pia de documentos. \u00e9, tamb\u00e9m, neste espa\u00e7o que funciona a Escola Digital (entrega e devolu\u00e7\u00e3o de <i>kits<\/i> tecnol\u00f3gicos e empr\u00e9stimo de <i>tablets<\/i> para uso pedag\u00f3gico, em sala de aula).<\/p><p><span style=\"color: #000000;\"><strong>Respons\u00e1vel:<\/strong><\/span> M\u00e1rcia Ant\u00f3nio<\/p><p><span style=\"color: #000000;\"><strong><span style=\"font-family: Poppins, Helvetica, Arial, sans-serif; font-size: 15px; font-style: normal; font-variant-ligatures: normal; font-variant-caps: normal;\">Hor\u00e1rio de funcionamento:\u00a0<\/span><\/strong><span style=\"color: #808080;\"><span style=\"font-family: Poppins, Helvetica, Arial, sans-serif; font-size: 15px; font-style: normal; font-variant-ligatures: normal; font-variant-caps: normal;\"> das <\/span><span style=\"font-family: Poppins, Helvetica, Arial, sans-serif; font-size: 15px; font-style: normal; font-variant-ligatures: normal; font-variant-caps: normal;\">09h00 \u00e0s 12h00 e das 14h00 \u00e0s 17h00.<\/span><\/span><\/span><\/p>\t\t\t\t\t\t<\/div>\n\t\t\t\t<\/div>\n\t\t\t\t\t<\/div>\n\t\t<\/div>\n\t\t\t\t<div class=\"elementor-column elementor-col-50 elementor-inner-column elementor-element elementor-element-6928d5b\" data-id=\"6928d5b\" data-element_type=\"column\">\n\t\t\t<div class=\"elementor-widget-wrap elementor-element-populated\">\n\t\t\t\t\t\t<div class=\"elementor-element elementor-element-2da873e elementor-widget__width-initial elementor-widget elementor-widget-image\" data-id=\"2da873e\" data-element_type=\"widget\" data-widget_type=\"image.default\">\n\t\t\t\t<div class=\"elementor-widget-container\">\n\t\t\t<style>\/*! elementor - v3.21.0 - 30-04-2024 *\/\n.elementor-widget-image{text-align:center}.elementor-widget-image a{display:inline-block}.elementor-widget-image a img[src$=\".svg\"]{width:48px}.elementor-widget-image img{vertical-align:middle;display:inline-block}<\/style>\t\t\t\t\t\t\t\t\t\t<img decoding=\"async\" src=\"https:\/\/sitetemp.inforabreu.pt\/dmtavira\/wp-content\/plugins\/elementor.\/assets\/images\/placeholder.png\" title=\"\" alt=\"\" loading=\"lazy\" \/>\t\t\t\t\t\t\t\t\t\t\t\t\t<\/div>\n\t\t\t\t<\/div>\n\t\t\t\t\t<\/div>\n\t\t<\/div>\n\t\t\t\t\t<\/div>\n\t\t<\/section>\n\t\t\t\t\t<\/div>\n\t\t<\/div>\n\t\t\t\t\t<\/div>\n\t\t<\/section>\n\t\t\t\t<\/div>\n\t\t","protected":false},"excerpt":{"rendered":"<p>Reprografia Na Reprografia, os alunos e docentes podem solicitar a reprodu\u00e7\u00e3o, encaderna\u00e7\u00e3o, impress\u00e3o e fotoc\u00f3pia de documentos. \u00e9, tamb\u00e9m, neste espa\u00e7o que funciona a Escola Digital<span class=\"excerpt-hellip\"> [\u2026]<\/span><\/p>\n","protected":false},"author":3,"featured_media":0,"parent":1450,"menu_order":0,"comment_status":"closed","ping_status":"closed","template":"","meta":{"footnotes":""},"class_list":["post-749","page","type-page","status-publish","hentry"],"_links":{"self":[{"href":"https:\/\/sitetemp.inforabreu.pt\/dmtavira\/wp-json\/wp\/v2\/pages\/749","targetHints":{"allow":["GET"]}}],"collection":[{"href":"https:\/\/sitetemp.inforabreu.pt\/dmtavira\/wp-json\/wp\/v2\/pages"}],"about":[{"href":"https:\/\/sitetemp.inforabreu.pt\/dmtavira\/wp-json\/wp\/v2\/types\/page"}],"author":[{"embeddable":true,"href":"https:\/\/sitetemp.inforabreu.pt\/dmtavira\/wp-json\/wp\/v2\/users\/3"}],"replies":[{"embeddable":true,"href":"https:\/\/sitetemp.inforabreu.pt\/dmtavira\/wp-json\/wp\/v2\/comments?post=749"}],"version-history":[{"count":20,"href":"https:\/\/sitetemp.inforabreu.pt\/dmtavira\/wp-json\/wp\/v2\/pages\/749\/revisions"}],"predecessor-version":[{"id":4763,"href":"https:\/\/sitetemp.inforabreu.pt\/dmtavira\/wp-json\/wp\/v2\/pages\/749\/revisions\/4763"}],"up":[{"embeddable":true,"href":"https:\/\/sitetemp.inforabreu.pt\/dmtavira\/wp-json\/wp\/v2\/pages\/1450"}],"wp:attachment":[{"href":"https:\/\/sitetemp.inforabreu.pt\/dmtavira\/wp-json\/wp\/v2\/media?parent=749"}],"curies":[{"name":"wp","href":"https:\/\/api.w.org\/{rel}","templated":true}]}}