{"id":836,"date":"2023-12-06T10:24:32","date_gmt":"2023-12-06T10:24:32","guid":{"rendered":"https:\/\/sitetemp.inforabreu.pt\/dmtavira\/?page_id=836"},"modified":"2024-10-30T12:27:55","modified_gmt":"2024-10-30T12:27:55","slug":"escola-azul","status":"publish","type":"page","link":"https:\/\/sitetemp.inforabreu.pt\/dmtavira\/projetos\/escola-azul\/","title":{"rendered":"ESCOLA AZUL"},"content":{"rendered":"\t\t<div data-elementor-type=\"wp-page\" data-elementor-id=\"836\" class=\"elementor elementor-836\">\n\t\t\t\t\t\t<section class=\"elementor-section elementor-top-section elementor-element elementor-element-f0461b5 elementor-section-boxed elementor-section-height-default elementor-section-height-default\" data-id=\"f0461b5\" data-element_type=\"section\">\n\t\t\t\t\t\t<div class=\"elementor-container elementor-column-gap-default\">\n\t\t\t\t\t<div class=\"elementor-column elementor-col-100 elementor-top-column elementor-element elementor-element-e5a65e0\" data-id=\"e5a65e0\" data-element_type=\"column\">\n\t\t\t<div class=\"elementor-widget-wrap elementor-element-populated\">\n\t\t\t\t\t\t<div class=\"elementor-element elementor-element-75b41d7 elementor-widget elementor-widget-heading\" data-id=\"75b41d7\" data-element_type=\"widget\" data-widget_type=\"heading.default\">\n\t\t\t\t<div class=\"elementor-widget-container\">\n\t\t\t<style>\/*! elementor - v3.21.0 - 30-04-2024 *\/\n.elementor-heading-title{padding:0;margin:0;line-height:1}.elementor-widget-heading .elementor-heading-title[class*=elementor-size-]>a{color:inherit;font-size:inherit;line-height:inherit}.elementor-widget-heading .elementor-heading-title.elementor-size-small{font-size:15px}.elementor-widget-heading .elementor-heading-title.elementor-size-medium{font-size:19px}.elementor-widget-heading .elementor-heading-title.elementor-size-large{font-size:29px}.elementor-widget-heading .elementor-heading-title.elementor-size-xl{font-size:39px}.elementor-widget-heading .elementor-heading-title.elementor-size-xxl{font-size:59px}<\/style><h3 class=\"elementor-heading-title elementor-size-default\">Escola Azul<\/h3>\t\t<\/div>\n\t\t\t\t<\/div>\n\t\t\t\t\t<\/div>\n\t\t<\/div>\n\t\t\t\t\t<\/div>\n\t\t<\/section>\n\t\t\t\t<section class=\"elementor-section elementor-top-section elementor-element elementor-element-3b23fd3 elementor-section-boxed elementor-section-height-default elementor-section-height-default\" data-id=\"3b23fd3\" data-element_type=\"section\">\n\t\t\t\t\t\t<div class=\"elementor-container elementor-column-gap-default\">\n\t\t\t\t\t<div class=\"elementor-column elementor-col-50 elementor-top-column elementor-element elementor-element-7401634\" data-id=\"7401634\" data-element_type=\"column\">\n\t\t\t<div class=\"elementor-widget-wrap elementor-element-populated\">\n\t\t\t\t\t\t<div class=\"elementor-element elementor-element-9bc0754 elementor-widget elementor-widget-text-editor\" data-id=\"9bc0754\" data-element_type=\"widget\" data-widget_type=\"text-editor.default\">\n\t\t\t\t<div class=\"elementor-widget-container\">\n\t\t\t<style>\/*! elementor - v3.21.0 - 30-04-2024 *\/\n.elementor-widget-text-editor.elementor-drop-cap-view-stacked .elementor-drop-cap{background-color:#69727d;color:#fff}.elementor-widget-text-editor.elementor-drop-cap-view-framed .elementor-drop-cap{color:#69727d;border:3px solid;background-color:transparent}.elementor-widget-text-editor:not(.elementor-drop-cap-view-default) .elementor-drop-cap{margin-top:8px}.elementor-widget-text-editor:not(.elementor-drop-cap-view-default) .elementor-drop-cap-letter{width:1em;height:1em}.elementor-widget-text-editor .elementor-drop-cap{float:left;text-align:center;line-height:1;font-size:50px}.elementor-widget-text-editor .elementor-drop-cap-letter{display:inline-block}<\/style>\t\t\t\t<p style=\"text-align: center;\"><span style=\"font-family: Poppins, Helvetica, Arial, sans-serif; font-size: 15px; font-style: normal; font-variant-ligatures: normal; font-variant-caps: normal; font-weight: 400; letter-spacing: 0px;\"><b>\u201cSOMOS ESCOLA AZUL\u201d<\/b><\/span><\/p><p><b>O QUE \u00c9?<\/b><\/p><p><span style=\"font-weight: 400;\">A <\/span><b>Escola Azul<\/b><span style=\"font-weight: 400;\"> \u00e9 um programa educativo do <\/span><b>Minist\u00e9rio da Economia <\/b><span style=\"font-weight: 400;\">que tem como <\/span><span style=\"font-weight: 400;\">miss\u00e3o promover a <\/span><b>Literacia do Oceano<\/b><span style=\"font-weight: 400;\">\u00a0na comunidade escolar e\u00a0criar gera\u00e7\u00f5es mais respons\u00e1veis e participativas, que contribuam para a sustentabilidade do Oceano.<\/span><\/p><p><span style=\"font-weight: 400;\">Este programa distingue e orienta as escolas que trabalham em temas ligados ao mar, criando uma comunidade que aproxima escolas, setor do mar, ind\u00fastria, munic\u00edpios, ONG&#8217;s, universidades e outras entidades com papel ativo em Literacia do Oceano.\u00a0<\/span><\/p><p><span style=\"font-weight: 400;\">Procura-se\u00a0estimular a comunidade escolar a compreender a influ\u00eancia do Oceano em n\u00f3s e a nossa influ\u00eancia no Oceano, motivando as\u00a0escolas a trabalhar o Oceano de um modo estruturado, interdisciplinar e vertical, sem se restringir ao contexto de sala de aula, e com reflexo a n\u00edvel social, quer a partir do envolvimento das comunidades locais, quer na participa\u00e7\u00e3o de diferentes parceiros. O programa Escola Azul integra ainda a\u00e7\u00f5es de educa\u00e7\u00e3o marinha multidisciplinares numa rede de parceiros diversificada dirigida \u00e0s Escolas Azuis.<\/span><\/p><p>\u00a0<\/p>\t\t\t\t\t\t<\/div>\n\t\t\t\t<\/div>\n\t\t\t\t\t<\/div>\n\t\t<\/div>\n\t\t\t\t<div class=\"elementor-column elementor-col-50 elementor-top-column elementor-element elementor-element-e519873\" data-id=\"e519873\" data-element_type=\"column\">\n\t\t\t<div class=\"elementor-widget-wrap elementor-element-populated\">\n\t\t\t\t\t\t<div class=\"elementor-element elementor-element-cc0e7fb elementor-widget elementor-widget-spacer\" data-id=\"cc0e7fb\" data-element_type=\"widget\" data-widget_type=\"spacer.default\">\n\t\t\t\t<div class=\"elementor-widget-container\">\n\t\t\t<style>\/*! elementor - v3.21.0 - 30-04-2024 *\/\n.elementor-column .elementor-spacer-inner{height:var(--spacer-size)}.e-con{--container-widget-width:100%}.e-con-inner>.elementor-widget-spacer,.e-con>.elementor-widget-spacer{width:var(--container-widget-width,var(--spacer-size));--align-self:var(--container-widget-align-self,initial);--flex-shrink:0}.e-con-inner>.elementor-widget-spacer>.elementor-widget-container,.e-con>.elementor-widget-spacer>.elementor-widget-container{height:100%;width:100%}.e-con-inner>.elementor-widget-spacer>.elementor-widget-container>.elementor-spacer,.e-con>.elementor-widget-spacer>.elementor-widget-container>.elementor-spacer{height:100%}.e-con-inner>.elementor-widget-spacer>.elementor-widget-container>.elementor-spacer>.elementor-spacer-inner,.e-con>.elementor-widget-spacer>.elementor-widget-container>.elementor-spacer>.elementor-spacer-inner{height:var(--container-widget-height,var(--spacer-size))}.e-con-inner>.elementor-widget-spacer.elementor-widget-empty,.e-con>.elementor-widget-spacer.elementor-widget-empty{position:relative;min-height:22px;min-width:22px}.e-con-inner>.elementor-widget-spacer.elementor-widget-empty .elementor-widget-empty-icon,.e-con>.elementor-widget-spacer.elementor-widget-empty .elementor-widget-empty-icon{position:absolute;top:0;bottom:0;left:0;right:0;margin:auto;padding:0;width:22px;height:22px}<\/style>\t\t<div class=\"elementor-spacer\">\n\t\t\t<div class=\"elementor-spacer-inner\"><\/div>\n\t\t<\/div>\n\t\t\t\t<\/div>\n\t\t\t\t<\/div>\n\t\t\t\t<div class=\"elementor-element elementor-element-2da873e elementor-widget__width-initial elementor-widget elementor-widget-image\" data-id=\"2da873e\" data-element_type=\"widget\" data-widget_type=\"image.default\">\n\t\t\t\t<div class=\"elementor-widget-container\">\n\t\t\t<style>\/*! elementor - v3.21.0 - 30-04-2024 *\/\n.elementor-widget-image{text-align:center}.elementor-widget-image a{display:inline-block}.elementor-widget-image a img[src$=\".svg\"]{width:48px}.elementor-widget-image img{vertical-align:middle;display:inline-block}<\/style>\t\t\t\t\t\t\t\t\t\t<img decoding=\"async\" src=\"https:\/\/sitetemp.inforabreu.pt\/dmtavira\/wp-content\/uploads\/2024\/07\/1721129126632-e1721138534634.jpg\" title=\"\" alt=\"\" loading=\"lazy\" \/>\t\t\t\t\t\t\t\t\t\t\t\t\t<\/div>\n\t\t\t\t<\/div>\n\t\t\t\t\t<\/div>\n\t\t<\/div>\n\t\t\t\t\t<\/div>\n\t\t<\/section>\n\t\t\t\t<section class=\"elementor-section elementor-top-section elementor-element elementor-element-eb6a757 elementor-section-boxed elementor-section-height-default elementor-section-height-default\" data-id=\"eb6a757\" data-element_type=\"section\">\n\t\t\t\t\t\t<div class=\"elementor-container elementor-column-gap-default\">\n\t\t\t\t\t<div class=\"elementor-column elementor-col-100 elementor-top-column elementor-element elementor-element-0090771\" data-id=\"0090771\" data-element_type=\"column\">\n\t\t\t<div class=\"elementor-widget-wrap elementor-element-populated\">\n\t\t\t\t\t\t<div class=\"elementor-element elementor-element-d1ac06d elementor-widget elementor-widget-text-editor\" data-id=\"d1ac06d\" data-element_type=\"widget\" data-widget_type=\"text-editor.default\">\n\t\t\t\t<div class=\"elementor-widget-container\">\n\t\t\t\t\t\t\t<p><span style=\"font-weight: 400;\">Atrav\u00e9s de uma aprendizagem transversal, inovadora e criativa, uma Escola Azul promove o desenvolvimento de esp\u00edrito cr\u00edtico e de iniciativa nos alunos e\u00a0incentiva-os a traduzir os seus conhecimentos em mudan\u00e7as de atitude efetivas na sua rela\u00e7\u00e3o com o Oceano.\u00a0<\/span><\/p><p><span style=\"font-weight: 400;\">O programa Escola Azul \u00e9 o foco central do cap\u00edtulo &#8220;<\/span><a href=\"https:\/\/escolaazul.pt\/escola-azul\/novidade\/artigo-da-escola-azul-lancado-em-publicacao-da-springer-dedicada-a-literacia-do-oceano\"><i><span style=\"font-weight: 400;\">Fostering Ocean-Literate Generations: The Portuguese Blue School<\/span><\/i><\/a><span style=\"font-weight: 400;\">&#8220;, lan\u00e7ado numa publica\u00e7\u00e3o da Springer sobre Literacia do Oceano, em junho de 2021.<\/span><\/p><p><strong>OBJETIVOS<\/strong><\/p><ul><li><span style=\"font-weight: 400;\">Promover a Literacia do Oceano na sociedade portuguesa \u00e0 escala nacional;<\/span><\/li><li><span style=\"font-weight: 400;\">Apoiar as escolas que trabalham no \u00e2mbito da Literacia do Oceano;<\/span><\/li><li><span style=\"font-weight: 400;\">Estimular formas de cidadania ativa, atrav\u00e9s de mudan\u00e7as de atitude efetivas dos alunos em quest\u00f5es ligadas ao Oceano;<\/span><\/li><li><span style=\"font-weight: 400;\">Reduzir as barreiras de implementa\u00e7\u00e3o de Literacia do Oceano nas escolas;<\/span><\/li><li><span style=\"font-weight: 400;\">Criar sinergias entre a comunidade educativa, as comunidades locais e os diferentes stakeholders ligados ao Mar;<\/span><\/li><li><span style=\"font-weight: 400;\">Fomentar a comunica\u00e7\u00e3o entre as diferentes institui\u00e7\u00f5escom papel ativo na educa\u00e7\u00e3o marinha, no sentido de delinear estrat\u00e9gias educativas harmonizadas;<\/span><\/li><li><span style=\"font-weight: 400;\">Valorizar as profiss\u00f5es do mar em \u00e1reas emergentes como a ci\u00eancia, tecnologia, direito, economia ou comunica\u00e7\u00e3o;<\/span><\/li><\/ul><p><b>CONCEITO<\/b><\/p><ul><li style=\"font-weight: 400;\" aria-level=\"1\"><span style=\"font-weight: 400;\">Uma Escola Azul envolve ativamente a comunidade escolar na <\/span>compreens\u00e3o da influ\u00eancia do Oceano em n\u00f3s e da nossa influ\u00eancia no Oceano. Integra a comunidade local nas suas a\u00e7\u00f5es e interage com os parceiros da rede Escola Azul.<\/li><\/ul><ul><li style=\"font-weight: 400;\" aria-level=\"1\"><span style=\"font-weight: 400;\">Uma Escola Azul incentiva os seus alunos a terem uma maior <\/span>consci\u00eancia em rela\u00e7\u00e3o ao Oceano, estimulando-os a criar la\u00e7os afetivos com o mar e a traduzir os seus conhecimentos em mudan\u00e7as de atitude efetivas que sirvam de impulso \u00e0 constru\u00e7\u00e3o de uma sociedade mais azul.<\/li><\/ul><ul><li style=\"font-weight: 400;\" aria-level=\"1\"><span style=\"font-weight: 400;\">Uma Escola Azul promove o desenvolvimento de esp\u00edrito cr\u00edtico <\/span>e de iniciativa nos alunos, bem como uma vis\u00e3o integrada e hol\u00edstica do Oceano. Cruza diferentes \u00e1reas do saber, numa aprendizagem transversal, inovadora e criativa.<\/li><\/ul>\t\t\t\t\t\t<\/div>\n\t\t\t\t<\/div>\n\t\t\t\t\t<\/div>\n\t\t<\/div>\n\t\t\t\t\t<\/div>\n\t\t<\/section>\n\t\t\t\t<section class=\"elementor-section elementor-top-section elementor-element elementor-element-e812315 elementor-section-boxed elementor-section-height-default elementor-section-height-default\" data-id=\"e812315\" data-element_type=\"section\">\n\t\t\t\t\t\t<div class=\"elementor-container elementor-column-gap-default\">\n\t\t\t\t\t<div class=\"elementor-column elementor-col-100 elementor-top-column elementor-element elementor-element-811a214\" data-id=\"811a214\" data-element_type=\"column\">\n\t\t\t<div class=\"elementor-widget-wrap elementor-element-populated\">\n\t\t\t\t\t\t<div class=\"elementor-element elementor-element-6ab7d46 elementor-widget elementor-widget-video\" data-id=\"6ab7d46\" data-element_type=\"widget\" data-settings=\"{&quot;video_type&quot;:&quot;hosted&quot;,&quot;controls&quot;:&quot;yes&quot;}\" data-widget_type=\"video.default\">\n\t\t\t\t<div class=\"elementor-widget-container\">\n\t\t\t<style>\/*! elementor - v3.21.0 - 30-04-2024 *\/\n.elementor-widget-video .elementor-widget-container{overflow:hidden;transform:translateZ(0)}.elementor-widget-video .elementor-wrapper{aspect-ratio:var(--video-aspect-ratio)}.elementor-widget-video .elementor-wrapper iframe,.elementor-widget-video .elementor-wrapper video{height:100%;width:100%;display:flex;border:none;background-color:#000}@supports not (aspect-ratio:1\/1){.elementor-widget-video .elementor-wrapper{position:relative;overflow:hidden;height:0;padding-bottom:calc(100% \/ var(--video-aspect-ratio))}.elementor-widget-video .elementor-wrapper iframe,.elementor-widget-video .elementor-wrapper video{position:absolute;top:0;right:0;bottom:0;left:0}}.elementor-widget-video .elementor-open-inline .elementor-custom-embed-image-overlay{position:absolute;top:0;right:0;bottom:0;left:0;background-size:cover;background-position:50%}.elementor-widget-video .elementor-custom-embed-image-overlay{cursor:pointer;text-align:center}.elementor-widget-video .elementor-custom-embed-image-overlay:hover .elementor-custom-embed-play i{opacity:1}.elementor-widget-video .elementor-custom-embed-image-overlay img{display:block;width:100%;aspect-ratio:var(--video-aspect-ratio);-o-object-fit:cover;object-fit:cover;-o-object-position:center center;object-position:center center}@supports not (aspect-ratio:1\/1){.elementor-widget-video .elementor-custom-embed-image-overlay{position:relative;overflow:hidden;height:0;padding-bottom:calc(100% \/ var(--video-aspect-ratio))}.elementor-widget-video .elementor-custom-embed-image-overlay img{position:absolute;top:0;right:0;bottom:0;left:0}}.elementor-widget-video .e-hosted-video .elementor-video{-o-object-fit:cover;object-fit:cover}.e-con-inner>.elementor-widget-video,.e-con>.elementor-widget-video{width:var(--container-widget-width);--flex-grow:var(--container-widget-flex-grow)}<\/style>\t\t<div class=\"e-hosted-video elementor-wrapper elementor-open-inline\">\n\t\t\t\t\t<video class=\"elementor-video\" src=\"https:\/\/sitetemp.inforabreu.pt\/dmtavira\/wp-content\/uploads\/2024\/07\/Escola-Azul-3.mp4\" controls=\"\" preload=\"metadata\" controlsList=\"nodownload\"><\/video>\n\t\t\t\t<\/div>\n\t\t\t\t<\/div>\n\t\t\t\t<\/div>\n\t\t\t\t\t<\/div>\n\t\t<\/div>\n\t\t\t\t\t<\/div>\n\t\t<\/section>\n\t\t\t\t<section class=\"elementor-section elementor-top-section elementor-element elementor-element-0c30b6f elementor-section-boxed elementor-section-height-default elementor-section-height-default\" data-id=\"0c30b6f\" data-element_type=\"section\">\n\t\t\t\t\t\t<div class=\"elementor-container elementor-column-gap-default\">\n\t\t\t\t\t<div class=\"elementor-column elementor-col-100 elementor-top-column elementor-element elementor-element-63d036c\" data-id=\"63d036c\" data-element_type=\"column\">\n\t\t\t<div class=\"elementor-widget-wrap elementor-element-populated\">\n\t\t\t\t\t\t<div class=\"elementor-element elementor-element-9bb717e elementor-arrows-position-inside elementor-widget elementor-widget-image-carousel\" data-id=\"9bb717e\" data-element_type=\"widget\" data-settings=\"{&quot;navigation&quot;:&quot;arrows&quot;,&quot;autoplay&quot;:&quot;yes&quot;,&quot;pause_on_hover&quot;:&quot;yes&quot;,&quot;pause_on_interaction&quot;:&quot;yes&quot;,&quot;autoplay_speed&quot;:5000,&quot;infinite&quot;:&quot;yes&quot;,&quot;speed&quot;:500}\" data-widget_type=\"image-carousel.default\">\n\t\t\t\t<div class=\"elementor-widget-container\">\n\t\t\t<style>\/*! elementor - v3.21.0 - 30-04-2024 *\/\n.elementor-widget-image-carousel .swiper,.elementor-widget-image-carousel .swiper-container{position:static}.elementor-widget-image-carousel .swiper-container .swiper-slide figure,.elementor-widget-image-carousel .swiper .swiper-slide figure{line-height:inherit}.elementor-widget-image-carousel .swiper-slide{text-align:center}.elementor-image-carousel-wrapper:not(.swiper-container-initialized):not(.swiper-initialized) .swiper-slide{max-width:calc(100% \/ var(--e-image-carousel-slides-to-show, 3))}<\/style>\t\t<div class=\"elementor-image-carousel-wrapper swiper\" dir=\"ltr\">\n\t\t\t<div class=\"elementor-image-carousel swiper-wrapper\" aria-live=\"off\">\n\t\t\t\t\t\t\t\t<div class=\"swiper-slide\" role=\"group\" aria-roledescription=\"slide\" aria-label=\"1 of 12\"><figure class=\"swiper-slide-inner\"><img decoding=\"async\" class=\"swiper-slide-image\" src=\"https:\/\/sitetemp.inforabreu.pt\/dmtavira\/wp-content\/uploads\/2024\/07\/IMG-1090-scaled-e1721126712870-768x576.jpg\" alt=\"IMG-1090\" \/><\/figure><\/div><div class=\"swiper-slide\" role=\"group\" aria-roledescription=\"slide\" aria-label=\"2 of 12\"><figure class=\"swiper-slide-inner\"><img decoding=\"async\" class=\"swiper-slide-image\" src=\"https:\/\/sitetemp.inforabreu.pt\/dmtavira\/wp-content\/uploads\/2024\/07\/IMG-1089-768x576.jpg\" alt=\"IMG-1089\" \/><\/figure><\/div><div class=\"swiper-slide\" role=\"group\" aria-roledescription=\"slide\" aria-label=\"3 of 12\"><figure class=\"swiper-slide-inner\"><img decoding=\"async\" class=\"swiper-slide-image\" src=\"https:\/\/sitetemp.inforabreu.pt\/dmtavira\/wp-content\/uploads\/2024\/07\/IMG-1767-768x576.jpg\" alt=\"IMG-1767\" \/><\/figure><\/div><div class=\"swiper-slide\" role=\"group\" aria-roledescription=\"slide\" aria-label=\"4 of 12\"><figure class=\"swiper-slide-inner\"><img decoding=\"async\" class=\"swiper-slide-image\" src=\"https:\/\/sitetemp.inforabreu.pt\/dmtavira\/wp-content\/uploads\/2024\/07\/IMG-1659-768x576.jpg\" alt=\"IMG-1659\" \/><\/figure><\/div><div class=\"swiper-slide\" role=\"group\" aria-roledescription=\"slide\" aria-label=\"5 of 12\"><figure class=\"swiper-slide-inner\"><img decoding=\"async\" class=\"swiper-slide-image\" src=\"https:\/\/sitetemp.inforabreu.pt\/dmtavira\/wp-content\/uploads\/2024\/07\/IMG-1331-768x576.jpg\" alt=\"IMG-1331\" \/><\/figure><\/div><div class=\"swiper-slide\" role=\"group\" aria-roledescription=\"slide\" aria-label=\"6 of 12\"><figure class=\"swiper-slide-inner\"><img decoding=\"async\" class=\"swiper-slide-image\" src=\"https:\/\/sitetemp.inforabreu.pt\/dmtavira\/wp-content\/uploads\/2024\/07\/IMG-1289-768x576.jpg\" alt=\"IMG-1289\" \/><\/figure><\/div><div class=\"swiper-slide\" role=\"group\" aria-roledescription=\"slide\" aria-label=\"7 of 12\"><figure class=\"swiper-slide-inner\"><img decoding=\"async\" class=\"swiper-slide-image\" src=\"https:\/\/sitetemp.inforabreu.pt\/dmtavira\/wp-content\/uploads\/2024\/07\/IMG-1290-768x576.jpg\" alt=\"IMG-1290\" \/><\/figure><\/div><div class=\"swiper-slide\" role=\"group\" aria-roledescription=\"slide\" aria-label=\"8 of 12\"><figure class=\"swiper-slide-inner\"><img decoding=\"async\" class=\"swiper-slide-image\" src=\"https:\/\/sitetemp.inforabreu.pt\/dmtavira\/wp-content\/uploads\/2024\/07\/IMG-1285-768x576.jpg\" alt=\"IMG-1285\" \/><\/figure><\/div><div class=\"swiper-slide\" role=\"group\" aria-roledescription=\"slide\" aria-label=\"9 of 12\"><figure class=\"swiper-slide-inner\"><img decoding=\"async\" class=\"swiper-slide-image\" src=\"https:\/\/sitetemp.inforabreu.pt\/dmtavira\/wp-content\/uploads\/2024\/07\/IMG-1092-768x576.jpg\" alt=\"IMG-1092\" \/><\/figure><\/div><div class=\"swiper-slide\" role=\"group\" aria-roledescription=\"slide\" aria-label=\"10 of 12\"><figure class=\"swiper-slide-inner\"><img decoding=\"async\" class=\"swiper-slide-image\" src=\"https:\/\/sitetemp.inforabreu.pt\/dmtavira\/wp-content\/uploads\/2024\/07\/IMG-1088-768x576.jpg\" alt=\"IMG-1088\" \/><\/figure><\/div><div class=\"swiper-slide\" role=\"group\" aria-roledescription=\"slide\" aria-label=\"11 of 12\"><figure class=\"swiper-slide-inner\"><img decoding=\"async\" class=\"swiper-slide-image\" src=\"https:\/\/sitetemp.inforabreu.pt\/dmtavira\/wp-content\/uploads\/2024\/07\/Trabalho-alusivo-Ao-Dia-Nacional-do-Mar-EB-1-de-Santo-Estevao-Professora-Mafalda-Campos-3.o-e-4.o-ano-768x576.jpg\" alt=\"Trabalho alusivo Ao Dia Nacional do Mar (EB 1 de Santo Est\u00eav\u00e3o Professora Mafalda Campos 3.\u00ba e 4.\u00ba ano)\" \/><\/figure><\/div><div class=\"swiper-slide\" role=\"group\" aria-roledescription=\"slide\" aria-label=\"12 of 12\"><figure class=\"swiper-slide-inner\"><img decoding=\"async\" class=\"swiper-slide-image\" src=\"https:\/\/sitetemp.inforabreu.pt\/dmtavira\/wp-content\/uploads\/2024\/07\/trabalho-alusivo-ao-Dia-Nacional-do-Mar-II-EB-1-de-Santa-Luzia-Professora-Ana-Guerreiro-768x576.jpg\" alt=\"trabalho alusivo ao Dia Nacional do Mar II (EB 1 de Santa Luzia Professora Ana Guerreiro)\" \/><\/figure><\/div>\t\t\t<\/div>\n\t\t\t\t\t\t\t\t\t\t\t\t<div class=\"elementor-swiper-button elementor-swiper-button-prev\" role=\"button\" tabindex=\"0\">\n\t\t\t\t\t\t<i aria-hidden=\"true\" class=\"eicon-chevron-left\"><\/i>\t\t\t\t\t<\/div>\n\t\t\t\t\t<div class=\"elementor-swiper-button elementor-swiper-button-next\" role=\"button\" tabindex=\"0\">\n\t\t\t\t\t\t<i aria-hidden=\"true\" class=\"eicon-chevron-right\"><\/i>\t\t\t\t\t<\/div>\n\t\t\t\t\n\t\t\t\t\t\t\t\t\t<\/div>\n\t\t\t\t<\/div>\n\t\t\t\t<\/div>\n\t\t\t\t\t<\/div>\n\t\t<\/div>\n\t\t\t\t\t<\/div>\n\t\t<\/section>\n\t\t\t\t<section class=\"elementor-section elementor-top-section elementor-element elementor-element-a91d00c elementor-section-boxed elementor-section-height-default elementor-section-height-default\" data-id=\"a91d00c\" data-element_type=\"section\">\n\t\t\t\t\t\t<div class=\"elementor-container elementor-column-gap-default\">\n\t\t\t\t\t<div class=\"elementor-column elementor-col-100 elementor-top-column elementor-element elementor-element-ceed2ac\" data-id=\"ceed2ac\" data-element_type=\"column\">\n\t\t\t<div class=\"elementor-widget-wrap\">\n\t\t\t\t\t\t\t<\/div>\n\t\t<\/div>\n\t\t\t\t\t<\/div>\n\t\t<\/section>\n\t\t\t\t<\/div>\n\t\t","protected":false},"excerpt":{"rendered":"<p>Escola Azul \u201cSOMOS ESCOLA AZUL\u201d O QUE \u00c9? A Escola Azul \u00e9 um programa educativo do Minist\u00e9rio da Economia que tem como miss\u00e3o promover a Literacia<span class=\"excerpt-hellip\"> [\u2026]<\/span><\/p>\n","protected":false},"author":3,"featured_media":0,"parent":834,"menu_order":0,"comment_status":"closed","ping_status":"closed","template":"","meta":{"footnotes":""},"class_list":["post-836","page","type-page","status-publish","hentry"],"_links":{"self":[{"href":"https:\/\/sitetemp.inforabreu.pt\/dmtavira\/wp-json\/wp\/v2\/pages\/836","targetHints":{"allow":["GET"]}}],"collection":[{"href":"https:\/\/sitetemp.inforabreu.pt\/dmtavira\/wp-json\/wp\/v2\/pages"}],"about":[{"href":"https:\/\/sitetemp.inforabreu.pt\/dmtavira\/wp-json\/wp\/v2\/types\/page"}],"author":[{"embeddable":true,"href":"https:\/\/sitetemp.inforabreu.pt\/dmtavira\/wp-json\/wp\/v2\/users\/3"}],"replies":[{"embeddable":true,"href":"https:\/\/sitetemp.inforabreu.pt\/dmtavira\/wp-json\/wp\/v2\/comments?post=836"}],"version-history":[{"count":61,"href":"https:\/\/sitetemp.inforabreu.pt\/dmtavira\/wp-json\/wp\/v2\/pages\/836\/revisions"}],"predecessor-version":[{"id":4613,"href":"https:\/\/sitetemp.inforabreu.pt\/dmtavira\/wp-json\/wp\/v2\/pages\/836\/revisions\/4613"}],"up":[{"embeddable":true,"href":"https:\/\/sitetemp.inforabreu.pt\/dmtavira\/wp-json\/wp\/v2\/pages\/834"}],"wp:attachment":[{"href":"https:\/\/sitetemp.inforabreu.pt\/dmtavira\/wp-json\/wp\/v2\/media?parent=836"}],"curies":[{"name":"wp","href":"https:\/\/api.w.org\/{rel}","templated":true}]}}