{"id":842,"date":"2023-12-06T10:28:23","date_gmt":"2023-12-06T10:28:23","guid":{"rendered":"https:\/\/sitetemp.inforabreu.pt\/dmtavira\/?page_id=842"},"modified":"2024-10-30T12:27:42","modified_gmt":"2024-10-30T12:27:42","slug":"clube-de-linguas-literaturas-e-linguagens-artisticas","status":"publish","type":"page","link":"https:\/\/sitetemp.inforabreu.pt\/dmtavira\/projetos\/clube-de-linguas-literaturas-e-linguagens-artisticas\/","title":{"rendered":"Clube de L\u00ednguas, Literaturas e Linguagens Art\u00edsticas"},"content":{"rendered":"\t\t<div data-elementor-type=\"wp-page\" data-elementor-id=\"842\" class=\"elementor elementor-842\">\n\t\t\t\t\t\t<section class=\"elementor-section elementor-top-section elementor-element elementor-element-f0461b5 elementor-section-boxed elementor-section-height-default elementor-section-height-default\" data-id=\"f0461b5\" data-element_type=\"section\">\n\t\t\t\t\t\t<div class=\"elementor-container elementor-column-gap-default\">\n\t\t\t\t\t<div class=\"elementor-column elementor-col-100 elementor-top-column elementor-element elementor-element-e5a65e0\" data-id=\"e5a65e0\" data-element_type=\"column\">\n\t\t\t<div class=\"elementor-widget-wrap elementor-element-populated\">\n\t\t\t\t\t\t<div class=\"elementor-element elementor-element-75b41d7 elementor-widget elementor-widget-heading\" data-id=\"75b41d7\" data-element_type=\"widget\" data-widget_type=\"heading.default\">\n\t\t\t\t<div class=\"elementor-widget-container\">\n\t\t\t<style>\/*! elementor - v3.21.0 - 30-04-2024 *\/\n.elementor-heading-title{padding:0;margin:0;line-height:1}.elementor-widget-heading .elementor-heading-title[class*=elementor-size-]>a{color:inherit;font-size:inherit;line-height:inherit}.elementor-widget-heading .elementor-heading-title.elementor-size-small{font-size:15px}.elementor-widget-heading .elementor-heading-title.elementor-size-medium{font-size:19px}.elementor-widget-heading .elementor-heading-title.elementor-size-large{font-size:29px}.elementor-widget-heading .elementor-heading-title.elementor-size-xl{font-size:39px}.elementor-widget-heading .elementor-heading-title.elementor-size-xxl{font-size:59px}<\/style><h3 class=\"elementor-heading-title elementor-size-default\">Clube de L\u00ednguas, Literaturas e Linguagens Art\u00edsticas (3LA)<\/h3>\t\t<\/div>\n\t\t\t\t<\/div>\n\t\t\t\t\t<\/div>\n\t\t<\/div>\n\t\t\t\t\t<\/div>\n\t\t<\/section>\n\t\t\t\t<section class=\"elementor-section elementor-top-section elementor-element elementor-element-3b23fd3 elementor-section-boxed elementor-section-height-default elementor-section-height-default\" data-id=\"3b23fd3\" data-element_type=\"section\">\n\t\t\t\t\t\t<div class=\"elementor-container elementor-column-gap-default\">\n\t\t\t\t\t<div class=\"elementor-column elementor-col-100 elementor-top-column elementor-element elementor-element-e519873\" data-id=\"e519873\" data-element_type=\"column\">\n\t\t\t<div class=\"elementor-widget-wrap elementor-element-populated\">\n\t\t\t\t\t\t<section class=\"elementor-section elementor-inner-section elementor-element elementor-element-f4b7ce6 elementor-section-boxed elementor-section-height-default elementor-section-height-default\" data-id=\"f4b7ce6\" data-element_type=\"section\">\n\t\t\t\t\t\t<div class=\"elementor-container elementor-column-gap-default\">\n\t\t\t\t\t<div class=\"elementor-column elementor-col-50 elementor-inner-column elementor-element elementor-element-7401634\" data-id=\"7401634\" data-element_type=\"column\">\n\t\t\t<div class=\"elementor-widget-wrap elementor-element-populated\">\n\t\t\t\t\t\t<div class=\"elementor-element elementor-element-9bc0754 elementor-widget elementor-widget-text-editor\" data-id=\"9bc0754\" data-element_type=\"widget\" data-widget_type=\"text-editor.default\">\n\t\t\t\t<div class=\"elementor-widget-container\">\n\t\t\t<style>\/*! elementor - v3.21.0 - 30-04-2024 *\/\n.elementor-widget-text-editor.elementor-drop-cap-view-stacked .elementor-drop-cap{background-color:#69727d;color:#fff}.elementor-widget-text-editor.elementor-drop-cap-view-framed .elementor-drop-cap{color:#69727d;border:3px solid;background-color:transparent}.elementor-widget-text-editor:not(.elementor-drop-cap-view-default) .elementor-drop-cap{margin-top:8px}.elementor-widget-text-editor:not(.elementor-drop-cap-view-default) .elementor-drop-cap-letter{width:1em;height:1em}.elementor-widget-text-editor .elementor-drop-cap{float:left;text-align:center;line-height:1;font-size:50px}.elementor-widget-text-editor .elementor-drop-cap-letter{display:inline-block}<\/style>\t\t\t\t<p><span style=\"font-weight: 400;\">Este clube pretende ser um espa\u00e7o para o desenvolvimento de diversas l\u00ednguas, ligando-as \u00e0 literatura (poesia, conto) em articula\u00e7\u00e3o com diversas linguagens art\u00edsticas (dan\u00e7a, teatro, performance, etc.). As atividades ser\u00e3o planificadas de acordo com as necessidades e vontade dos alunos participantes e dever\u00e3o ser apresentadas \u00e0s comunidades educativa e local, contribuindo para a integra\u00e7\u00e3o da escola na comunidade. Funciona \u00e0s quartas-feiras \u00e0 tarde e destina-se a alunos do 3\u00baciclo.<\/span><\/p>\t\t\t\t\t\t<\/div>\n\t\t\t\t<\/div>\n\t\t\t\t\t<\/div>\n\t\t<\/div>\n\t\t\t\t<div class=\"elementor-column elementor-col-50 elementor-inner-column elementor-element elementor-element-6928d5b\" data-id=\"6928d5b\" data-element_type=\"column\">\n\t\t\t<div class=\"elementor-widget-wrap elementor-element-populated\">\n\t\t\t\t\t\t<div class=\"elementor-element elementor-element-2da873e elementor-widget__width-initial elementor-widget elementor-widget-image\" data-id=\"2da873e\" data-element_type=\"widget\" data-widget_type=\"image.default\">\n\t\t\t\t<div class=\"elementor-widget-container\">\n\t\t\t<style>\/*! elementor - v3.21.0 - 30-04-2024 *\/\n.elementor-widget-image{text-align:center}.elementor-widget-image a{display:inline-block}.elementor-widget-image a img[src$=\".svg\"]{width:48px}.elementor-widget-image img{vertical-align:middle;display:inline-block}<\/style>\t\t\t\t\t\t\t\t\t\t<img fetchpriority=\"high\" decoding=\"async\" width=\"1024\" height=\"1024\" src=\"https:\/\/sitetemp.inforabreu.pt\/dmtavira\/wp-content\/uploads\/2024\/10\/c_linguas.webp\" class=\"attachment-large size-large wp-image-4885\" alt=\"\" srcset=\"https:\/\/sitetemp.inforabreu.pt\/dmtavira\/wp-content\/uploads\/2024\/10\/c_linguas.webp 1024w, https:\/\/sitetemp.inforabreu.pt\/dmtavira\/wp-content\/uploads\/2024\/10\/c_linguas-300x300.webp 300w, https:\/\/sitetemp.inforabreu.pt\/dmtavira\/wp-content\/uploads\/2024\/10\/c_linguas-150x150.webp 150w, https:\/\/sitetemp.inforabreu.pt\/dmtavira\/wp-content\/uploads\/2024\/10\/c_linguas-768x768.webp 768w, https:\/\/sitetemp.inforabreu.pt\/dmtavira\/wp-content\/uploads\/2024\/10\/c_linguas-146x146.webp 146w, https:\/\/sitetemp.inforabreu.pt\/dmtavira\/wp-content\/uploads\/2024\/10\/c_linguas-50x50.webp 50w, https:\/\/sitetemp.inforabreu.pt\/dmtavira\/wp-content\/uploads\/2024\/10\/c_linguas-75x75.webp 75w, https:\/\/sitetemp.inforabreu.pt\/dmtavira\/wp-content\/uploads\/2024\/10\/c_linguas-85x85.webp 85w, https:\/\/sitetemp.inforabreu.pt\/dmtavira\/wp-content\/uploads\/2024\/10\/c_linguas-80x80.webp 80w\" sizes=\"(max-width: 1024px) 100vw, 1024px\" \/>\t\t\t\t\t\t\t\t\t\t\t\t\t<\/div>\n\t\t\t\t<\/div>\n\t\t\t\t\t<\/div>\n\t\t<\/div>\n\t\t\t\t\t<\/div>\n\t\t<\/section>\n\t\t\t\t\t<\/div>\n\t\t<\/div>\n\t\t\t\t\t<\/div>\n\t\t<\/section>\n\t\t\t\t<\/div>\n\t\t","protected":false},"excerpt":{"rendered":"<p>Clube de L\u00ednguas, Literaturas e Linguagens Art\u00edsticas (3LA) Este clube pretende ser um espa\u00e7o para o desenvolvimento de diversas l\u00ednguas, ligando-as \u00e0 literatura (poesia, conto) em<span class=\"excerpt-hellip\"> [\u2026]<\/span><\/p>\n","protected":false},"author":3,"featured_media":0,"parent":834,"menu_order":0,"comment_status":"closed","ping_status":"closed","template":"","meta":{"footnotes":""},"class_list":["post-842","page","type-page","status-publish","hentry"],"_links":{"self":[{"href":"https:\/\/sitetemp.inforabreu.pt\/dmtavira\/wp-json\/wp\/v2\/pages\/842","targetHints":{"allow":["GET"]}}],"collection":[{"href":"https:\/\/sitetemp.inforabreu.pt\/dmtavira\/wp-json\/wp\/v2\/pages"}],"about":[{"href":"https:\/\/sitetemp.inforabreu.pt\/dmtavira\/wp-json\/wp\/v2\/types\/page"}],"author":[{"embeddable":true,"href":"https:\/\/sitetemp.inforabreu.pt\/dmtavira\/wp-json\/wp\/v2\/users\/3"}],"replies":[{"embeddable":true,"href":"https:\/\/sitetemp.inforabreu.pt\/dmtavira\/wp-json\/wp\/v2\/comments?post=842"}],"version-history":[{"count":22,"href":"https:\/\/sitetemp.inforabreu.pt\/dmtavira\/wp-json\/wp\/v2\/pages\/842\/revisions"}],"predecessor-version":[{"id":4888,"href":"https:\/\/sitetemp.inforabreu.pt\/dmtavira\/wp-json\/wp\/v2\/pages\/842\/revisions\/4888"}],"up":[{"embeddable":true,"href":"https:\/\/sitetemp.inforabreu.pt\/dmtavira\/wp-json\/wp\/v2\/pages\/834"}],"wp:attachment":[{"href":"https:\/\/sitetemp.inforabreu.pt\/dmtavira\/wp-json\/wp\/v2\/media?parent=842"}],"curies":[{"name":"wp","href":"https:\/\/api.w.org\/{rel}","templated":true}]}}