{"id":848,"date":"2023-12-06T10:39:40","date_gmt":"2023-12-06T10:39:40","guid":{"rendered":"https:\/\/sitetemp.inforabreu.pt\/dmtavira\/?page_id=848"},"modified":"2024-10-30T12:27:55","modified_gmt":"2024-10-30T12:27:55","slug":"plano-de-educacao-para-a-saude","status":"publish","type":"page","link":"https:\/\/sitetemp.inforabreu.pt\/dmtavira\/projetos\/plano-de-educacao-para-a-saude\/","title":{"rendered":"PROJETO DE EDUCA\u00c7\u00c3O PARA A SA\u00daDE"},"content":{"rendered":"\t\t<div data-elementor-type=\"wp-page\" data-elementor-id=\"848\" class=\"elementor elementor-848\">\n\t\t\t\t\t\t<section class=\"elementor-section elementor-top-section elementor-element elementor-element-f0461b5 elementor-section-boxed elementor-section-height-default elementor-section-height-default\" data-id=\"f0461b5\" data-element_type=\"section\">\n\t\t\t\t\t\t<div class=\"elementor-container elementor-column-gap-default\">\n\t\t\t\t\t<div class=\"elementor-column elementor-col-100 elementor-top-column elementor-element elementor-element-e5a65e0\" data-id=\"e5a65e0\" data-element_type=\"column\">\n\t\t\t<div class=\"elementor-widget-wrap elementor-element-populated\">\n\t\t\t\t\t\t<div class=\"elementor-element elementor-element-75b41d7 elementor-widget elementor-widget-heading\" data-id=\"75b41d7\" data-element_type=\"widget\" data-widget_type=\"heading.default\">\n\t\t\t\t<div class=\"elementor-widget-container\">\n\t\t\t<style>\/*! elementor - v3.21.0 - 30-04-2024 *\/\n.elementor-heading-title{padding:0;margin:0;line-height:1}.elementor-widget-heading .elementor-heading-title[class*=elementor-size-]>a{color:inherit;font-size:inherit;line-height:inherit}.elementor-widget-heading .elementor-heading-title.elementor-size-small{font-size:15px}.elementor-widget-heading .elementor-heading-title.elementor-size-medium{font-size:19px}.elementor-widget-heading .elementor-heading-title.elementor-size-large{font-size:29px}.elementor-widget-heading .elementor-heading-title.elementor-size-xl{font-size:39px}.elementor-widget-heading .elementor-heading-title.elementor-size-xxl{font-size:59px}<\/style><h3 class=\"elementor-heading-title elementor-size-default\">Projeto de Educa\u00e7\u00e3o para a Sa\u00fade<\/h3>\t\t<\/div>\n\t\t\t\t<\/div>\n\t\t\t\t\t<\/div>\n\t\t<\/div>\n\t\t\t\t\t<\/div>\n\t\t<\/section>\n\t\t\t\t<section class=\"elementor-section elementor-top-section elementor-element elementor-element-29def17 elementor-section-boxed elementor-section-height-default elementor-section-height-default\" data-id=\"29def17\" data-element_type=\"section\">\n\t\t\t\t\t\t<div class=\"elementor-container elementor-column-gap-default\">\n\t\t\t\t\t<div class=\"elementor-column elementor-col-100 elementor-top-column elementor-element elementor-element-6137446\" data-id=\"6137446\" data-element_type=\"column\">\n\t\t\t<div class=\"elementor-widget-wrap elementor-element-populated\">\n\t\t\t\t\t\t<div class=\"elementor-element elementor-element-991607a elementor-widget elementor-widget-heading\" data-id=\"991607a\" data-element_type=\"widget\" data-widget_type=\"heading.default\">\n\t\t\t\t<div class=\"elementor-widget-container\">\n\t\t\t<h4 class=\"elementor-heading-title elementor-size-default\">Mais Sa\u00fade, Mais Educa\u00e7\u00e3o, Mais Vida<\/h4>\t\t<\/div>\n\t\t\t\t<\/div>\n\t\t\t\t\t<\/div>\n\t\t<\/div>\n\t\t\t\t\t<\/div>\n\t\t<\/section>\n\t\t\t\t<section class=\"elementor-section elementor-top-section elementor-element elementor-element-3b23fd3 elementor-section-boxed elementor-section-height-default elementor-section-height-default\" data-id=\"3b23fd3\" data-element_type=\"section\">\n\t\t\t\t\t\t<div class=\"elementor-container elementor-column-gap-default\">\n\t\t\t\t\t<div class=\"elementor-column elementor-col-100 elementor-top-column elementor-element elementor-element-e519873\" data-id=\"e519873\" data-element_type=\"column\">\n\t\t\t<div class=\"elementor-widget-wrap elementor-element-populated\">\n\t\t\t\t\t\t<section class=\"elementor-section elementor-inner-section elementor-element elementor-element-f4b7ce6 elementor-section-boxed elementor-section-height-default elementor-section-height-default\" data-id=\"f4b7ce6\" data-element_type=\"section\">\n\t\t\t\t\t\t<div class=\"elementor-container elementor-column-gap-default\">\n\t\t\t\t\t<div class=\"elementor-column elementor-col-50 elementor-inner-column elementor-element elementor-element-7401634\" data-id=\"7401634\" data-element_type=\"column\">\n\t\t\t<div class=\"elementor-widget-wrap elementor-element-populated\">\n\t\t\t\t\t\t<div class=\"elementor-element elementor-element-9bc0754 elementor-widget elementor-widget-text-editor\" data-id=\"9bc0754\" data-element_type=\"widget\" data-widget_type=\"text-editor.default\">\n\t\t\t\t<div class=\"elementor-widget-container\">\n\t\t\t<style>\/*! elementor - v3.21.0 - 30-04-2024 *\/\n.elementor-widget-text-editor.elementor-drop-cap-view-stacked .elementor-drop-cap{background-color:#69727d;color:#fff}.elementor-widget-text-editor.elementor-drop-cap-view-framed .elementor-drop-cap{color:#69727d;border:3px solid;background-color:transparent}.elementor-widget-text-editor:not(.elementor-drop-cap-view-default) .elementor-drop-cap{margin-top:8px}.elementor-widget-text-editor:not(.elementor-drop-cap-view-default) .elementor-drop-cap-letter{width:1em;height:1em}.elementor-widget-text-editor .elementor-drop-cap{float:left;text-align:center;line-height:1;font-size:50px}.elementor-widget-text-editor .elementor-drop-cap-letter{display:inline-block}<\/style>\t\t\t\t<p><span style=\"font-weight: 400;\">A Educa\u00e7\u00e3o para a Sa\u00fade assume um papel fundamental nas nossas escolas com o objetivo de melhorar o n\u00edvel de literacia em sa\u00fade de todos os elementos da comunidade escolar, com foco na preven\u00e7\u00e3o de comportamentos de risco. Neste sentido, s\u00e3o dinamizadas diversas atividades em parceria com o Centro de Sa\u00fade de Tavira, a Associa\u00e7\u00e3o Portuguesa de Apoio \u00e0 V\u00edtima, a Associa\u00e7\u00e3o para o Planeamento da Fam\u00edlia, a Comiss\u00e3o de Prote\u00e7\u00e3o de Crian\u00e7as e Jovens, a Pol\u00edcia Judici\u00e1ria, a Pol\u00edcia de Seguran\u00e7a P\u00fablica, a Guarda Nacional Republicana, os Bombeiros Municipais, a Prote\u00e7\u00e3o Civil, o Centro de Ci\u00eancia Viva e a Universidade do Algarve.<\/span><\/p><p><span style=\"font-weight: 400;\">A nossa coordenadora do projeto PES, professora Rita Lopes, integra a Equipa +Sa\u00fade, +Educa\u00e7\u00e3o, +Vida onde s\u00e3o planificadas e articuladas todas as atividades desenvolvidas de forma a dar resposta \u00e0s necessidades espec\u00edficas dos nossos alunos.<\/span><\/p>\t\t\t\t\t\t<\/div>\n\t\t\t\t<\/div>\n\t\t\t\t\t<\/div>\n\t\t<\/div>\n\t\t\t\t<div class=\"elementor-column elementor-col-50 elementor-inner-column elementor-element elementor-element-6928d5b\" data-id=\"6928d5b\" data-element_type=\"column\">\n\t\t\t<div class=\"elementor-widget-wrap elementor-element-populated\">\n\t\t\t\t\t\t<div class=\"elementor-element elementor-element-2da873e elementor-widget__width-initial elementor-widget elementor-widget-image\" data-id=\"2da873e\" data-element_type=\"widget\" data-widget_type=\"image.default\">\n\t\t\t\t<div class=\"elementor-widget-container\">\n\t\t\t<style>\/*! elementor - v3.21.0 - 30-04-2024 *\/\n.elementor-widget-image{text-align:center}.elementor-widget-image a{display:inline-block}.elementor-widget-image a img[src$=\".svg\"]{width:48px}.elementor-widget-image img{vertical-align:middle;display:inline-block}<\/style>\t\t\t\t\t\t\t\t\t\t<img fetchpriority=\"high\" decoding=\"async\" width=\"1024\" height=\"918\" src=\"https:\/\/sitetemp.inforabreu.pt\/dmtavira\/wp-content\/uploads\/2024\/07\/seguranca-e-saude-e1721296635542-1024x918.jpg\" class=\"attachment-large size-large wp-image-4272\" alt=\"\" srcset=\"https:\/\/sitetemp.inforabreu.pt\/dmtavira\/wp-content\/uploads\/2024\/07\/seguranca-e-saude-e1721296635542-1024x918.jpg 1024w, https:\/\/sitetemp.inforabreu.pt\/dmtavira\/wp-content\/uploads\/2024\/07\/seguranca-e-saude-e1721296635542-300x269.jpg 300w, https:\/\/sitetemp.inforabreu.pt\/dmtavira\/wp-content\/uploads\/2024\/07\/seguranca-e-saude-e1721296635542-768x689.jpg 768w, https:\/\/sitetemp.inforabreu.pt\/dmtavira\/wp-content\/uploads\/2024\/07\/seguranca-e-saude-e1721296635542-1536x1378.jpg 1536w, https:\/\/sitetemp.inforabreu.pt\/dmtavira\/wp-content\/uploads\/2024\/07\/seguranca-e-saude-e1721296635542-163x146.jpg 163w, https:\/\/sitetemp.inforabreu.pt\/dmtavira\/wp-content\/uploads\/2024\/07\/seguranca-e-saude-e1721296635542-50x45.jpg 50w, https:\/\/sitetemp.inforabreu.pt\/dmtavira\/wp-content\/uploads\/2024\/07\/seguranca-e-saude-e1721296635542-84x75.jpg 84w, https:\/\/sitetemp.inforabreu.pt\/dmtavira\/wp-content\/uploads\/2024\/07\/seguranca-e-saude-e1721296635542.jpg 1601w\" sizes=\"(max-width: 1024px) 100vw, 1024px\" \/>\t\t\t\t\t\t\t\t\t\t\t\t\t<\/div>\n\t\t\t\t<\/div>\n\t\t\t\t\t<\/div>\n\t\t<\/div>\n\t\t\t\t\t<\/div>\n\t\t<\/section>\n\t\t\t\t\t<\/div>\n\t\t<\/div>\n\t\t\t\t\t<\/div>\n\t\t<\/section>\n\t\t\t\t<section class=\"elementor-section elementor-top-section elementor-element elementor-element-984d203 elementor-section-boxed elementor-section-height-default elementor-section-height-default\" data-id=\"984d203\" data-element_type=\"section\">\n\t\t\t\t\t\t<div class=\"elementor-container elementor-column-gap-default\">\n\t\t\t\t\t<div class=\"elementor-column elementor-col-25 elementor-top-column elementor-element elementor-element-f529a4a\" data-id=\"f529a4a\" data-element_type=\"column\">\n\t\t\t<div class=\"elementor-widget-wrap elementor-element-populated\">\n\t\t\t\t\t\t<div class=\"elementor-element elementor-element-cb41795 elementor-button-info elementor-align-center elementor-widget__width-initial elementor-widget elementor-widget-button\" data-id=\"cb41795\" data-element_type=\"widget\" data-widget_type=\"button.default\">\n\t\t\t\t<div class=\"elementor-widget-container\">\n\t\t\t\t\t<div class=\"elementor-button-wrapper\">\n\t\t\t<a class=\"elementor-button elementor-button-link elementor-size-sm\" href=\"https:\/\/sitetemp.inforabreu.pt\/dmtavira\/wp-content\/uploads\/2024\/07\/Referencial-de-Educacao-para-a-Saude-junho2017.pdf\" target=\"_blank\">\n\t\t\t\t\t\t<span class=\"elementor-button-content-wrapper\">\n\t\t\t\t\t\t\t\t\t<span class=\"elementor-button-text\">Referencial de Educa\u00e7\u00e3o para a Sa\u00fade<\/span>\n\t\t\t\t\t<\/span>\n\t\t\t\t\t<\/a>\n\t\t<\/div>\n\t\t\t\t<\/div>\n\t\t\t\t<\/div>\n\t\t\t\t\t<\/div>\n\t\t<\/div>\n\t\t\t\t<div class=\"elementor-column elementor-col-25 elementor-top-column elementor-element elementor-element-bd9ec3e\" data-id=\"bd9ec3e\" data-element_type=\"column\">\n\t\t\t<div class=\"elementor-widget-wrap elementor-element-populated\">\n\t\t\t\t\t\t<div class=\"elementor-element elementor-element-52725a9 elementor-button-success elementor-align-center elementor-widget__width-initial elementor-widget elementor-widget-button\" data-id=\"52725a9\" data-element_type=\"widget\" data-widget_type=\"button.default\">\n\t\t\t\t<div class=\"elementor-widget-container\">\n\t\t\t\t\t<div class=\"elementor-button-wrapper\">\n\t\t\t<a class=\"elementor-button elementor-button-link elementor-size-sm\" href=\"https:\/\/sitetemp.inforabreu.pt\/dmtavira\/wp-content\/uploads\/2024\/07\/Programa-Nacional-de-Saude-Eescolar-2015-1.pdf\" target=\"_blank\">\n\t\t\t\t\t\t<span class=\"elementor-button-content-wrapper\">\n\t\t\t\t\t\t\t\t\t<span class=\"elementor-button-text\">Programa Nacional de Sa\u00fade Escolar<\/span>\n\t\t\t\t\t<\/span>\n\t\t\t\t\t<\/a>\n\t\t<\/div>\n\t\t\t\t<\/div>\n\t\t\t\t<\/div>\n\t\t\t\t\t<\/div>\n\t\t<\/div>\n\t\t\t\t<div class=\"elementor-column elementor-col-25 elementor-top-column elementor-element elementor-element-760ccd1\" data-id=\"760ccd1\" data-element_type=\"column\">\n\t\t\t<div class=\"elementor-widget-wrap elementor-element-populated\">\n\t\t\t\t\t\t<div class=\"elementor-element elementor-element-0957b96 elementor-button-warning elementor-align-center elementor-widget__width-initial elementor-widget elementor-widget-button\" data-id=\"0957b96\" data-element_type=\"widget\" data-widget_type=\"button.default\">\n\t\t\t\t<div class=\"elementor-widget-container\">\n\t\t\t\t\t<div class=\"elementor-button-wrapper\">\n\t\t\t<a class=\"elementor-button elementor-button-link elementor-size-sm\" href=\"#\">\n\t\t\t\t\t\t<span class=\"elementor-button-content-wrapper\">\n\t\t\t\t\t\t\t\t\t<span class=\"elementor-button-text\">Protocolo de Atua\u00e7\u00e3o em situa\u00e7\u00f5es de emerg\u00eancia<\/span>\n\t\t\t\t\t<\/span>\n\t\t\t\t\t<\/a>\n\t\t<\/div>\n\t\t\t\t<\/div>\n\t\t\t\t<\/div>\n\t\t\t\t\t<\/div>\n\t\t<\/div>\n\t\t\t\t<div class=\"elementor-column elementor-col-25 elementor-top-column elementor-element elementor-element-4c3e5af\" data-id=\"4c3e5af\" data-element_type=\"column\">\n\t\t\t<div class=\"elementor-widget-wrap elementor-element-populated\">\n\t\t\t\t\t\t<div class=\"elementor-element elementor-element-d28a496 elementor-align-center elementor-widget__width-initial elementor-widget elementor-widget-button\" data-id=\"d28a496\" data-element_type=\"widget\" data-widget_type=\"button.default\">\n\t\t\t\t<div class=\"elementor-widget-container\">\n\t\t\t\t\t<div class=\"elementor-button-wrapper\">\n\t\t\t<a class=\"elementor-button elementor-button-link elementor-size-sm\" href=\"#\">\n\t\t\t\t\t\t<span class=\"elementor-button-content-wrapper\">\n\t\t\t\t\t\t\t\t\t<span class=\"elementor-button-text\">Plano de atividades                                                                2024\/2025<\/span>\n\t\t\t\t\t<\/span>\n\t\t\t\t\t<\/a>\n\t\t<\/div>\n\t\t\t\t<\/div>\n\t\t\t\t<\/div>\n\t\t\t\t\t<\/div>\n\t\t<\/div>\n\t\t\t\t\t<\/div>\n\t\t<\/section>\n\t\t\t\t<section class=\"elementor-section elementor-top-section elementor-element elementor-element-bf77d02 elementor-section-boxed elementor-section-height-default elementor-section-height-default\" data-id=\"bf77d02\" data-element_type=\"section\">\n\t\t\t\t\t\t<div class=\"elementor-container elementor-column-gap-default\">\n\t\t\t\t\t<div class=\"elementor-column elementor-col-100 elementor-top-column elementor-element elementor-element-8540f59\" data-id=\"8540f59\" data-element_type=\"column\">\n\t\t\t<div class=\"elementor-widget-wrap elementor-element-populated\">\n\t\t\t\t\t\t<div class=\"elementor-element elementor-element-85b9802 elementor-widget elementor-widget-text-editor\" data-id=\"85b9802\" data-element_type=\"widget\" data-widget_type=\"text-editor.default\">\n\t\t\t\t<div class=\"elementor-widget-container\">\n\t\t\t\t\t\t\t<h5 style=\"text-align: center;\"><b>TEM\u00c1TICAS DE EDUCA\u00c7\u00c3O PARA A SA\u00daDE POR ANO DE ESCOLARIDADE<\/b><\/h5><table><tbody><tr><td><b>5.\u00ba Ano<\/b><\/td><td><span style=\"font-weight: 400;\">O impacto das tecnologias na sa\u00fade<\/span><\/td><\/tr><tr><td><b>6.\u00ba Ano<\/b><\/td><td><span style=\"font-weight: 400;\">Alimenta\u00e7\u00e3o saud\u00e1vel<\/span><\/td><\/tr><tr><td><b>7.\u00ba Ano<\/b><\/td><td><span style=\"font-weight: 400;\">Comunica\u00e7\u00e3o n\u00e3o violenta \/ lidar com a frustra\u00e7\u00e3o<\/span><\/td><\/tr><tr><td><b>8.\u00ba Ano<\/b><\/td><td><span style=\"font-weight: 400;\">Depend\u00eancias<\/span><\/td><\/tr><tr><td><b>9.\u00ba Ano<\/b><\/td><td><span style=\"font-weight: 400;\">Sexualidade e m\u00e9todos contracetivos<\/span><\/td><\/tr><\/tbody><\/table>\t\t\t\t\t\t<\/div>\n\t\t\t\t<\/div>\n\t\t\t\t\t<\/div>\n\t\t<\/div>\n\t\t\t\t\t<\/div>\n\t\t<\/section>\n\t\t\t\t<\/div>\n\t\t","protected":false},"excerpt":{"rendered":"<p>Projeto de Educa\u00e7\u00e3o para a Sa\u00fade Mais Sa\u00fade, Mais Educa\u00e7\u00e3o, Mais Vida A Educa\u00e7\u00e3o para a Sa\u00fade assume um papel fundamental nas nossas escolas com o<span class=\"excerpt-hellip\"> [\u2026]<\/span><\/p>\n","protected":false},"author":3,"featured_media":0,"parent":834,"menu_order":0,"comment_status":"closed","ping_status":"closed","template":"","meta":{"footnotes":""},"class_list":["post-848","page","type-page","status-publish","hentry"],"_links":{"self":[{"href":"https:\/\/sitetemp.inforabreu.pt\/dmtavira\/wp-json\/wp\/v2\/pages\/848","targetHints":{"allow":["GET"]}}],"collection":[{"href":"https:\/\/sitetemp.inforabreu.pt\/dmtavira\/wp-json\/wp\/v2\/pages"}],"about":[{"href":"https:\/\/sitetemp.inforabreu.pt\/dmtavira\/wp-json\/wp\/v2\/types\/page"}],"author":[{"embeddable":true,"href":"https:\/\/sitetemp.inforabreu.pt\/dmtavira\/wp-json\/wp\/v2\/users\/3"}],"replies":[{"embeddable":true,"href":"https:\/\/sitetemp.inforabreu.pt\/dmtavira\/wp-json\/wp\/v2\/comments?post=848"}],"version-history":[{"count":86,"href":"https:\/\/sitetemp.inforabreu.pt\/dmtavira\/wp-json\/wp\/v2\/pages\/848\/revisions"}],"predecessor-version":[{"id":4874,"href":"https:\/\/sitetemp.inforabreu.pt\/dmtavira\/wp-json\/wp\/v2\/pages\/848\/revisions\/4874"}],"up":[{"embeddable":true,"href":"https:\/\/sitetemp.inforabreu.pt\/dmtavira\/wp-json\/wp\/v2\/pages\/834"}],"wp:attachment":[{"href":"https:\/\/sitetemp.inforabreu.pt\/dmtavira\/wp-json\/wp\/v2\/media?parent=848"}],"curies":[{"name":"wp","href":"https:\/\/api.w.org\/{rel}","templated":true}]}}